{"id":676065,"date":"2025-06-13T12:50:16","date_gmt":"2025-06-13T09:50:16","guid":{"rendered":"https:\/\/nextsnkr.com\/product\/ugg-neumel-no-logo-grey\/"},"modified":"2026-01-30T15:26:13","modified_gmt":"2026-01-30T12:26:13","slug":"ugg-neumel-no-logo-grey","status":"publish","type":"product","link":"https:\/\/nextsnkr.com\/et\/toode\/ugg-neumel-no-logo-grey\/","title":{"rendered":"Ugg Neumel No Logo Grey &#8211; meeste \u00f6ko-nahast tekstiilist saapad"},"content":{"rendered":"<h2>Ugg Neumel No Logo Grey &#8211; meeste \u00f6ko-nahast tekstiilist saapad<\/h2>\n<p>Ugg Neumel No Logo Grey on stiilsed meeste saapad, mis on valmistatud tekstiili ja \u00f6ko-naha kombinatsioonist. Kerged, mugavad ja mitmek\u00fclgsed, sobivad ideaalselt igap\u00e4evaseks kandmiseks linnas. Pehme sisevooder pakub mugavust ja kulumiskindel tald tagab usaldusv\u00e4\u00e4rse toe k\u00f5ndimise ajal. Vietnami tootmine kinnitab mudeli kvaliteeti ja pikaealisust. Valige Ugg Neumel No Logo Grey, kui hindate minimalismi, mugavust ja kaasaegset stiili.<\/p>\n","protected":false},"excerpt":{"rendered":"<p>Ugg Neumel No Logo Grey on stiilsed meeste saapad, mis on valmistatud tekstiili ja \u00f6ko-naha kombinatsioonist. Kerged, mugavad ja mitmek\u00fclgsed, sobivad ideaalselt igap\u00e4evaseks kandmiseks linnas. Pehme sisevooder pakub mugavust ja kulumiskindel tald tagab usaldusv\u00e4\u00e4rse toe k\u00f5ndimise ajal. Vietnami tootmine kinnitab mudeli kvaliteeti ja pikaealisust. Valige Ugg Neumel No Logo Grey, kui hindate minimalismi, mugavust ja kaasaegset stiili.<\/p>\n","protected":false},"featured_media":676069,"comment_status":"open","ping_status":"open","template":"","meta":[],"product_brand":[],"product_cat":[3406,3186],"product_tag":[],"class_list":{"0":"post-676065","1":"product","2":"type-product","3":"status-publish","4":"has-post-thumbnail","6":"product_cat-ugg","7":"product_cat-all-product","8":"pa_rozmir-910","9":"pa_rozmir-912","10":"pa_rozmir-914","11":"pa_rozmir-915","12":"pa_rozmir-916","13":"pa_rozmir-917","14":"pa_rozmir-918","15":"pa_rozmir-919","16":"pa_rozmir-920","17":"pa_rozmir-921","18":"pa_rozmir-922","20":"first","21":"onbackorder","22":"purchasable","23":"product-type-variable"},"_links":{"self":[{"href":"https:\/\/nextsnkr.com\/et\/wp-json\/wp\/v2\/product\/676065","targetHints":{"allow":["GET"]}}],"collection":[{"href":"https:\/\/nextsnkr.com\/et\/wp-json\/wp\/v2\/product"}],"about":[{"href":"https:\/\/nextsnkr.com\/et\/wp-json\/wp\/v2\/types\/product"}],"replies":[{"embeddable":true,"href":"https:\/\/nextsnkr.com\/et\/wp-json\/wp\/v2\/comments?post=676065"}],"version-history":[{"count":0,"href":"https:\/\/nextsnkr.com\/et\/wp-json\/wp\/v2\/product\/676065\/revisions"}],"wp:featuredmedia":[{"embeddable":true,"href":"https:\/\/nextsnkr.com\/et\/wp-json\/wp\/v2\/media\/676069"}],"wp:attachment":[{"href":"https:\/\/nextsnkr.com\/et\/wp-json\/wp\/v2\/media?parent=676065"}],"wp:term":[{"taxonomy":"product_brand","embeddable":true,"href":"https:\/\/nextsnkr.com\/et\/wp-json\/wp\/v2\/product_brand?post=676065"},{"taxonomy":"product_cat","embeddable":true,"href":"https:\/\/nextsnkr.com\/et\/wp-json\/wp\/v2\/product_cat?post=676065"},{"taxonomy":"product_tag","embeddable":true,"href":"https:\/\/nextsnkr.com\/et\/wp-json\/wp\/v2\/product_tag?post=676065"}],"curies":[{"name":"wp","href":"https:\/\/api.w.org\/{rel}","templated":true}]}}