{"id":674928,"date":"2025-06-18T21:10:51","date_gmt":"2025-06-18T18:10:51","guid":{"rendered":"https:\/\/nextsnkr.com\/product\/nike-sb-dunk-x-off-white-lot-24-50-premium\/"},"modified":"2026-01-30T15:25:12","modified_gmt":"2026-01-30T12:25:12","slug":"nike-sb-dunk-x-off-white-lot-24-50-premium","status":"publish","type":"product","link":"https:\/\/nextsnkr.com\/et\/toode\/nike-sb-dunk-x-off-white-lot-24-50-premium\/","title":{"rendered":"Nike SB Dunk x off-WHITE Lot 24: 50 Premium tossud-nahk ja Tekstiil"},"content":{"rendered":"<h2>Nike SB Dunk x off-WHITE Lot 24: 50 Premium tossud-nahk ja Tekstiil<\/h2>\n<p>NIKE SB Dunk x off-WHITE Lot 24: 50 Premium tossud on valmistatud kvaliteetsest nahast ja tekstiilist, mis tagab mugavuse ja vastupidavuse. Mudel \u00fchendab kaubam\u00e4rgi off-WHITE ainulaadse disaini ja Nike SB Dunk stiilse silueti, mis sobib igap\u00e4evaseks kandmiseks ja v\u00e4litegevuseks. Tootja on vietnam, mis tagab usaldusv\u00e4\u00e4rse kvaliteedi. Ideaalne valik neile, kes hindavad samal ajal moodi ja funktsionaalsust.<\/p>\n","protected":false},"excerpt":{"rendered":"<p>NIKE SB Dunk x off-WHITE Lot 24: 50 Premium tossud on valmistatud kvaliteetsest nahast ja tekstiilist, mis tagab mugavuse ja vastupidavuse. Mudel \u00fchendab kaubam\u00e4rgi off-WHITE ainulaadse disaini ja Nike SB Dunk stiilse silueti, mis sobib igap\u00e4evaseks kandmiseks ja v\u00e4litegevuseks. Tootja on vietnam, mis tagab usaldusv\u00e4\u00e4rse kvaliteedi. Ideaalne valik neile, kes hindavad samal ajal moodi ja funktsionaalsust.<\/p>\n","protected":false},"featured_media":674929,"comment_status":"open","ping_status":"open","template":"","meta":[],"product_brand":[],"product_cat":[3186,3317],"product_tag":[],"class_list":{"0":"post-674928","1":"product","2":"type-product","3":"status-publish","4":"has-post-thumbnail","6":"product_cat-all-product","7":"product_cat-kedy","8":"pa_rozmir-910","9":"pa_rozmir-912","10":"pa_rozmir-914","11":"pa_rozmir-915","12":"pa_rozmir-916","13":"pa_rozmir-917","14":"pa_rozmir-918","15":"pa_rozmir-919","16":"pa_rozmir-920","17":"pa_rozmir-921","18":"pa_rozmir-922","20":"first","21":"instock","22":"purchasable","23":"product-type-variable"},"_links":{"self":[{"href":"https:\/\/nextsnkr.com\/et\/wp-json\/wp\/v2\/product\/674928","targetHints":{"allow":["GET"]}}],"collection":[{"href":"https:\/\/nextsnkr.com\/et\/wp-json\/wp\/v2\/product"}],"about":[{"href":"https:\/\/nextsnkr.com\/et\/wp-json\/wp\/v2\/types\/product"}],"replies":[{"embeddable":true,"href":"https:\/\/nextsnkr.com\/et\/wp-json\/wp\/v2\/comments?post=674928"}],"version-history":[{"count":0,"href":"https:\/\/nextsnkr.com\/et\/wp-json\/wp\/v2\/product\/674928\/revisions"}],"wp:featuredmedia":[{"embeddable":true,"href":"https:\/\/nextsnkr.com\/et\/wp-json\/wp\/v2\/media\/674929"}],"wp:attachment":[{"href":"https:\/\/nextsnkr.com\/et\/wp-json\/wp\/v2\/media?parent=674928"}],"wp:term":[{"taxonomy":"product_brand","embeddable":true,"href":"https:\/\/nextsnkr.com\/et\/wp-json\/wp\/v2\/product_brand?post=674928"},{"taxonomy":"product_cat","embeddable":true,"href":"https:\/\/nextsnkr.com\/et\/wp-json\/wp\/v2\/product_cat?post=674928"},{"taxonomy":"product_tag","embeddable":true,"href":"https:\/\/nextsnkr.com\/et\/wp-json\/wp\/v2\/product_tag?post=674928"}],"curies":[{"name":"wp","href":"https:\/\/api.w.org\/{rel}","templated":true}]}}