{"id":673974,"date":"2025-06-13T12:52:47","date_gmt":"2025-06-13T09:52:47","guid":{"rendered":"https:\/\/nextsnkr.com\/product\/nb-brown-no-brand\/"},"modified":"2026-01-30T15:24:40","modified_gmt":"2026-01-30T12:24:40","slug":"nb-brown-no-brand","status":"publish","type":"product","link":"https:\/\/nextsnkr.com\/et\/toode\/nb-brown-no-brand\/","title":{"rendered":"NB Brown tossud &#8211; meeste tekstiilist \u00f6ko-nahast tossud"},"content":{"rendered":"<h2>NB Brown tossud &#8211; meeste tekstiilist \u00f6ko-nahast tossud<\/h2>\n<p>NB Brown No brand tossud on mugav vabaaja mudel, mis on valmistatud hingavate tekstiilide ja vastupidava \u00f6ko-naha kombinatsioonist. Kerge tald pakub k\u00f5ndimisel mugavust ja universaalset pruuni v\u00e4rvi on lihtne kombineerida erinevate v\u00e4limustega. Valmistatud Vietnamis, sobivad need tossud ideaalselt aktiivseks igap\u00e4evaseks kasutamiseks. Praktiline valik neile, kes otsivad taskukohase hinnaga stiili, kergust ja mugavust.<\/p>\n","protected":false},"excerpt":{"rendered":"<p>NB Brown No brand tossud on mugav vabaaja mudel, mis on valmistatud hingavate tekstiilide ja vastupidava \u00f6ko-naha kombinatsioonist. Kerge tald pakub k\u00f5ndimisel mugavust ja universaalset pruuni v\u00e4rvi on lihtne kombineerida erinevate v\u00e4limustega. Valmistatud Vietnamis, sobivad need tossud ideaalselt aktiivseks igap\u00e4evaseks kasutamiseks. Praktiline valik neile, kes otsivad taskukohase hinnaga stiili, kergust ja mugavust.<\/p>\n","protected":false},"featured_media":673979,"comment_status":"open","ping_status":"open","template":"","meta":[],"product_brand":[],"product_cat":[3186,3187],"product_tag":[],"class_list":{"0":"post-673974","1":"product","2":"type-product","3":"status-publish","4":"has-post-thumbnail","6":"product_cat-all-product","7":"product_cat-krosivky","8":"pa_rozmir-910","9":"pa_rozmir-912","10":"pa_rozmir-914","11":"pa_rozmir-915","12":"pa_rozmir-916","13":"pa_rozmir-917","14":"pa_rozmir-918","15":"pa_rozmir-919","16":"pa_rozmir-920","17":"pa_rozmir-921","18":"pa_rozmir-922","20":"first","21":"instock","22":"purchasable","23":"product-type-variable"},"_links":{"self":[{"href":"https:\/\/nextsnkr.com\/et\/wp-json\/wp\/v2\/product\/673974","targetHints":{"allow":["GET"]}}],"collection":[{"href":"https:\/\/nextsnkr.com\/et\/wp-json\/wp\/v2\/product"}],"about":[{"href":"https:\/\/nextsnkr.com\/et\/wp-json\/wp\/v2\/types\/product"}],"replies":[{"embeddable":true,"href":"https:\/\/nextsnkr.com\/et\/wp-json\/wp\/v2\/comments?post=673974"}],"version-history":[{"count":0,"href":"https:\/\/nextsnkr.com\/et\/wp-json\/wp\/v2\/product\/673974\/revisions"}],"wp:featuredmedia":[{"embeddable":true,"href":"https:\/\/nextsnkr.com\/et\/wp-json\/wp\/v2\/media\/673979"}],"wp:attachment":[{"href":"https:\/\/nextsnkr.com\/et\/wp-json\/wp\/v2\/media?parent=673974"}],"wp:term":[{"taxonomy":"product_brand","embeddable":true,"href":"https:\/\/nextsnkr.com\/et\/wp-json\/wp\/v2\/product_brand?post=673974"},{"taxonomy":"product_cat","embeddable":true,"href":"https:\/\/nextsnkr.com\/et\/wp-json\/wp\/v2\/product_cat?post=673974"},{"taxonomy":"product_tag","embeddable":true,"href":"https:\/\/nextsnkr.com\/et\/wp-json\/wp\/v2\/product_tag?post=673974"}],"curies":[{"name":"wp","href":"https:\/\/api.w.org\/{rel}","templated":true}]}}