{"id":673271,"date":"2025-06-13T12:53:43","date_gmt":"2025-06-13T09:53:43","guid":{"rendered":"https:\/\/nextsnkr.com\/product\/see-refl-no-brand\/"},"modified":"2026-01-30T15:24:03","modified_gmt":"2026-01-30T12:24:03","slug":"see-refl-no-brand","status":"publish","type":"product","link":"https:\/\/nextsnkr.com\/et\/toode\/see-refl-no-brand\/","title":{"rendered":"No Brand See Refl tossud-kerged tekstiilist tossud"},"content":{"rendered":"<h2>No Brand See Refl tossud-kerged tekstiilist tossud<\/h2>\n<p>Stiilsed No Brand See Refl tossud on loodud mugavaks igap\u00e4evaseks kandmiseks. Mudel on valmistatud tekstiili ja \u00f6ko-naha kombinatsioonist, mis tagab kerguse, hingamise ja kulumiskindluse. T\u00e4nu kaasaegsele disainile sobivad tossud suurep\u00e4raselt linnastiili, aktiivse puhkuse ja igap\u00e4evase v\u00e4ljan\u00e4gemise jaoks. Valmistatud Vietnamis, \u00fchendavad need kvaliteetsed materjalid ja meeldiva istuvuse. Praktiline ja taskukohane valik neile, kes otsivad stiilseid ja mitmek\u00fclgseid kingi.<\/p>\n","protected":false},"excerpt":{"rendered":"<p>Stiilsed No Brand See Refl tossud on loodud mugavaks igap\u00e4evaseks kandmiseks. Mudel on valmistatud tekstiili ja \u00f6ko-naha kombinatsioonist, mis tagab kerguse, hingamise ja kulumiskindluse. T\u00e4nu kaasaegsele disainile sobivad tossud suurep\u00e4raselt linnastiili, aktiivse puhkuse ja igap\u00e4evase v\u00e4ljan\u00e4gemise jaoks. Valmistatud Vietnamis, \u00fchendavad need kvaliteetsed materjalid ja meeldiva istuvuse. Praktiline ja taskukohane valik neile, kes otsivad stiilseid ja mitmek\u00fclgseid kingi.<\/p>\n","protected":false},"featured_media":673273,"comment_status":"open","ping_status":"open","template":"","meta":[],"product_brand":[],"product_cat":[3186,3187],"product_tag":[],"class_list":{"0":"post-673271","1":"product","2":"type-product","3":"status-publish","4":"has-post-thumbnail","6":"product_cat-all-product","7":"product_cat-krosivky","8":"pa_rozmir-910","9":"pa_rozmir-912","10":"pa_rozmir-914","11":"pa_rozmir-915","12":"pa_rozmir-916","13":"pa_rozmir-917","14":"pa_rozmir-918","15":"pa_rozmir-919","16":"pa_rozmir-920","17":"pa_rozmir-921","18":"pa_rozmir-922","20":"first","21":"onbackorder","22":"purchasable","23":"product-type-variable"},"_links":{"self":[{"href":"https:\/\/nextsnkr.com\/et\/wp-json\/wp\/v2\/product\/673271","targetHints":{"allow":["GET"]}}],"collection":[{"href":"https:\/\/nextsnkr.com\/et\/wp-json\/wp\/v2\/product"}],"about":[{"href":"https:\/\/nextsnkr.com\/et\/wp-json\/wp\/v2\/types\/product"}],"replies":[{"embeddable":true,"href":"https:\/\/nextsnkr.com\/et\/wp-json\/wp\/v2\/comments?post=673271"}],"version-history":[{"count":0,"href":"https:\/\/nextsnkr.com\/et\/wp-json\/wp\/v2\/product\/673271\/revisions"}],"wp:featuredmedia":[{"embeddable":true,"href":"https:\/\/nextsnkr.com\/et\/wp-json\/wp\/v2\/media\/673273"}],"wp:attachment":[{"href":"https:\/\/nextsnkr.com\/et\/wp-json\/wp\/v2\/media?parent=673271"}],"wp:term":[{"taxonomy":"product_brand","embeddable":true,"href":"https:\/\/nextsnkr.com\/et\/wp-json\/wp\/v2\/product_brand?post=673271"},{"taxonomy":"product_cat","embeddable":true,"href":"https:\/\/nextsnkr.com\/et\/wp-json\/wp\/v2\/product_cat?post=673271"},{"taxonomy":"product_tag","embeddable":true,"href":"https:\/\/nextsnkr.com\/et\/wp-json\/wp\/v2\/product_tag?post=673271"}],"curies":[{"name":"wp","href":"https:\/\/api.w.org\/{rel}","templated":true}]}}