{"id":672221,"date":"2025-06-13T12:54:53","date_gmt":"2025-06-13T09:54:53","guid":{"rendered":"https:\/\/nextsnkr.com\/product\/dunk-no-brand\/"},"modified":"2026-01-30T15:23:09","modified_gmt":"2026-01-30T12:23:09","slug":"dunk-no-brand","status":"publish","type":"product","link":"https:\/\/nextsnkr.com\/et\/toode\/dunk-no-brand\/","title":{"rendered":"Dunk No Brand tossud-stiilsed tekstiilist tossud \u00f6ko-nahaga"},"content":{"rendered":"<h2>Dunk No Brand tossud-stiilsed tekstiilist tossud \u00f6ko-nahaga<\/h2>\n<p>Dunk No Brand tossud on universaalne mudel igap\u00e4evaseks kandmiseks, mis on valmistatud tekstiili ja \u00f6ko-naha kombinatsioonist. Kerged, mugavad ja hingavad, pakuvad mugavust aktiivsete jalutusk\u00e4ikude ja igap\u00e4evase kasutamise ajal. Usaldusv\u00e4\u00e4rne tald tagab stabiilsuse ja vastupidavuse ning lakooniline disain sobib kergesti mis tahes juhusliku v\u00e4limusega. Tootja-Vietnam. Valige Dunk No Brand tossud stiilse ja mugava linnastiili jaoks.<\/p>\n","protected":false},"excerpt":{"rendered":"<p>Dunk No Brand tossud on universaalne mudel igap\u00e4evaseks kandmiseks, mis on valmistatud tekstiili ja \u00f6ko-naha kombinatsioonist. Kerged, mugavad ja hingavad, pakuvad mugavust aktiivsete jalutusk\u00e4ikude ja igap\u00e4evase kasutamise ajal. Usaldusv\u00e4\u00e4rne tald tagab stabiilsuse ja vastupidavuse ning lakooniline disain sobib kergesti mis tahes juhusliku v\u00e4limusega. Tootja-Vietnam. Valige Dunk No Brand tossud stiilse ja mugava linnastiili jaoks.<\/p>\n","protected":false},"featured_media":672224,"comment_status":"open","ping_status":"open","template":"","meta":[],"product_brand":[],"product_cat":[3186,3317],"product_tag":[],"class_list":{"0":"post-672221","1":"product","2":"type-product","3":"status-publish","4":"has-post-thumbnail","6":"product_cat-all-product","7":"product_cat-kedy","8":"pa_rozmir-910","9":"pa_rozmir-912","10":"pa_rozmir-914","11":"pa_rozmir-915","12":"pa_rozmir-916","13":"pa_rozmir-917","14":"pa_rozmir-918","15":"pa_rozmir-919","16":"pa_rozmir-920","17":"pa_rozmir-921","18":"pa_rozmir-922","20":"first","21":"onbackorder","22":"purchasable","23":"product-type-variable"},"_links":{"self":[{"href":"https:\/\/nextsnkr.com\/et\/wp-json\/wp\/v2\/product\/672221","targetHints":{"allow":["GET"]}}],"collection":[{"href":"https:\/\/nextsnkr.com\/et\/wp-json\/wp\/v2\/product"}],"about":[{"href":"https:\/\/nextsnkr.com\/et\/wp-json\/wp\/v2\/types\/product"}],"replies":[{"embeddable":true,"href":"https:\/\/nextsnkr.com\/et\/wp-json\/wp\/v2\/comments?post=672221"}],"version-history":[{"count":0,"href":"https:\/\/nextsnkr.com\/et\/wp-json\/wp\/v2\/product\/672221\/revisions"}],"wp:featuredmedia":[{"embeddable":true,"href":"https:\/\/nextsnkr.com\/et\/wp-json\/wp\/v2\/media\/672224"}],"wp:attachment":[{"href":"https:\/\/nextsnkr.com\/et\/wp-json\/wp\/v2\/media?parent=672221"}],"wp:term":[{"taxonomy":"product_brand","embeddable":true,"href":"https:\/\/nextsnkr.com\/et\/wp-json\/wp\/v2\/product_brand?post=672221"},{"taxonomy":"product_cat","embeddable":true,"href":"https:\/\/nextsnkr.com\/et\/wp-json\/wp\/v2\/product_cat?post=672221"},{"taxonomy":"product_tag","embeddable":true,"href":"https:\/\/nextsnkr.com\/et\/wp-json\/wp\/v2\/product_tag?post=672221"}],"curies":[{"name":"wp","href":"https:\/\/api.w.org\/{rel}","templated":true}]}}