{"id":670155,"date":"2025-06-13T12:57:32","date_gmt":"2025-06-13T09:57:32","guid":{"rendered":"https:\/\/nextsnkr.com\/product\/ugg-mini-black-no-logo\/"},"modified":"2026-01-30T15:21:36","modified_gmt":"2026-01-30T12:21:36","slug":"ugg-mini-black-no-logo","status":"publish","type":"product","link":"https:\/\/nextsnkr.com\/et\/toode\/ugg-mini-black-no-logo\/","title":{"rendered":"UGG Mini Black No Logo saapad-naiste nahk, mille sees on fliis"},"content":{"rendered":"<h2>UGG Mini Black No Logo saapad-naiste nahk, mille sees on fliis<\/h2>\n<p>UGG Mini Black No Logo saapad on stiilsed ja soojad kingad jahedaks aastaajaks. Mudel on valmistatud vastupidavast siledast nahast ja seestpoolt on see isoleeritud pehme fliisiga, mis tagab mugavuse ja soojuse s\u00e4ilitamise iga p\u00e4ev. T\u00e4nu kergele tallale pakuvad saapad k\u00f5ndimise ajal mugavust ja minimalistlik disain ilma logodeta sobib h\u00f5lpsasti mis tahes v\u00e4limusega. Valige Ugg Mini Black-usaldusv\u00e4\u00e4rsed, Soojad ja mitmek\u00fclgsed talvejalatsid.<\/p>\n","protected":false},"excerpt":{"rendered":"<p>UGG Mini Black No Logo saapad on stiilsed ja soojad kingad jahedaks aastaajaks. Mudel on valmistatud vastupidavast siledast nahast ja seestpoolt on see isoleeritud pehme fliisiga, mis tagab mugavuse ja soojuse s\u00e4ilitamise iga p\u00e4ev. T\u00e4nu kergele tallale pakuvad saapad k\u00f5ndimise ajal mugavust ja minimalistlik disain ilma logodeta sobib h\u00f5lpsasti mis tahes v\u00e4limusega. Valige Ugg Mini Black-usaldusv\u00e4\u00e4rsed, Soojad ja mitmek\u00fclgsed talvejalatsid.<\/p>\n","protected":false},"featured_media":670156,"comment_status":"open","ping_status":"open","template":"","meta":[],"product_brand":[],"product_cat":[3406,3186],"product_tag":[],"class_list":{"0":"post-670155","1":"product","2":"type-product","3":"status-publish","4":"has-post-thumbnail","6":"product_cat-ugg","7":"product_cat-all-product","8":"pa_rozmir-910","9":"pa_rozmir-912","10":"pa_rozmir-914","11":"pa_rozmir-915","12":"pa_rozmir-916","13":"pa_rozmir-917","14":"pa_rozmir-918","15":"pa_rozmir-919","16":"pa_rozmir-920","17":"pa_rozmir-921","18":"pa_rozmir-922","20":"first","21":"onbackorder","22":"purchasable","23":"product-type-variable"},"_links":{"self":[{"href":"https:\/\/nextsnkr.com\/et\/wp-json\/wp\/v2\/product\/670155","targetHints":{"allow":["GET"]}}],"collection":[{"href":"https:\/\/nextsnkr.com\/et\/wp-json\/wp\/v2\/product"}],"about":[{"href":"https:\/\/nextsnkr.com\/et\/wp-json\/wp\/v2\/types\/product"}],"replies":[{"embeddable":true,"href":"https:\/\/nextsnkr.com\/et\/wp-json\/wp\/v2\/comments?post=670155"}],"version-history":[{"count":0,"href":"https:\/\/nextsnkr.com\/et\/wp-json\/wp\/v2\/product\/670155\/revisions"}],"wp:featuredmedia":[{"embeddable":true,"href":"https:\/\/nextsnkr.com\/et\/wp-json\/wp\/v2\/media\/670156"}],"wp:attachment":[{"href":"https:\/\/nextsnkr.com\/et\/wp-json\/wp\/v2\/media?parent=670155"}],"wp:term":[{"taxonomy":"product_brand","embeddable":true,"href":"https:\/\/nextsnkr.com\/et\/wp-json\/wp\/v2\/product_brand?post=670155"},{"taxonomy":"product_cat","embeddable":true,"href":"https:\/\/nextsnkr.com\/et\/wp-json\/wp\/v2\/product_cat?post=670155"},{"taxonomy":"product_tag","embeddable":true,"href":"https:\/\/nextsnkr.com\/et\/wp-json\/wp\/v2\/product_tag?post=670155"}],"curies":[{"name":"wp","href":"https:\/\/api.w.org\/{rel}","templated":true}]}}