{"id":666941,"date":"2025-06-13T13:03:23","date_gmt":"2025-06-13T10:03:23","guid":{"rendered":"https:\/\/nextsnkr.com\/product\/lv-neverfull-beige\/"},"modified":"2026-01-30T15:18:31","modified_gmt":"2026-01-30T12:18:31","slug":"lv-neverfull-beige","status":"publish","type":"product","link":"https:\/\/nextsnkr.com\/et\/toode\/lv-neverfull-beige\/","title":{"rendered":"Kott LV Neverfull Beige-Naiste bee\u017e \u00f6konahk"},"content":{"rendered":"<h2>Kott LV Neverfull Beige-Naiste bee\u017e \u00f6konahk<\/h2>\n<p>LV Neverfull beige kott on stiilne ja mahukas aksessuaar, mis on loodud igap\u00e4evaseks kasutamiseks. Mudel on valmistatud kvaliteetsest \u00f6konahast, mis \u00fchendab atraktiivse v\u00e4limuse, kulumiskindluse ja hoolduse lihtsuse. Bee\u017e v\u00e4rv muudab koti mitmek\u00fclgseks ja sobivaks iga garderoobi jaoks. Avar Neverfull formaat v\u00f5imaldab mugavalt paigutada k\u00f5ik vajalikud asjad. Ideaalne valik neile, kes hindavad stiili, praktilisust ja mugavust igap\u00e4evases v\u00e4limuses.<\/p>\n","protected":false},"excerpt":{"rendered":"<p>LV Neverfull beige kott on stiilne ja mahukas aksessuaar, mis on loodud igap\u00e4evaseks kasutamiseks. Mudel on valmistatud kvaliteetsest \u00f6konahast, mis \u00fchendab atraktiivse v\u00e4limuse, kulumiskindluse ja hoolduse lihtsuse. Bee\u017e v\u00e4rv muudab koti mitmek\u00fclgseks ja sobivaks iga garderoobi jaoks. Avar Neverfull formaat v\u00f5imaldab mugavalt paigutada k\u00f5ik vajalikud asjad. Ideaalne valik neile, kes hindavad stiili, praktilisust ja mugavust igap\u00e4evases v\u00e4limuses.<\/p>\n","protected":false},"featured_media":666942,"comment_status":"open","ping_status":"open","template":"","meta":[],"product_brand":[],"product_cat":[3186,3474],"product_tag":[],"class_list":{"0":"post-666941","1":"product","2":"type-product","3":"status-publish","4":"has-post-thumbnail","6":"product_cat-all-product","7":"product_cat-sumky","8":"pa_rozmir-sale","10":"first","11":"instock","12":"purchasable","13":"product-type-simple"},"_links":{"self":[{"href":"https:\/\/nextsnkr.com\/et\/wp-json\/wp\/v2\/product\/666941","targetHints":{"allow":["GET"]}}],"collection":[{"href":"https:\/\/nextsnkr.com\/et\/wp-json\/wp\/v2\/product"}],"about":[{"href":"https:\/\/nextsnkr.com\/et\/wp-json\/wp\/v2\/types\/product"}],"replies":[{"embeddable":true,"href":"https:\/\/nextsnkr.com\/et\/wp-json\/wp\/v2\/comments?post=666941"}],"version-history":[{"count":0,"href":"https:\/\/nextsnkr.com\/et\/wp-json\/wp\/v2\/product\/666941\/revisions"}],"wp:featuredmedia":[{"embeddable":true,"href":"https:\/\/nextsnkr.com\/et\/wp-json\/wp\/v2\/media\/666942"}],"wp:attachment":[{"href":"https:\/\/nextsnkr.com\/et\/wp-json\/wp\/v2\/media?parent=666941"}],"wp:term":[{"taxonomy":"product_brand","embeddable":true,"href":"https:\/\/nextsnkr.com\/et\/wp-json\/wp\/v2\/product_brand?post=666941"},{"taxonomy":"product_cat","embeddable":true,"href":"https:\/\/nextsnkr.com\/et\/wp-json\/wp\/v2\/product_cat?post=666941"},{"taxonomy":"product_tag","embeddable":true,"href":"https:\/\/nextsnkr.com\/et\/wp-json\/wp\/v2\/product_tag?post=666941"}],"curies":[{"name":"wp","href":"https:\/\/api.w.org\/{rel}","templated":true}]}}