{"id":666861,"date":"2025-06-13T13:03:41","date_gmt":"2025-06-13T10:03:41","guid":{"rendered":"https:\/\/nextsnkr.com\/product\/dior-book-mini\/"},"modified":"2026-01-30T15:18:11","modified_gmt":"2026-01-30T12:18:11","slug":"dior-book-mini","status":"publish","type":"product","link":"https:\/\/nextsnkr.com\/et\/toode\/dior-book-mini\/","title":{"rendered":"Dior Book mini kott-stiilne tekstiilist naiste minikott"},"content":{"rendered":"<h2>Dior Book mini kott-stiilne tekstiilist naiste minikott<\/h2>\n<p>Dior book mini kott on elegantne aksessuaar, mis on loodud neile, kes hindavad stiili ja keerukust. Mudel on valmistatud kvaliteetsest tekstiilist, mis tagab kerguse, tugevuse ja meeldiva tekstuuri. Kompaktne formaat ja nutikas disain muudavad koti mugavaks igap\u00e4evaseks kasutamiseks, v\u00e4ljas\u00f5itudeks v\u00f5i \u00fcritusteks. Universaalset siluetti on lihtne kombineerida kaasaegsete piltidega. Valige Dior Book Mini-stiili aktsent, mis t\u00f5stab esile teie isikup\u00e4ra.<\/p>\n","protected":false},"excerpt":{"rendered":"<p>Dior book mini kott on elegantne aksessuaar, mis on loodud neile, kes hindavad stiili ja keerukust. Mudel on valmistatud kvaliteetsest tekstiilist, mis tagab kerguse, tugevuse ja meeldiva tekstuuri. Kompaktne formaat ja nutikas disain muudavad koti mugavaks igap\u00e4evaseks kasutamiseks, v\u00e4ljas\u00f5itudeks v\u00f5i \u00fcritusteks. Universaalset siluetti on lihtne kombineerida kaasaegsete piltidega. Valige Dior Book Mini-stiili aktsent, mis t\u00f5stab esile teie isikup\u00e4ra.<\/p>\n","protected":false},"featured_media":666862,"comment_status":"open","ping_status":"open","template":"","meta":[],"product_brand":[],"product_cat":[3186,3474],"product_tag":[],"class_list":{"0":"post-666861","1":"product","2":"type-product","3":"status-publish","4":"has-post-thumbnail","6":"product_cat-all-product","7":"product_cat-sumky","8":"pa_rozmir-sale-36kh28kh10","10":"first","11":"instock","12":"purchasable","13":"product-type-simple"},"_links":{"self":[{"href":"https:\/\/nextsnkr.com\/et\/wp-json\/wp\/v2\/product\/666861","targetHints":{"allow":["GET"]}}],"collection":[{"href":"https:\/\/nextsnkr.com\/et\/wp-json\/wp\/v2\/product"}],"about":[{"href":"https:\/\/nextsnkr.com\/et\/wp-json\/wp\/v2\/types\/product"}],"replies":[{"embeddable":true,"href":"https:\/\/nextsnkr.com\/et\/wp-json\/wp\/v2\/comments?post=666861"}],"version-history":[{"count":0,"href":"https:\/\/nextsnkr.com\/et\/wp-json\/wp\/v2\/product\/666861\/revisions"}],"wp:featuredmedia":[{"embeddable":true,"href":"https:\/\/nextsnkr.com\/et\/wp-json\/wp\/v2\/media\/666862"}],"wp:attachment":[{"href":"https:\/\/nextsnkr.com\/et\/wp-json\/wp\/v2\/media?parent=666861"}],"wp:term":[{"taxonomy":"product_brand","embeddable":true,"href":"https:\/\/nextsnkr.com\/et\/wp-json\/wp\/v2\/product_brand?post=666861"},{"taxonomy":"product_cat","embeddable":true,"href":"https:\/\/nextsnkr.com\/et\/wp-json\/wp\/v2\/product_cat?post=666861"},{"taxonomy":"product_tag","embeddable":true,"href":"https:\/\/nextsnkr.com\/et\/wp-json\/wp\/v2\/product_tag?post=666861"}],"curies":[{"name":"wp","href":"https:\/\/api.w.org\/{rel}","templated":true}]}}