{"id":666780,"date":"2025-06-13T13:04:17","date_gmt":"2025-06-13T10:04:17","guid":{"rendered":"https:\/\/nextsnkr.com\/product\/guess-crossbody-3\/"},"modified":"2026-01-30T15:17:51","modified_gmt":"2026-01-30T12:17:51","slug":"guess-crossbody-3","status":"publish","type":"product","link":"https:\/\/nextsnkr.com\/et\/toode\/guess-crossbody-3\/","title":{"rendered":"Guess Crossbody kott-kompaktne Naiste crossbody kott"},"content":{"rendered":"<h2>Guess Crossbody kott-kompaktne Naiste crossbody kott<\/h2>\n<p>Guess Crossbody kott on stiilne ja kerge aksessuaar igap\u00e4evaseks kasutamiseks. Kompaktne formaat ja mugav \u00f5larihm tagavad kandmise ajal mugavuse ning l\u00e4bim\u00f5eldud sisekujundus hoiab vajalikud asjad k\u00e4ep\u00e4rast. Praegune Guessi disain r\u00f5hutab kaasaegset linnastiili ja sobib h\u00f5lpsalt iga garderoobiga. Ideaalne valik jalutamiseks, reisimiseks ja igap\u00e4evaseks v\u00e4ljan\u00e4gemiseks.<\/p>\n","protected":false},"excerpt":{"rendered":"<p>Guess Crossbody kott on stiilne ja kerge aksessuaar igap\u00e4evaseks kasutamiseks. Kompaktne formaat ja mugav \u00f5larihm tagavad kandmise ajal mugavuse ning l\u00e4bim\u00f5eldud sisekujundus hoiab vajalikud asjad k\u00e4ep\u00e4rast. Praegune Guessi disain r\u00f5hutab kaasaegset linnastiili ja sobib h\u00f5lpsalt iga garderoobiga. Ideaalne valik jalutamiseks, reisimiseks ja igap\u00e4evaseks v\u00e4ljan\u00e4gemiseks.<\/p>\n","protected":false},"featured_media":666781,"comment_status":"open","ping_status":"open","template":"","meta":[],"product_brand":[],"product_cat":[3186,3474],"product_tag":[],"class_list":{"0":"post-666780","1":"product","2":"type-product","3":"status-publish","4":"has-post-thumbnail","6":"product_cat-all-product","7":"product_cat-sumky","8":"pa_rozmir-21kh13kh7","10":"first","11":"instock","12":"purchasable","13":"product-type-simple"},"_links":{"self":[{"href":"https:\/\/nextsnkr.com\/et\/wp-json\/wp\/v2\/product\/666780","targetHints":{"allow":["GET"]}}],"collection":[{"href":"https:\/\/nextsnkr.com\/et\/wp-json\/wp\/v2\/product"}],"about":[{"href":"https:\/\/nextsnkr.com\/et\/wp-json\/wp\/v2\/types\/product"}],"replies":[{"embeddable":true,"href":"https:\/\/nextsnkr.com\/et\/wp-json\/wp\/v2\/comments?post=666780"}],"version-history":[{"count":0,"href":"https:\/\/nextsnkr.com\/et\/wp-json\/wp\/v2\/product\/666780\/revisions"}],"wp:featuredmedia":[{"embeddable":true,"href":"https:\/\/nextsnkr.com\/et\/wp-json\/wp\/v2\/media\/666781"}],"wp:attachment":[{"href":"https:\/\/nextsnkr.com\/et\/wp-json\/wp\/v2\/media?parent=666780"}],"wp:term":[{"taxonomy":"product_brand","embeddable":true,"href":"https:\/\/nextsnkr.com\/et\/wp-json\/wp\/v2\/product_brand?post=666780"},{"taxonomy":"product_cat","embeddable":true,"href":"https:\/\/nextsnkr.com\/et\/wp-json\/wp\/v2\/product_cat?post=666780"},{"taxonomy":"product_tag","embeddable":true,"href":"https:\/\/nextsnkr.com\/et\/wp-json\/wp\/v2\/product_tag?post=666780"}],"curies":[{"name":"wp","href":"https:\/\/api.w.org\/{rel}","templated":true}]}}