{"id":665913,"date":"2025-06-13T13:05:59","date_gmt":"2025-06-13T10:05:59","guid":{"rendered":"https:\/\/nextsnkr.com\/product\/chanel-camel-2-55\/"},"modified":"2026-01-30T15:16:26","modified_gmt":"2026-01-30T12:16:26","slug":"chanel-camel-2-55","status":"publish","type":"product","link":"https:\/\/nextsnkr.com\/et\/toode\/chanel-camel-2-55\/","title":{"rendered":"Chanel 2.55 Camel kott &#8211; stiilne naiste \u00f6ko-nahast kott"},"content":{"rendered":"<h2>Chanel 2.55 Camel kott &#8211; stiilne naiste \u00f6ko-nahast kott<\/h2>\n<p>Chanel Camel 2.55 kott on klassikalises kujunduses elegantne mudel, mis on loodud peene stiili austajatele. Valmistatud kvaliteetsest \u00f6konahast, sellel on meeldiv tekstuur ja mugav kuju, mis sobib igap\u00e4evaseks kandmiseks. Ketirihm ja puhas riistvara annavad tootele esmaklassilise ilme. Ideaalne kombineerimiseks igap\u00e4evaste ja \u00f5htuste piltidega. Valige Chanel 2.55 Camel, et r\u00f5hutada oma staatust ja rafineeritust. Kood: 5238-547672.<\/p>\n","protected":false},"excerpt":{"rendered":"<p>Chanel Camel 2.55 kott on klassikalises kujunduses elegantne mudel, mis on loodud peene stiili austajatele. Valmistatud kvaliteetsest \u00f6konahast, sellel on meeldiv tekstuur ja mugav kuju, mis sobib igap\u00e4evaseks kandmiseks. Ketirihm ja puhas riistvara annavad tootele esmaklassilise ilme. Ideaalne kombineerimiseks igap\u00e4evaste ja \u00f5htuste piltidega. Valige Chanel 2.55 Camel, et r\u00f5hutada oma staatust ja rafineeritust. Kood: 5238-547672.<\/p>\n","protected":false},"featured_media":665914,"comment_status":"open","ping_status":"open","template":"","meta":[],"product_brand":[],"product_cat":[3186,3474],"product_tag":[],"class_list":{"0":"post-665913","1":"product","2":"type-product","3":"status-publish","4":"has-post-thumbnail","6":"product_cat-all-product","7":"product_cat-sumky","8":"pa_rozmir-26x18","10":"first","11":"instock","12":"purchasable","13":"product-type-simple"},"_links":{"self":[{"href":"https:\/\/nextsnkr.com\/et\/wp-json\/wp\/v2\/product\/665913","targetHints":{"allow":["GET"]}}],"collection":[{"href":"https:\/\/nextsnkr.com\/et\/wp-json\/wp\/v2\/product"}],"about":[{"href":"https:\/\/nextsnkr.com\/et\/wp-json\/wp\/v2\/types\/product"}],"replies":[{"embeddable":true,"href":"https:\/\/nextsnkr.com\/et\/wp-json\/wp\/v2\/comments?post=665913"}],"version-history":[{"count":0,"href":"https:\/\/nextsnkr.com\/et\/wp-json\/wp\/v2\/product\/665913\/revisions"}],"wp:featuredmedia":[{"embeddable":true,"href":"https:\/\/nextsnkr.com\/et\/wp-json\/wp\/v2\/media\/665914"}],"wp:attachment":[{"href":"https:\/\/nextsnkr.com\/et\/wp-json\/wp\/v2\/media?parent=665913"}],"wp:term":[{"taxonomy":"product_brand","embeddable":true,"href":"https:\/\/nextsnkr.com\/et\/wp-json\/wp\/v2\/product_brand?post=665913"},{"taxonomy":"product_cat","embeddable":true,"href":"https:\/\/nextsnkr.com\/et\/wp-json\/wp\/v2\/product_cat?post=665913"},{"taxonomy":"product_tag","embeddable":true,"href":"https:\/\/nextsnkr.com\/et\/wp-json\/wp\/v2\/product_tag?post=665913"}],"curies":[{"name":"wp","href":"https:\/\/api.w.org\/{rel}","templated":true}]}}