{"id":665493,"date":"2025-06-13T13:06:34","date_gmt":"2025-06-13T10:06:34","guid":{"rendered":"https:\/\/nextsnkr.com\/product\/chanel-2-55-black\/"},"modified":"2026-01-30T15:15:56","modified_gmt":"2026-01-30T12:15:56","slug":"chanel-2-55-black","status":"publish","type":"product","link":"https:\/\/nextsnkr.com\/et\/toode\/chanel-2-55-black\/","title":{"rendered":"Chanel 2.55 must kott-Naiste must \u00f6konahk"},"content":{"rendered":"<h2>Chanel 2.55 must kott-Naiste must \u00f6konahk<\/h2>\n<p>Chanel 2.55 Black kott on elegantne klassika, mis r\u00f5hutab stiili ja keerukust igas v\u00e4limuses. Valmistatud kvaliteetsest \u00f6konahast, \u00fchendab see vastupidavuse, kasutusmugavuse ja esmaklassilise v\u00e4limuse. Must v\u00e4rv muudab mudeli mitmek\u00fclgseks ja ikooniline 2.55 disain lisab staatuse. Ideaalne valik igap\u00e4evaste v\u00e4ljap\u00e4\u00e4sude ja eri\u00fcrituste jaoks. Valige Chanel 2.55 Black, et anda oma stiilile luksust ja enesekindlust.<\/p>\n","protected":false},"excerpt":{"rendered":"<p>Chanel 2.55 Black kott on elegantne klassika, mis r\u00f5hutab stiili ja keerukust igas v\u00e4limuses. Valmistatud kvaliteetsest \u00f6konahast, \u00fchendab see vastupidavuse, kasutusmugavuse ja esmaklassilise v\u00e4limuse. Must v\u00e4rv muudab mudeli mitmek\u00fclgseks ja ikooniline 2.55 disain lisab staatuse. Ideaalne valik igap\u00e4evaste v\u00e4ljap\u00e4\u00e4sude ja eri\u00fcrituste jaoks. Valige Chanel 2.55 Black, et anda oma stiilile luksust ja enesekindlust.<\/p>\n","protected":false},"featured_media":665494,"comment_status":"open","ping_status":"open","template":"","meta":[],"product_brand":[],"product_cat":[3186,3474],"product_tag":[],"class_list":{"0":"post-665493","1":"product","2":"type-product","3":"status-publish","4":"has-post-thumbnail","6":"product_cat-all-product","7":"product_cat-sumky","9":"first","10":"instock","11":"purchasable","12":"product-type-simple"},"_links":{"self":[{"href":"https:\/\/nextsnkr.com\/et\/wp-json\/wp\/v2\/product\/665493","targetHints":{"allow":["GET"]}}],"collection":[{"href":"https:\/\/nextsnkr.com\/et\/wp-json\/wp\/v2\/product"}],"about":[{"href":"https:\/\/nextsnkr.com\/et\/wp-json\/wp\/v2\/types\/product"}],"replies":[{"embeddable":true,"href":"https:\/\/nextsnkr.com\/et\/wp-json\/wp\/v2\/comments?post=665493"}],"version-history":[{"count":0,"href":"https:\/\/nextsnkr.com\/et\/wp-json\/wp\/v2\/product\/665493\/revisions"}],"wp:featuredmedia":[{"embeddable":true,"href":"https:\/\/nextsnkr.com\/et\/wp-json\/wp\/v2\/media\/665494"}],"wp:attachment":[{"href":"https:\/\/nextsnkr.com\/et\/wp-json\/wp\/v2\/media?parent=665493"}],"wp:term":[{"taxonomy":"product_brand","embeddable":true,"href":"https:\/\/nextsnkr.com\/et\/wp-json\/wp\/v2\/product_brand?post=665493"},{"taxonomy":"product_cat","embeddable":true,"href":"https:\/\/nextsnkr.com\/et\/wp-json\/wp\/v2\/product_cat?post=665493"},{"taxonomy":"product_tag","embeddable":true,"href":"https:\/\/nextsnkr.com\/et\/wp-json\/wp\/v2\/product_tag?post=665493"}],"curies":[{"name":"wp","href":"https:\/\/api.w.org\/{rel}","templated":true}]}}