{"id":665296,"date":"2025-06-13T13:08:16","date_gmt":"2025-06-13T10:08:16","guid":{"rendered":"https:\/\/nextsnkr.com\/product\/marc-jacobs-tote-bag-textile\/"},"modified":"2026-01-30T15:15:39","modified_gmt":"2026-01-30T12:15:39","slug":"marc-jacobs-tote-bag-textile","status":"publish","type":"product","link":"https:\/\/nextsnkr.com\/et\/toode\/marc-jacobs-tote-bag-textile\/","title":{"rendered":"Marc Jacobs Tote Bag-stiilne naiste tekstiilkott"},"content":{"rendered":"<h2>Marc Jacobs Tote Bag-stiilne naiste tekstiilkott<\/h2>\n<p>Marc Jacobs Tote Bag Textile on kerge ja mugav aksessuaar igap\u00e4evaseks kasutamiseks. Valmistatud kvaliteetsest tekstiilist, see tagab praktilisuse, vastupidavuse ja mugavuse kandmisel. Avar Tote-vorming v\u00f5imaldab teil paigutada k\u00f5ik vajalikud asjad-alates dokumentidest kuni isiklike aksessuaarideni. Marc Jacobsi stiilne disain r\u00f5hutab teie v\u00e4limust ja on mitmek\u00fclgne t\u00e4iendus igale stiilile. Ideaalne valik aktiivsetele ja stiilsetele naistele.<\/p>\n","protected":false},"excerpt":{"rendered":"<p>Marc Jacobs Tote Bag Textile on kerge ja mugav aksessuaar igap\u00e4evaseks kasutamiseks. Valmistatud kvaliteetsest tekstiilist, see tagab praktilisuse, vastupidavuse ja mugavuse kandmisel. Avar Tote-vorming v\u00f5imaldab teil paigutada k\u00f5ik vajalikud asjad-alates dokumentidest kuni isiklike aksessuaarideni. Marc Jacobsi stiilne disain r\u00f5hutab teie v\u00e4limust ja on mitmek\u00fclgne t\u00e4iendus igale stiilile. Ideaalne valik aktiivsetele ja stiilsetele naistele.<\/p>\n","protected":false},"featured_media":665297,"comment_status":"open","ping_status":"open","template":"","meta":[],"product_brand":[],"product_cat":[3186,3474],"product_tag":[],"class_list":{"0":"post-665296","1":"product","2":"type-product","3":"status-publish","4":"has-post-thumbnail","6":"product_cat-all-product","7":"product_cat-sumky","8":"pa_rozmir-33kh26","10":"first","11":"instock","12":"purchasable","13":"product-type-simple"},"_links":{"self":[{"href":"https:\/\/nextsnkr.com\/et\/wp-json\/wp\/v2\/product\/665296","targetHints":{"allow":["GET"]}}],"collection":[{"href":"https:\/\/nextsnkr.com\/et\/wp-json\/wp\/v2\/product"}],"about":[{"href":"https:\/\/nextsnkr.com\/et\/wp-json\/wp\/v2\/types\/product"}],"replies":[{"embeddable":true,"href":"https:\/\/nextsnkr.com\/et\/wp-json\/wp\/v2\/comments?post=665296"}],"version-history":[{"count":0,"href":"https:\/\/nextsnkr.com\/et\/wp-json\/wp\/v2\/product\/665296\/revisions"}],"wp:featuredmedia":[{"embeddable":true,"href":"https:\/\/nextsnkr.com\/et\/wp-json\/wp\/v2\/media\/665297"}],"wp:attachment":[{"href":"https:\/\/nextsnkr.com\/et\/wp-json\/wp\/v2\/media?parent=665296"}],"wp:term":[{"taxonomy":"product_brand","embeddable":true,"href":"https:\/\/nextsnkr.com\/et\/wp-json\/wp\/v2\/product_brand?post=665296"},{"taxonomy":"product_cat","embeddable":true,"href":"https:\/\/nextsnkr.com\/et\/wp-json\/wp\/v2\/product_cat?post=665296"},{"taxonomy":"product_tag","embeddable":true,"href":"https:\/\/nextsnkr.com\/et\/wp-json\/wp\/v2\/product_tag?post=665296"}],"curies":[{"name":"wp","href":"https:\/\/api.w.org\/{rel}","templated":true}]}}