{"id":664903,"date":"2025-06-13T13:08:35","date_gmt":"2025-06-13T10:08:35","guid":{"rendered":"https:\/\/nextsnkr.com\/product\/pinko-puff\/"},"modified":"2026-01-30T15:15:13","modified_gmt":"2026-01-30T12:15:13","slug":"pinko-puff","status":"publish","type":"product","link":"https:\/\/nextsnkr.com\/et\/toode\/pinko-puff\/","title":{"rendered":"Eco-nahast Pinko Puff kott-stiilne naiste aksessuaar"},"content":{"rendered":"<h2>Eco-nahast Pinko Puff kott-stiilne naiste aksessuaar<\/h2>\n<p>Pinko Puff kott on elegantne ja kaasaegne mudel, mis on loodud neile, kes hindavad stiili ja mugavust. Valmistatud kvaliteetsest \u00f6konahast, \u00fchendab see hoolduse lihtsuse, meeldiva tekstuuri ja pika t\u00f6\u00f6ea. Stiilne disain koos ajakohaste detailidega muudab koti igap\u00e4evaseks kasutamiseks, jalutusk\u00e4ikudeks v\u00f5i \u00f5htuseks v\u00e4ljan\u00e4gemiseks universaalseks. Pinko Puff t\u00e4iendab suurep\u00e4raselt garderoobi ja muutub erksaks aktsendiks, mis r\u00f5hutab omaniku individuaalsust.<\/p>\n","protected":false},"excerpt":{"rendered":"<p>Pinko Puff kott on elegantne ja kaasaegne mudel, mis on loodud neile, kes hindavad stiili ja mugavust. Valmistatud kvaliteetsest \u00f6konahast, \u00fchendab see hoolduse lihtsuse, meeldiva tekstuuri ja pika t\u00f6\u00f6ea. Stiilne disain koos ajakohaste detailidega muudab koti igap\u00e4evaseks kasutamiseks, jalutusk\u00e4ikudeks v\u00f5i \u00f5htuseks v\u00e4ljan\u00e4gemiseks universaalseks. Pinko Puff t\u00e4iendab suurep\u00e4raselt garderoobi ja muutub erksaks aktsendiks, mis r\u00f5hutab omaniku individuaalsust.<\/p>\n","protected":false},"featured_media":664904,"comment_status":"open","ping_status":"open","template":"","meta":[],"product_brand":[],"product_cat":[3186,3474],"product_tag":[],"class_list":{"0":"post-664903","1":"product","2":"type-product","3":"status-publish","4":"has-post-thumbnail","6":"product_cat-all-product","7":"product_cat-sumky","8":"pa_rozmir-25x20-sale","10":"first","11":"instock","12":"purchasable","13":"product-type-simple"},"_links":{"self":[{"href":"https:\/\/nextsnkr.com\/et\/wp-json\/wp\/v2\/product\/664903","targetHints":{"allow":["GET"]}}],"collection":[{"href":"https:\/\/nextsnkr.com\/et\/wp-json\/wp\/v2\/product"}],"about":[{"href":"https:\/\/nextsnkr.com\/et\/wp-json\/wp\/v2\/types\/product"}],"replies":[{"embeddable":true,"href":"https:\/\/nextsnkr.com\/et\/wp-json\/wp\/v2\/comments?post=664903"}],"version-history":[{"count":0,"href":"https:\/\/nextsnkr.com\/et\/wp-json\/wp\/v2\/product\/664903\/revisions"}],"wp:featuredmedia":[{"embeddable":true,"href":"https:\/\/nextsnkr.com\/et\/wp-json\/wp\/v2\/media\/664904"}],"wp:attachment":[{"href":"https:\/\/nextsnkr.com\/et\/wp-json\/wp\/v2\/media?parent=664903"}],"wp:term":[{"taxonomy":"product_brand","embeddable":true,"href":"https:\/\/nextsnkr.com\/et\/wp-json\/wp\/v2\/product_brand?post=664903"},{"taxonomy":"product_cat","embeddable":true,"href":"https:\/\/nextsnkr.com\/et\/wp-json\/wp\/v2\/product_cat?post=664903"},{"taxonomy":"product_tag","embeddable":true,"href":"https:\/\/nextsnkr.com\/et\/wp-json\/wp\/v2\/product_tag?post=664903"}],"curies":[{"name":"wp","href":"https:\/\/api.w.org\/{rel}","templated":true}]}}