{"id":663910,"date":"2025-06-14T15:01:02","date_gmt":"2025-06-14T12:01:02","guid":{"rendered":"https:\/\/nextsnkr.com\/product\/louis-vuitton-onthego\/"},"modified":"2026-01-30T15:13:53","modified_gmt":"2026-01-30T12:13:53","slug":"louis-vuitton-onthego","status":"publish","type":"product","link":"https:\/\/nextsnkr.com\/et\/toode\/louis-vuitton-onthego\/","title":{"rendered":"Louis Vuitton Onthego kott &#8211; naiste stiilne \u00f6ko &#8211; nahast kott"},"content":{"rendered":"<h2>Louis Vuitton Onthego kott &#8211; naiste stiilne \u00f6ko &#8211; nahast kott<\/h2>\n<p>Louis Vuitton Onthego kott on avar ja kogenud mudel, mis on loodud kaasaegsetele naistele, kes hindavad stiili ja funktsionaalsust. Valmistatud kvaliteetsest \u00f6konahast, sellel on vastupidav konstruktsioon ja mugavad k\u00e4epidemed, mis muudavad selle ideaalseks igap\u00e4evaseks kasutamiseks. Mahukas sektsioon v\u00f5imaldab teil paigutada k\u00f5ik vajalikud asjad-alates dokumentidest kuni aksessuaarideni. Valige Onthego, et r\u00f5hutada oma elegantset v\u00e4limust ja praktilisust iga p\u00e4ev. Kood: 4196-547901.<\/p>\n","protected":false},"excerpt":{"rendered":"<p>Louis Vuitton Onthego kott on avar ja kogenud mudel, mis on loodud kaasaegsetele naistele, kes hindavad stiili ja funktsionaalsust. Valmistatud kvaliteetsest \u00f6konahast, sellel on vastupidav konstruktsioon ja mugavad k\u00e4epidemed, mis muudavad selle ideaalseks igap\u00e4evaseks kasutamiseks. Mahukas sektsioon v\u00f5imaldab teil paigutada k\u00f5ik vajalikud asjad-alates dokumentidest kuni aksessuaarideni. Valige Onthego, et r\u00f5hutada oma elegantset v\u00e4limust ja praktilisust iga p\u00e4ev. Kood: 4196-547901.<\/p>\n","protected":false},"featured_media":663913,"comment_status":"open","ping_status":"open","template":"","meta":[],"product_brand":[],"product_cat":[3186,3474],"product_tag":[],"class_list":{"0":"post-663910","1":"product","2":"type-product","3":"status-publish","4":"has-post-thumbnail","6":"product_cat-all-product","7":"product_cat-sumky","8":"pa_rozmir-41x31","10":"first","11":"instock","12":"purchasable","13":"product-type-simple"},"_links":{"self":[{"href":"https:\/\/nextsnkr.com\/et\/wp-json\/wp\/v2\/product\/663910","targetHints":{"allow":["GET"]}}],"collection":[{"href":"https:\/\/nextsnkr.com\/et\/wp-json\/wp\/v2\/product"}],"about":[{"href":"https:\/\/nextsnkr.com\/et\/wp-json\/wp\/v2\/types\/product"}],"replies":[{"embeddable":true,"href":"https:\/\/nextsnkr.com\/et\/wp-json\/wp\/v2\/comments?post=663910"}],"version-history":[{"count":0,"href":"https:\/\/nextsnkr.com\/et\/wp-json\/wp\/v2\/product\/663910\/revisions"}],"wp:featuredmedia":[{"embeddable":true,"href":"https:\/\/nextsnkr.com\/et\/wp-json\/wp\/v2\/media\/663913"}],"wp:attachment":[{"href":"https:\/\/nextsnkr.com\/et\/wp-json\/wp\/v2\/media?parent=663910"}],"wp:term":[{"taxonomy":"product_brand","embeddable":true,"href":"https:\/\/nextsnkr.com\/et\/wp-json\/wp\/v2\/product_brand?post=663910"},{"taxonomy":"product_cat","embeddable":true,"href":"https:\/\/nextsnkr.com\/et\/wp-json\/wp\/v2\/product_cat?post=663910"},{"taxonomy":"product_tag","embeddable":true,"href":"https:\/\/nextsnkr.com\/et\/wp-json\/wp\/v2\/product_tag?post=663910"}],"curies":[{"name":"wp","href":"https:\/\/api.w.org\/{rel}","templated":true}]}}