{"id":663111,"date":"2025-06-14T15:01:39","date_gmt":"2025-06-14T12:01:39","guid":{"rendered":"https:\/\/nextsnkr.com\/product\/guess\/"},"modified":"2026-01-30T15:12:59","modified_gmt":"2026-01-30T12:12:59","slug":"guess","status":"publish","type":"product","link":"https:\/\/nextsnkr.com\/et\/toode\/guess\/","title":{"rendered":"\u00d6ko-nahast kott guess-stiilne naiste igap\u00e4evane Mudel"},"content":{"rendered":"<h2>\u00d6ko-nahast kott guess-stiilne naiste igap\u00e4evane Mudel<\/h2>\n<p>Guess kott on valmistatud kvaliteetsest \u00f6konahast, mis \u00fchendab stiilse v\u00e4limuse ja praktilisuse. Mudelil on puhas disain, mugav igap\u00e4evane kasutamine ja mitmek\u00fclgsus iga pildi jaoks. Vastupidav materjal hoiab oma kuju h\u00e4sti ning kaubam\u00e4rk Guess lisab tootele elegantsi ja staatust. See kott on suurep\u00e4rane valik naistele, kes hindavad kvaliteeti, mugavust ja kaasaegset stiili.<\/p>\n","protected":false},"excerpt":{"rendered":"<p>Guess kott on valmistatud kvaliteetsest \u00f6konahast, mis \u00fchendab stiilse v\u00e4limuse ja praktilisuse. Mudelil on puhas disain, mugav igap\u00e4evane kasutamine ja mitmek\u00fclgsus iga pildi jaoks. Vastupidav materjal hoiab oma kuju h\u00e4sti ning kaubam\u00e4rk Guess lisab tootele elegantsi ja staatust. See kott on suurep\u00e4rane valik naistele, kes hindavad kvaliteeti, mugavust ja kaasaegset stiili.<\/p>\n","protected":false},"featured_media":663113,"comment_status":"open","ping_status":"open","template":"","meta":[],"product_brand":[],"product_cat":[3186,3474],"product_tag":[],"class_list":{"0":"post-663111","1":"product","2":"type-product","3":"status-publish","4":"has-post-thumbnail","6":"product_cat-all-product","7":"product_cat-sumky","8":"pa_rozmir-29x16","10":"first","11":"instock","12":"purchasable","13":"product-type-simple"},"_links":{"self":[{"href":"https:\/\/nextsnkr.com\/et\/wp-json\/wp\/v2\/product\/663111","targetHints":{"allow":["GET"]}}],"collection":[{"href":"https:\/\/nextsnkr.com\/et\/wp-json\/wp\/v2\/product"}],"about":[{"href":"https:\/\/nextsnkr.com\/et\/wp-json\/wp\/v2\/types\/product"}],"replies":[{"embeddable":true,"href":"https:\/\/nextsnkr.com\/et\/wp-json\/wp\/v2\/comments?post=663111"}],"version-history":[{"count":0,"href":"https:\/\/nextsnkr.com\/et\/wp-json\/wp\/v2\/product\/663111\/revisions"}],"wp:featuredmedia":[{"embeddable":true,"href":"https:\/\/nextsnkr.com\/et\/wp-json\/wp\/v2\/media\/663113"}],"wp:attachment":[{"href":"https:\/\/nextsnkr.com\/et\/wp-json\/wp\/v2\/media?parent=663111"}],"wp:term":[{"taxonomy":"product_brand","embeddable":true,"href":"https:\/\/nextsnkr.com\/et\/wp-json\/wp\/v2\/product_brand?post=663111"},{"taxonomy":"product_cat","embeddable":true,"href":"https:\/\/nextsnkr.com\/et\/wp-json\/wp\/v2\/product_cat?post=663111"},{"taxonomy":"product_tag","embeddable":true,"href":"https:\/\/nextsnkr.com\/et\/wp-json\/wp\/v2\/product_tag?post=663111"}],"curies":[{"name":"wp","href":"https:\/\/api.w.org\/{rel}","templated":true}]}}