{"id":660564,"date":"2025-06-14T15:05:31","date_gmt":"2025-06-14T12:05:31","guid":{"rendered":"https:\/\/nextsnkr.com\/product\/guess-3\/"},"modified":"2026-01-30T15:09:35","modified_gmt":"2026-01-30T12:09:35","slug":"guess-3","status":"publish","type":"product","link":"https:\/\/nextsnkr.com\/et\/toode\/guess-3\/","title":{"rendered":"Guess kott &#8211; stiilne naiste \u00f6ko-nahast kott igaks p\u00e4evaks"},"content":{"rendered":"<h2>Guess kott &#8211; stiilne naiste \u00f6ko-nahast kott igaks p\u00e4evaks<\/h2>\n<p>Kott Guess on elegantne aksessuaar, mis on valmistatud kvaliteetsest \u00f6konahast, \u00fchendades tugevuse, kerguse ja kaasaegse v\u00e4limuse. T\u00e4nu l\u00e4bim\u00f5eldud disainile sobib mudel igap\u00e4evaseks kasutamiseks, mahutab k\u00f5ik vajalikud asjad ja s\u00e4ilitab korraliku kuju. Guessi alahinnatud Stiil ja signatuurdetailid lisavad v\u00e4limusele keerukust ja moekat aktsenti. See on suurep\u00e4rane valik naistele, kes hindavad praktilisuse ja br\u00e4ndi esteetika kombinatsiooni. Valige kott Guess-ja r\u00f5hutage oma laitmatut maitset.<\/p>\n","protected":false},"excerpt":{"rendered":"<p>Kott Guess on elegantne aksessuaar, mis on valmistatud kvaliteetsest \u00f6konahast, \u00fchendades tugevuse, kerguse ja kaasaegse v\u00e4limuse. T\u00e4nu l\u00e4bim\u00f5eldud disainile sobib mudel igap\u00e4evaseks kasutamiseks, mahutab k\u00f5ik vajalikud asjad ja s\u00e4ilitab korraliku kuju. Guessi alahinnatud Stiil ja signatuurdetailid lisavad v\u00e4limusele keerukust ja moekat aktsenti. See on suurep\u00e4rane valik naistele, kes hindavad praktilisuse ja br\u00e4ndi esteetika kombinatsiooni. Valige kott Guess-ja r\u00f5hutage oma laitmatut maitset.<\/p>\n","protected":false},"featured_media":660568,"comment_status":"open","ping_status":"open","template":"","meta":[],"product_brand":[],"product_cat":[3186,3474],"product_tag":[],"class_list":{"0":"post-660564","1":"product","2":"type-product","3":"status-publish","4":"has-post-thumbnail","6":"product_cat-all-product","7":"product_cat-sumky","8":"pa_rozmir-20kh11kh2","10":"first","11":"instock","12":"purchasable","13":"product-type-simple"},"_links":{"self":[{"href":"https:\/\/nextsnkr.com\/et\/wp-json\/wp\/v2\/product\/660564","targetHints":{"allow":["GET"]}}],"collection":[{"href":"https:\/\/nextsnkr.com\/et\/wp-json\/wp\/v2\/product"}],"about":[{"href":"https:\/\/nextsnkr.com\/et\/wp-json\/wp\/v2\/types\/product"}],"replies":[{"embeddable":true,"href":"https:\/\/nextsnkr.com\/et\/wp-json\/wp\/v2\/comments?post=660564"}],"version-history":[{"count":0,"href":"https:\/\/nextsnkr.com\/et\/wp-json\/wp\/v2\/product\/660564\/revisions"}],"wp:featuredmedia":[{"embeddable":true,"href":"https:\/\/nextsnkr.com\/et\/wp-json\/wp\/v2\/media\/660568"}],"wp:attachment":[{"href":"https:\/\/nextsnkr.com\/et\/wp-json\/wp\/v2\/media?parent=660564"}],"wp:term":[{"taxonomy":"product_brand","embeddable":true,"href":"https:\/\/nextsnkr.com\/et\/wp-json\/wp\/v2\/product_brand?post=660564"},{"taxonomy":"product_cat","embeddable":true,"href":"https:\/\/nextsnkr.com\/et\/wp-json\/wp\/v2\/product_cat?post=660564"},{"taxonomy":"product_tag","embeddable":true,"href":"https:\/\/nextsnkr.com\/et\/wp-json\/wp\/v2\/product_tag?post=660564"}],"curies":[{"name":"wp","href":"https:\/\/api.w.org\/{rel}","templated":true}]}}