{"id":660060,"date":"2025-06-14T15:06:10","date_gmt":"2025-06-14T12:06:10","guid":{"rendered":"https:\/\/nextsnkr.com\/product\/gucci\/"},"modified":"2026-01-30T15:08:48","modified_gmt":"2026-01-30T12:08:48","slug":"gucci","status":"publish","type":"product","link":"https:\/\/nextsnkr.com\/et\/toode\/gucci\/","title":{"rendered":"Gucci v\u00f6\u00f6 &#8211; stiilne meeste ja naiste \u00f6ko-nahk"},"content":{"rendered":"<h2>Gucci v\u00f6\u00f6 &#8211; stiilne meeste ja naiste \u00f6ko-nahk<\/h2>\n<p>Gucci v\u00f6\u00f6 on mitmek\u00fclgne aksessuaar, mis \u00fchendab stiili, kvaliteeti ja praktilisust. Valmistatud kvaliteetsest \u00f6konahast, s\u00e4ilitab see atraktiivse v\u00e4limuse ja kulumiskindluse. Klassikaline disain sobib h\u00f5lpsasti vabaaja-ja \u00e4ririietusega, r\u00f5hutades isikup\u00e4ra ja kaasaegset stiili. Ideaalne valik neile, kes otsivad trendikat ja usaldusv\u00e4\u00e4rset Gucci v\u00f6\u00f6d igap\u00e4evaseks kasutamiseks.<\/p>\n","protected":false},"excerpt":{"rendered":"<p>Gucci v\u00f6\u00f6 on mitmek\u00fclgne aksessuaar, mis \u00fchendab stiili, kvaliteeti ja praktilisust. Valmistatud kvaliteetsest \u00f6konahast, s\u00e4ilitab see atraktiivse v\u00e4limuse ja kulumiskindluse. Klassikaline disain sobib h\u00f5lpsasti vabaaja-ja \u00e4ririietusega, r\u00f5hutades isikup\u00e4ra ja kaasaegset stiili. Ideaalne valik neile, kes otsivad trendikat ja usaldusv\u00e4\u00e4rset Gucci v\u00f6\u00f6d igap\u00e4evaseks kasutamiseks.<\/p>\n","protected":false},"featured_media":660061,"comment_status":"open","ping_status":"open","template":"","meta":[],"product_brand":[],"product_cat":[3186,3734],"product_tag":[],"class_list":{"0":"post-660060","1":"product","2":"type-product","3":"status-publish","4":"has-post-thumbnail","6":"product_cat-all-product","7":"product_cat-pojasi","8":"pa_rozmir-120-cm","10":"first","11":"instock","12":"purchasable","13":"product-type-simple"},"_links":{"self":[{"href":"https:\/\/nextsnkr.com\/et\/wp-json\/wp\/v2\/product\/660060","targetHints":{"allow":["GET"]}}],"collection":[{"href":"https:\/\/nextsnkr.com\/et\/wp-json\/wp\/v2\/product"}],"about":[{"href":"https:\/\/nextsnkr.com\/et\/wp-json\/wp\/v2\/types\/product"}],"replies":[{"embeddable":true,"href":"https:\/\/nextsnkr.com\/et\/wp-json\/wp\/v2\/comments?post=660060"}],"version-history":[{"count":0,"href":"https:\/\/nextsnkr.com\/et\/wp-json\/wp\/v2\/product\/660060\/revisions"}],"wp:featuredmedia":[{"embeddable":true,"href":"https:\/\/nextsnkr.com\/et\/wp-json\/wp\/v2\/media\/660061"}],"wp:attachment":[{"href":"https:\/\/nextsnkr.com\/et\/wp-json\/wp\/v2\/media?parent=660060"}],"wp:term":[{"taxonomy":"product_brand","embeddable":true,"href":"https:\/\/nextsnkr.com\/et\/wp-json\/wp\/v2\/product_brand?post=660060"},{"taxonomy":"product_cat","embeddable":true,"href":"https:\/\/nextsnkr.com\/et\/wp-json\/wp\/v2\/product_cat?post=660060"},{"taxonomy":"product_tag","embeddable":true,"href":"https:\/\/nextsnkr.com\/et\/wp-json\/wp\/v2\/product_tag?post=660060"}],"curies":[{"name":"wp","href":"https:\/\/api.w.org\/{rel}","templated":true}]}}