{"id":659872,"date":"2025-06-19T21:21:23","date_gmt":"2025-06-19T18:21:23","guid":{"rendered":"https:\/\/nextsnkr.com\/product\/air-jordan-retro-4-x-kaws-grey-premium\/"},"modified":"2026-01-30T15:09:04","modified_gmt":"2026-01-30T12:09:04","slug":"air-jordan-retro-4-x-kaws-grey-premium","status":"publish","type":"product","link":"https:\/\/nextsnkr.com\/et\/toode\/air-jordan-retro-4-x-kaws-grey-premium\/","title":{"rendered":"AIR JORDAN RETRO 4 x KAWS GREY Premium seemisnahast tossud"},"content":{"rendered":"<h2>AIR JORDAN RETRO 4 x KAWS GREY Premium seemisnahast tossud<\/h2>\n<p>Stiilsed AIR JORDAN RETRO 4 x KAWS GREY tossud on valmistatud kvaliteetsest seemisnahast, mis tagab mugavuse ja vastupidavuse. Premium disain r\u00f5hutab isikup\u00e4ra ja kaasaegset linnastiili. Ideaalne igap\u00e4evaseks kasutamiseks ja Air Jordan br\u00e4ndi kogujatele. Need esmaklassilised tossud \u00fchendavad elegantsi, t\u00f6\u00f6kindluse ja mugavuse, muutes need suurep\u00e4raseks valikuks igas garderoobis.<\/p>\n","protected":false},"excerpt":{"rendered":"<p>Stiilsed AIR JORDAN RETRO 4 x KAWS GREY tossud on valmistatud kvaliteetsest seemisnahast, mis tagab mugavuse ja vastupidavuse. Premium disain r\u00f5hutab isikup\u00e4ra ja kaasaegset linnastiili. Ideaalne igap\u00e4evaseks kasutamiseks ja Air Jordan br\u00e4ndi kogujatele. Need esmaklassilised tossud \u00fchendavad elegantsi, t\u00f6\u00f6kindluse ja mugavuse, muutes need suurep\u00e4raseks valikuks igas garderoobis.<\/p>\n","protected":false},"featured_media":659873,"comment_status":"open","ping_status":"open","template":"","meta":[],"product_brand":[],"product_cat":[3382,3186,3187],"product_tag":[],"class_list":{"0":"post-659872","1":"product","2":"type-product","3":"status-publish","4":"has-post-thumbnail","6":"product_cat-nike-jordan","7":"product_cat-all-product","8":"product_cat-krosivky","9":"pa_rozmir-910","10":"pa_rozmir-912","11":"pa_rozmir-914","12":"pa_rozmir-915","13":"pa_rozmir-916","14":"pa_rozmir-917","15":"pa_rozmir-918","16":"pa_rozmir-919","17":"pa_rozmir-920","18":"pa_rozmir-921","19":"pa_rozmir-922","21":"first","22":"instock","23":"purchasable","24":"product-type-variable"},"_links":{"self":[{"href":"https:\/\/nextsnkr.com\/et\/wp-json\/wp\/v2\/product\/659872","targetHints":{"allow":["GET"]}}],"collection":[{"href":"https:\/\/nextsnkr.com\/et\/wp-json\/wp\/v2\/product"}],"about":[{"href":"https:\/\/nextsnkr.com\/et\/wp-json\/wp\/v2\/types\/product"}],"replies":[{"embeddable":true,"href":"https:\/\/nextsnkr.com\/et\/wp-json\/wp\/v2\/comments?post=659872"}],"version-history":[{"count":0,"href":"https:\/\/nextsnkr.com\/et\/wp-json\/wp\/v2\/product\/659872\/revisions"}],"wp:featuredmedia":[{"embeddable":true,"href":"https:\/\/nextsnkr.com\/et\/wp-json\/wp\/v2\/media\/659873"}],"wp:attachment":[{"href":"https:\/\/nextsnkr.com\/et\/wp-json\/wp\/v2\/media?parent=659872"}],"wp:term":[{"taxonomy":"product_brand","embeddable":true,"href":"https:\/\/nextsnkr.com\/et\/wp-json\/wp\/v2\/product_brand?post=659872"},{"taxonomy":"product_cat","embeddable":true,"href":"https:\/\/nextsnkr.com\/et\/wp-json\/wp\/v2\/product_cat?post=659872"},{"taxonomy":"product_tag","embeddable":true,"href":"https:\/\/nextsnkr.com\/et\/wp-json\/wp\/v2\/product_tag?post=659872"}],"curies":[{"name":"wp","href":"https:\/\/api.w.org\/{rel}","templated":true}]}}