{"id":659667,"date":"2025-06-14T15:06:18","date_gmt":"2025-06-14T12:06:18","guid":{"rendered":"https:\/\/nextsnkr.com\/product\/gucci-black\/"},"modified":"2026-01-30T15:08:18","modified_gmt":"2026-01-30T12:08:18","slug":"gucci-black","status":"publish","type":"product","link":"https:\/\/nextsnkr.com\/et\/toode\/gucci-black\/","title":{"rendered":"Gucci must v\u00f6\u00f6-stiilne \u00f6ko-nahast must v\u00f6\u00f6"},"content":{"rendered":"<h2>Gucci must v\u00f6\u00f6-stiilne \u00f6ko-nahast must v\u00f6\u00f6<\/h2>\n<p>Gucci Black v\u00f6\u00f6 on elegantne aksessuaar, mis \u00fchendab edukalt stiili ja praktilisuse. Valmistatud kvaliteetsest \u00f6konahast, sellel on meeldiv tekstuur, kulumiskindlus ja see sobib igap\u00e4evaseks kasutamiseks. Universaalset musta v\u00e4rvi on lihtne kombineerida mis tahes v\u00e4limusega \u2014 alates klassikast kuni juhusliku v\u00e4rvini. Stiilne disain koos allkirja aktsendiga lisab igale vibule t\u00e4ielikkust. Valige Gucci Black, et r\u00f5hutada oma maitset ja lisada v\u00e4limusele esmaklassiline v\u00e4limus.<\/p>\n","protected":false},"excerpt":{"rendered":"<p>Gucci Black v\u00f6\u00f6 on elegantne aksessuaar, mis \u00fchendab edukalt stiili ja praktilisuse. Valmistatud kvaliteetsest \u00f6konahast, sellel on meeldiv tekstuur, kulumiskindlus ja see sobib igap\u00e4evaseks kasutamiseks. Universaalset musta v\u00e4rvi on lihtne kombineerida mis tahes v\u00e4limusega \u2014 alates klassikast kuni juhusliku v\u00e4rvini. Stiilne disain koos allkirja aktsendiga lisab igale vibule t\u00e4ielikkust. Valige Gucci Black, et r\u00f5hutada oma maitset ja lisada v\u00e4limusele esmaklassiline v\u00e4limus.<\/p>\n","protected":false},"featured_media":659668,"comment_status":"open","ping_status":"open","template":"","meta":[],"product_brand":[],"product_cat":[3186,3734],"product_tag":[],"class_list":{"0":"post-659667","1":"product","2":"type-product","3":"status-publish","4":"has-post-thumbnail","6":"product_cat-all-product","7":"product_cat-pojasi","8":"pa_rozmir-120-sm","10":"first","11":"instock","12":"purchasable","13":"product-type-simple"},"_links":{"self":[{"href":"https:\/\/nextsnkr.com\/et\/wp-json\/wp\/v2\/product\/659667","targetHints":{"allow":["GET"]}}],"collection":[{"href":"https:\/\/nextsnkr.com\/et\/wp-json\/wp\/v2\/product"}],"about":[{"href":"https:\/\/nextsnkr.com\/et\/wp-json\/wp\/v2\/types\/product"}],"replies":[{"embeddable":true,"href":"https:\/\/nextsnkr.com\/et\/wp-json\/wp\/v2\/comments?post=659667"}],"version-history":[{"count":0,"href":"https:\/\/nextsnkr.com\/et\/wp-json\/wp\/v2\/product\/659667\/revisions"}],"wp:featuredmedia":[{"embeddable":true,"href":"https:\/\/nextsnkr.com\/et\/wp-json\/wp\/v2\/media\/659668"}],"wp:attachment":[{"href":"https:\/\/nextsnkr.com\/et\/wp-json\/wp\/v2\/media?parent=659667"}],"wp:term":[{"taxonomy":"product_brand","embeddable":true,"href":"https:\/\/nextsnkr.com\/et\/wp-json\/wp\/v2\/product_brand?post=659667"},{"taxonomy":"product_cat","embeddable":true,"href":"https:\/\/nextsnkr.com\/et\/wp-json\/wp\/v2\/product_cat?post=659667"},{"taxonomy":"product_tag","embeddable":true,"href":"https:\/\/nextsnkr.com\/et\/wp-json\/wp\/v2\/product_tag?post=659667"}],"curies":[{"name":"wp","href":"https:\/\/api.w.org\/{rel}","templated":true}]}}