{"id":659336,"date":"2025-06-14T21:31:38","date_gmt":"2025-06-14T18:31:38","guid":{"rendered":"https:\/\/nextsnkr.com\/product\/ugg-classic-short-brown-mocha-rasprodazha\/"},"modified":"2026-01-30T15:08:03","modified_gmt":"2026-01-30T12:08:03","slug":"ugg-classic-short-brown-mocha-rasprodazha","status":"publish","type":"product","link":"https:\/\/nextsnkr.com\/et\/toode\/ugg-classic-short-brown-mocha-rasprodazha\/","title":{"rendered":"UGG Classic Short Brown Mocha &#8211; naiste seemisnahast karusnahast uggs"},"content":{"rendered":"<h2>UGG Classic Short Brown Mocha &#8211; naiste seemisnahast karusnahast uggs<\/h2>\n<p>UGG Classic Short Brown Mocha-mugavad ja soojad uggid talvehooajaks, mis on valmistatud looduslikust seemisnahast ja pehmest kunstkarusnahast. Klassikaline pruun v\u00e4rv r\u00f5hutab v\u00e4limuse elegantsi ja mitmek\u00fclgsust. Mudel pakub soojust ja mugavust igap\u00e4evase kandmise ajal ning kerge tald tagab k\u00f5ndimise mugavuse. Austraalias toodetud need uggid on kvaliteetsed ja vastupidavad. Valige Ugg Classic Short, et saada segu stiilist, hubasusest ja praktilisusest.<\/p>\n","protected":false},"excerpt":{"rendered":"<p>UGG Classic Short Brown Mocha-mugavad ja soojad uggid talvehooajaks, mis on valmistatud looduslikust seemisnahast ja pehmest kunstkarusnahast. Klassikaline pruun v\u00e4rv r\u00f5hutab v\u00e4limuse elegantsi ja mitmek\u00fclgsust. Mudel pakub soojust ja mugavust igap\u00e4evase kandmise ajal ning kerge tald tagab k\u00f5ndimise mugavuse. Austraalias toodetud need uggid on kvaliteetsed ja vastupidavad. Valige Ugg Classic Short, et saada segu stiilist, hubasusest ja praktilisusest.<\/p>\n","protected":false},"featured_media":659338,"comment_status":"open","ping_status":"open","template":"","meta":[],"product_brand":[],"product_cat":[3406,3186],"product_tag":[],"class_list":{"0":"post-659336","1":"product","2":"type-product","3":"status-publish","4":"has-post-thumbnail","6":"product_cat-ugg","7":"product_cat-all-product","8":"pa_rozmir-923","9":"pa_rozmir-910","10":"pa_rozmir-912","11":"pa_rozmir-914","12":"pa_rozmir-915","13":"pa_rozmir-916","14":"pa_rozmir-917","15":"pa_rozmir-918","16":"pa_rozmir-919","17":"pa_rozmir-920","18":"pa_rozmir-921","20":"first","21":"onbackorder","22":"purchasable","23":"product-type-variable"},"_links":{"self":[{"href":"https:\/\/nextsnkr.com\/et\/wp-json\/wp\/v2\/product\/659336","targetHints":{"allow":["GET"]}}],"collection":[{"href":"https:\/\/nextsnkr.com\/et\/wp-json\/wp\/v2\/product"}],"about":[{"href":"https:\/\/nextsnkr.com\/et\/wp-json\/wp\/v2\/types\/product"}],"replies":[{"embeddable":true,"href":"https:\/\/nextsnkr.com\/et\/wp-json\/wp\/v2\/comments?post=659336"}],"version-history":[{"count":0,"href":"https:\/\/nextsnkr.com\/et\/wp-json\/wp\/v2\/product\/659336\/revisions"}],"wp:featuredmedia":[{"embeddable":true,"href":"https:\/\/nextsnkr.com\/et\/wp-json\/wp\/v2\/media\/659338"}],"wp:attachment":[{"href":"https:\/\/nextsnkr.com\/et\/wp-json\/wp\/v2\/media?parent=659336"}],"wp:term":[{"taxonomy":"product_brand","embeddable":true,"href":"https:\/\/nextsnkr.com\/et\/wp-json\/wp\/v2\/product_brand?post=659336"},{"taxonomy":"product_cat","embeddable":true,"href":"https:\/\/nextsnkr.com\/et\/wp-json\/wp\/v2\/product_cat?post=659336"},{"taxonomy":"product_tag","embeddable":true,"href":"https:\/\/nextsnkr.com\/et\/wp-json\/wp\/v2\/product_tag?post=659336"}],"curies":[{"name":"wp","href":"https:\/\/api.w.org\/{rel}","templated":true}]}}