{"id":658840,"date":"2025-06-14T21:33:13","date_gmt":"2025-06-14T18:33:13","guid":{"rendered":"https:\/\/nextsnkr.com\/product\/ugg-classic-short-dark-brown-rasprodazha\/"},"modified":"2026-01-30T15:07:41","modified_gmt":"2026-01-30T12:07:41","slug":"ugg-classic-short-dark-brown-rasprodazha","status":"publish","type":"product","link":"https:\/\/nextsnkr.com\/et\/toode\/ugg-classic-short-dark-brown-rasprodazha\/","title":{"rendered":"UGG Classic Short Dark Brown-seemisnahast l\u00fchikesed karusnahast saapad"},"content":{"rendered":"<h2>UGG Classic Short Dark Brown-seemisnahast l\u00fchikesed karusnahast saapad<\/h2>\n<p>Ugg Classic Short Dark Brown saapad on valmistatud kvaliteetsest seemisnahast ja soojustatud pehme kunstkarusnahaga, mis pakub k\u00fclmal aastaajal soojust ja mugavust. L\u00fchike mudel on mugav igap\u00e4evaseks kandmiseks ja sobib kergesti iga riietusega. Klassikaline tumepruun v\u00e4rv lisab v\u00e4limusele elegantsi ja mitmek\u00fclgsust. Tootja-Austraalia. Valige ugg Classic Short mugavuse, stiili ja tugeva k\u00fclmakaitse jaoks.<\/p>\n","protected":false},"excerpt":{"rendered":"<p>Ugg Classic Short Dark Brown saapad on valmistatud kvaliteetsest seemisnahast ja soojustatud pehme kunstkarusnahaga, mis pakub k\u00fclmal aastaajal soojust ja mugavust. L\u00fchike mudel on mugav igap\u00e4evaseks kandmiseks ja sobib kergesti iga riietusega. Klassikaline tumepruun v\u00e4rv lisab v\u00e4limusele elegantsi ja mitmek\u00fclgsust. Tootja-Austraalia. Valige ugg Classic Short mugavuse, stiili ja tugeva k\u00fclmakaitse jaoks.<\/p>\n","protected":false},"featured_media":658841,"comment_status":"open","ping_status":"open","template":"","meta":[],"product_brand":[],"product_cat":[3406,3186],"product_tag":[],"class_list":{"0":"post-658840","1":"product","2":"type-product","3":"status-publish","4":"has-post-thumbnail","6":"product_cat-ugg","7":"product_cat-all-product","8":"pa_rozmir-923","9":"pa_rozmir-910","10":"pa_rozmir-912","11":"pa_rozmir-914","12":"pa_rozmir-915","13":"pa_rozmir-916","14":"pa_rozmir-917","15":"pa_rozmir-918","16":"pa_rozmir-919","17":"pa_rozmir-920","18":"pa_rozmir-921","20":"first","21":"onbackorder","22":"purchasable","23":"product-type-variable"},"_links":{"self":[{"href":"https:\/\/nextsnkr.com\/et\/wp-json\/wp\/v2\/product\/658840","targetHints":{"allow":["GET"]}}],"collection":[{"href":"https:\/\/nextsnkr.com\/et\/wp-json\/wp\/v2\/product"}],"about":[{"href":"https:\/\/nextsnkr.com\/et\/wp-json\/wp\/v2\/types\/product"}],"replies":[{"embeddable":true,"href":"https:\/\/nextsnkr.com\/et\/wp-json\/wp\/v2\/comments?post=658840"}],"version-history":[{"count":0,"href":"https:\/\/nextsnkr.com\/et\/wp-json\/wp\/v2\/product\/658840\/revisions"}],"wp:featuredmedia":[{"embeddable":true,"href":"https:\/\/nextsnkr.com\/et\/wp-json\/wp\/v2\/media\/658841"}],"wp:attachment":[{"href":"https:\/\/nextsnkr.com\/et\/wp-json\/wp\/v2\/media?parent=658840"}],"wp:term":[{"taxonomy":"product_brand","embeddable":true,"href":"https:\/\/nextsnkr.com\/et\/wp-json\/wp\/v2\/product_brand?post=658840"},{"taxonomy":"product_cat","embeddable":true,"href":"https:\/\/nextsnkr.com\/et\/wp-json\/wp\/v2\/product_cat?post=658840"},{"taxonomy":"product_tag","embeddable":true,"href":"https:\/\/nextsnkr.com\/et\/wp-json\/wp\/v2\/product_tag?post=658840"}],"curies":[{"name":"wp","href":"https:\/\/api.w.org\/{rel}","templated":true}]}}