{"id":658160,"date":"2025-06-14T21:36:26","date_gmt":"2025-06-14T18:36:26","guid":{"rendered":"https:\/\/nextsnkr.com\/product\/ugg-classic-short-light-gray-rasprodazha\/"},"modified":"2026-01-30T15:07:14","modified_gmt":"2026-01-30T12:07:14","slug":"ugg-classic-short-light-gray-rasprodazha","status":"publish","type":"product","link":"https:\/\/nextsnkr.com\/et\/toode\/ugg-classic-short-light-gray-rasprodazha\/","title":{"rendered":"Ugg Classic Short Light grey saapad-seemisnahk ja kunstkarusnahk"},"content":{"rendered":"<h2>Ugg Classic Short Light grey saapad-seemisnahk ja kunstkarusnahk<\/h2>\n<p>Ugg Classic Short Light grey saapad \u00fchendavad mugavuse, stiili ja soojuse. Valmistatud kvaliteetsest seemisnahast ja kunstkarusnahast, pakuvad need pehmust, vastupidavust ja suurep\u00e4rast soojusisolatsiooni k\u00fclma ilmaga. Helehall v\u00e4rv muudab mudeli mitmek\u00fclgseks ja h\u00f5lpsasti kombineeritavaks mis tahes riietusega. Austraalia tootmine tagab esmaklassilise kvaliteedi ja usaldusv\u00e4\u00e4rsuse. UGG Classic Short Light Grey on ideaalne valik neile, kes hindavad mugavust, praktilisust ja stiili igap\u00e4evases kandmises.<\/p>\n","protected":false},"excerpt":{"rendered":"<p>Ugg Classic Short Light grey saapad \u00fchendavad mugavuse, stiili ja soojuse. Valmistatud kvaliteetsest seemisnahast ja kunstkarusnahast, pakuvad need pehmust, vastupidavust ja suurep\u00e4rast soojusisolatsiooni k\u00fclma ilmaga. Helehall v\u00e4rv muudab mudeli mitmek\u00fclgseks ja h\u00f5lpsasti kombineeritavaks mis tahes riietusega. Austraalia tootmine tagab esmaklassilise kvaliteedi ja usaldusv\u00e4\u00e4rsuse. UGG Classic Short Light Grey on ideaalne valik neile, kes hindavad mugavust, praktilisust ja stiili igap\u00e4evases kandmises.<\/p>\n","protected":false},"featured_media":658161,"comment_status":"open","ping_status":"open","template":"","meta":[],"product_brand":[],"product_cat":[3406,3186],"product_tag":[],"class_list":{"0":"post-658160","1":"product","2":"type-product","3":"status-publish","4":"has-post-thumbnail","6":"product_cat-ugg","7":"product_cat-all-product","8":"pa_rozmir-923","9":"pa_rozmir-910","10":"pa_rozmir-912","11":"pa_rozmir-914","12":"pa_rozmir-915","13":"pa_rozmir-916","14":"pa_rozmir-917","15":"pa_rozmir-918","16":"pa_rozmir-919","17":"pa_rozmir-920","18":"pa_rozmir-921","20":"first","21":"onbackorder","22":"purchasable","23":"product-type-variable"},"_links":{"self":[{"href":"https:\/\/nextsnkr.com\/et\/wp-json\/wp\/v2\/product\/658160","targetHints":{"allow":["GET"]}}],"collection":[{"href":"https:\/\/nextsnkr.com\/et\/wp-json\/wp\/v2\/product"}],"about":[{"href":"https:\/\/nextsnkr.com\/et\/wp-json\/wp\/v2\/types\/product"}],"replies":[{"embeddable":true,"href":"https:\/\/nextsnkr.com\/et\/wp-json\/wp\/v2\/comments?post=658160"}],"version-history":[{"count":0,"href":"https:\/\/nextsnkr.com\/et\/wp-json\/wp\/v2\/product\/658160\/revisions"}],"wp:featuredmedia":[{"embeddable":true,"href":"https:\/\/nextsnkr.com\/et\/wp-json\/wp\/v2\/media\/658161"}],"wp:attachment":[{"href":"https:\/\/nextsnkr.com\/et\/wp-json\/wp\/v2\/media?parent=658160"}],"wp:term":[{"taxonomy":"product_brand","embeddable":true,"href":"https:\/\/nextsnkr.com\/et\/wp-json\/wp\/v2\/product_brand?post=658160"},{"taxonomy":"product_cat","embeddable":true,"href":"https:\/\/nextsnkr.com\/et\/wp-json\/wp\/v2\/product_cat?post=658160"},{"taxonomy":"product_tag","embeddable":true,"href":"https:\/\/nextsnkr.com\/et\/wp-json\/wp\/v2\/product_tag?post=658160"}],"curies":[{"name":"wp","href":"https:\/\/api.w.org\/{rel}","templated":true}]}}