{"id":657650,"date":"2025-06-14T21:38:50","date_gmt":"2025-06-14T18:38:50","guid":{"rendered":"https:\/\/nextsnkr.com\/product\/ugg-bailey-button-triplet-ii-brown-mocha-rasprodazha\/"},"modified":"2026-01-30T15:06:50","modified_gmt":"2026-01-30T12:06:50","slug":"ugg-bailey-button-triplet-ii-brown-mocha-rasprodazha","status":"publish","type":"product","link":"https:\/\/nextsnkr.com\/et\/toode\/ugg-bailey-button-triplet-ii-brown-mocha-rasprodazha\/","title":{"rendered":"UGG Bailey Button Triplet II pruun kusi-seemisnahast naiste uggs"},"content":{"rendered":"<h2>UGG Bailey Button Triplet II pruun kusi-seemisnahast naiste uggs<\/h2>\n<p>UGG Bailey Button Triplet II Brown Mocha on stiilne ja soe naiste uggs, mis on valmistatud looduslikust seemisnahast ja pehmest kunstkarusnahast, mis on loodud k\u00fclmal aastaajal mugavaks. Mudelil on originaalne disain, millel on kolm dekoratiivset nuppu, mugav istuvus ja stabiilne tald. Austraalias toodetud need uggid \u00fchendavad UGG kaubam\u00e4rgi esmaklassilise kvaliteedi, vastupidavuse ja legendaarse stiili. Ideaalne valik igap\u00e4evaseks kandmiseks ja stiilne talvine v\u00e4limus.<\/p>\n","protected":false},"excerpt":{"rendered":"<p>UGG Bailey Button Triplet II Brown Mocha on stiilne ja soe naiste uggs, mis on valmistatud looduslikust seemisnahast ja pehmest kunstkarusnahast, mis on loodud k\u00fclmal aastaajal mugavaks. Mudelil on originaalne disain, millel on kolm dekoratiivset nuppu, mugav istuvus ja stabiilne tald. Austraalias toodetud need uggid \u00fchendavad UGG kaubam\u00e4rgi esmaklassilise kvaliteedi, vastupidavuse ja legendaarse stiili. Ideaalne valik igap\u00e4evaseks kandmiseks ja stiilne talvine v\u00e4limus.<\/p>\n","protected":false},"featured_media":657651,"comment_status":"open","ping_status":"open","template":"","meta":[],"product_brand":[],"product_cat":[3406,3186],"product_tag":[],"class_list":{"0":"post-657650","1":"product","2":"type-product","3":"status-publish","4":"has-post-thumbnail","6":"product_cat-ugg","7":"product_cat-all-product","8":"pa_rozmir-923","9":"pa_rozmir-910","10":"pa_rozmir-912","11":"pa_rozmir-914","12":"pa_rozmir-915","13":"pa_rozmir-916","14":"pa_rozmir-917","15":"pa_rozmir-918","16":"pa_rozmir-919","17":"pa_rozmir-920","18":"pa_rozmir-921","20":"first","21":"onbackorder","22":"purchasable","23":"product-type-variable"},"_links":{"self":[{"href":"https:\/\/nextsnkr.com\/et\/wp-json\/wp\/v2\/product\/657650","targetHints":{"allow":["GET"]}}],"collection":[{"href":"https:\/\/nextsnkr.com\/et\/wp-json\/wp\/v2\/product"}],"about":[{"href":"https:\/\/nextsnkr.com\/et\/wp-json\/wp\/v2\/types\/product"}],"replies":[{"embeddable":true,"href":"https:\/\/nextsnkr.com\/et\/wp-json\/wp\/v2\/comments?post=657650"}],"version-history":[{"count":0,"href":"https:\/\/nextsnkr.com\/et\/wp-json\/wp\/v2\/product\/657650\/revisions"}],"wp:featuredmedia":[{"embeddable":true,"href":"https:\/\/nextsnkr.com\/et\/wp-json\/wp\/v2\/media\/657651"}],"wp:attachment":[{"href":"https:\/\/nextsnkr.com\/et\/wp-json\/wp\/v2\/media?parent=657650"}],"wp:term":[{"taxonomy":"product_brand","embeddable":true,"href":"https:\/\/nextsnkr.com\/et\/wp-json\/wp\/v2\/product_brand?post=657650"},{"taxonomy":"product_cat","embeddable":true,"href":"https:\/\/nextsnkr.com\/et\/wp-json\/wp\/v2\/product_cat?post=657650"},{"taxonomy":"product_tag","embeddable":true,"href":"https:\/\/nextsnkr.com\/et\/wp-json\/wp\/v2\/product_tag?post=657650"}],"curies":[{"name":"wp","href":"https:\/\/api.w.org\/{rel}","templated":true}]}}