{"id":656630,"date":"2025-06-14T21:43:40","date_gmt":"2025-06-14T18:43:40","guid":{"rendered":"https:\/\/nextsnkr.com\/product\/ugg-bailey-button-triplet-ii-plum-rasprodazha\/"},"modified":"2026-01-30T15:06:01","modified_gmt":"2026-01-30T12:06:01","slug":"ugg-bailey-button-triplet-ii-plum-rasprodazha","status":"publish","type":"product","link":"https:\/\/nextsnkr.com\/et\/toode\/ugg-bailey-button-triplet-ii-plum-rasprodazha\/","title":{"rendered":"UGG Bailey Button Triplet II Plum-seemisnahast naiste kunstkarusnahast uggs"},"content":{"rendered":"<h2>UGG Bailey Button Triplet II Plum-seemisnahast naiste kunstkarusnahast uggs<\/h2>\n<p>UGG Bailey Button Triplet II Plum on stiilne ja soe naiste uggs, mis on valmistatud seemisnahast ja pehmest kunstkarusnahast, et pakkuda mugavust ja soojust k\u00fclmal aastaajal. Plumi rikkalik varjund lisab v\u00e4limusele elegantsi ja erksust. Mudel on varustatud allkirjanuppudega mugavaks n\u00f6\u00f6pimiseks ja kaasaegseks disainiks. Austraalias toodetud uggid on vastupidavad, pehmed ja mitmek\u00fclgsed igap\u00e4evaseks kandmiseks. Ideaalne valik stiilse ja hubase talvise v\u00e4ljan\u00e4gemise jaoks.<\/p>\n","protected":false},"excerpt":{"rendered":"<p>UGG Bailey Button Triplet II Plum on stiilne ja soe naiste uggs, mis on valmistatud seemisnahast ja pehmest kunstkarusnahast, et pakkuda mugavust ja soojust k\u00fclmal aastaajal. Plumi rikkalik varjund lisab v\u00e4limusele elegantsi ja erksust. Mudel on varustatud allkirjanuppudega mugavaks n\u00f6\u00f6pimiseks ja kaasaegseks disainiks. Austraalias toodetud uggid on vastupidavad, pehmed ja mitmek\u00fclgsed igap\u00e4evaseks kandmiseks. Ideaalne valik stiilse ja hubase talvise v\u00e4ljan\u00e4gemise jaoks.<\/p>\n","protected":false},"featured_media":656631,"comment_status":"open","ping_status":"open","template":"","meta":[],"product_brand":[],"product_cat":[3406,3186],"product_tag":[],"class_list":{"0":"post-656630","1":"product","2":"type-product","3":"status-publish","4":"has-post-thumbnail","6":"product_cat-ugg","7":"product_cat-all-product","8":"pa_rozmir-923","9":"pa_rozmir-910","10":"pa_rozmir-912","11":"pa_rozmir-914","12":"pa_rozmir-915","13":"pa_rozmir-916","14":"pa_rozmir-917","15":"pa_rozmir-918","16":"pa_rozmir-919","17":"pa_rozmir-920","18":"pa_rozmir-921","20":"first","21":"onbackorder","22":"purchasable","23":"product-type-variable"},"_links":{"self":[{"href":"https:\/\/nextsnkr.com\/et\/wp-json\/wp\/v2\/product\/656630","targetHints":{"allow":["GET"]}}],"collection":[{"href":"https:\/\/nextsnkr.com\/et\/wp-json\/wp\/v2\/product"}],"about":[{"href":"https:\/\/nextsnkr.com\/et\/wp-json\/wp\/v2\/types\/product"}],"replies":[{"embeddable":true,"href":"https:\/\/nextsnkr.com\/et\/wp-json\/wp\/v2\/comments?post=656630"}],"version-history":[{"count":0,"href":"https:\/\/nextsnkr.com\/et\/wp-json\/wp\/v2\/product\/656630\/revisions"}],"wp:featuredmedia":[{"embeddable":true,"href":"https:\/\/nextsnkr.com\/et\/wp-json\/wp\/v2\/media\/656631"}],"wp:attachment":[{"href":"https:\/\/nextsnkr.com\/et\/wp-json\/wp\/v2\/media?parent=656630"}],"wp:term":[{"taxonomy":"product_brand","embeddable":true,"href":"https:\/\/nextsnkr.com\/et\/wp-json\/wp\/v2\/product_brand?post=656630"},{"taxonomy":"product_cat","embeddable":true,"href":"https:\/\/nextsnkr.com\/et\/wp-json\/wp\/v2\/product_cat?post=656630"},{"taxonomy":"product_tag","embeddable":true,"href":"https:\/\/nextsnkr.com\/et\/wp-json\/wp\/v2\/product_tag?post=656630"}],"curies":[{"name":"wp","href":"https:\/\/api.w.org\/{rel}","templated":true}]}}