{"id":655730,"date":"2025-06-16T18:37:14","date_gmt":"2025-06-16T15:37:14","guid":{"rendered":"https:\/\/nextsnkr.com\/product\/adidas-yeezy-350-v2-beluga-2-0\/"},"modified":"2026-01-30T15:05:15","modified_gmt":"2026-01-30T12:05:15","slug":"adidas-yeezy-350-v2-beluga-2-0","status":"publish","type":"product","link":"https:\/\/nextsnkr.com\/et\/toode\/adidas-yeezy-350-v2-beluga-2-0\/","title":{"rendered":"Adidas Yeezy 350 v2 Beluga 2.0 tossud-meeste Tekstiil"},"content":{"rendered":"<h2>Adidas Yeezy 350 v2 Beluga 2.0 tossud-meeste Tekstiil<\/h2>\n<p>Adidas YEEZY 350 V2 Beluga 2.0 on kaasaegne tekstiilv\u00f5rgust tossu, mis tagab suurep\u00e4rase ventilatsiooni ja kandmismugavuse. Beluga 2.0 disain \u00fchendab yeezy stiili ja \u00e4ratuntava silueti, r\u00f5hutades isikup\u00e4ra ja kaasaegset linnastiili. Tehases Hiinas toodetud tossud on kerged, tugeva talla ja mugava jalaga. Ideaalne valik aktiivse elustiili, igap\u00e4evase kandmise ja esmaklassiliste tundjate jaoks.<\/p>\n","protected":false},"excerpt":{"rendered":"<p>Adidas YEEZY 350 V2 Beluga 2.0 on kaasaegne tekstiilv\u00f5rgust tossu, mis tagab suurep\u00e4rase ventilatsiooni ja kandmismugavuse. Beluga 2.0 disain \u00fchendab yeezy stiili ja \u00e4ratuntava silueti, r\u00f5hutades isikup\u00e4ra ja kaasaegset linnastiili. Tehases Hiinas toodetud tossud on kerged, tugeva talla ja mugava jalaga. Ideaalne valik aktiivse elustiili, igap\u00e4evase kandmise ja esmaklassiliste tundjate jaoks.<\/p>\n","protected":false},"featured_media":655731,"comment_status":"open","ping_status":"open","template":"","meta":[],"product_brand":[],"product_cat":[3395,3186,3187],"product_tag":[],"class_list":{"0":"post-655730","1":"product","2":"type-product","3":"status-publish","4":"has-post-thumbnail","6":"product_cat-adidas-yeezy","7":"product_cat-all-product","8":"product_cat-krosivky","9":"pa_rozmir-910","10":"pa_rozmir-912","11":"pa_rozmir-914","12":"pa_rozmir-915","13":"pa_rozmir-916","14":"pa_rozmir-917","15":"pa_rozmir-918","16":"pa_rozmir-919","17":"pa_rozmir-920","18":"pa_rozmir-921","19":"pa_rozmir-922","21":"first","22":"onbackorder","23":"purchasable","24":"product-type-variable"},"_links":{"self":[{"href":"https:\/\/nextsnkr.com\/et\/wp-json\/wp\/v2\/product\/655730","targetHints":{"allow":["GET"]}}],"collection":[{"href":"https:\/\/nextsnkr.com\/et\/wp-json\/wp\/v2\/product"}],"about":[{"href":"https:\/\/nextsnkr.com\/et\/wp-json\/wp\/v2\/types\/product"}],"replies":[{"embeddable":true,"href":"https:\/\/nextsnkr.com\/et\/wp-json\/wp\/v2\/comments?post=655730"}],"version-history":[{"count":0,"href":"https:\/\/nextsnkr.com\/et\/wp-json\/wp\/v2\/product\/655730\/revisions"}],"wp:featuredmedia":[{"embeddable":true,"href":"https:\/\/nextsnkr.com\/et\/wp-json\/wp\/v2\/media\/655731"}],"wp:attachment":[{"href":"https:\/\/nextsnkr.com\/et\/wp-json\/wp\/v2\/media?parent=655730"}],"wp:term":[{"taxonomy":"product_brand","embeddable":true,"href":"https:\/\/nextsnkr.com\/et\/wp-json\/wp\/v2\/product_brand?post=655730"},{"taxonomy":"product_cat","embeddable":true,"href":"https:\/\/nextsnkr.com\/et\/wp-json\/wp\/v2\/product_cat?post=655730"},{"taxonomy":"product_tag","embeddable":true,"href":"https:\/\/nextsnkr.com\/et\/wp-json\/wp\/v2\/product_tag?post=655730"}],"curies":[{"name":"wp","href":"https:\/\/api.w.org\/{rel}","templated":true}]}}