{"id":654712,"date":"2025-06-16T18:42:06","date_gmt":"2025-06-16T15:42:06","guid":{"rendered":"https:\/\/nextsnkr.com\/product\/yeezy-350-v2-tail-light\/"},"modified":"2026-01-30T15:04:25","modified_gmt":"2026-01-30T12:04:25","slug":"yeezy-350-v2-tail-light","status":"publish","type":"product","link":"https:\/\/nextsnkr.com\/et\/toode\/yeezy-350-v2-tail-light\/","title":{"rendered":"Yeezy 350 v2 Tail Light tossud &#8211; Tekstiil Boost tallaga"},"content":{"rendered":"<h2>Yeezy 350 v2 Tail Light tossud &#8211; Tekstiil Boost tallaga<\/h2>\n<p>Yeezy 350 v2 tail Light tossud on kerge ja stiilne mudel, mis on valmistatud hingavast tekstiilv\u00f5rgust ja Eva-p\u00f5hisest p\u00f5rutust neelavast boost-tallast. Valmistatud Vietnamis, \u00fchendavad need mugavuse, vastupidavuse ja kaasaegse disaini. Mudel on originaalkarbis koos pakkepaberi, Stock x komplekti ja yeezy plastkaardiga. Ainult 790 g kingade kaal muudab need igap\u00e4evaseks kandmiseks mugavaks. Valige Yeezy 350 V2 Tail Light stiilse ja mugava v\u00e4ljan\u00e4gemise jaoks.<\/p>\n","protected":false},"excerpt":{"rendered":"<p>Yeezy 350 v2 tail Light tossud on kerge ja stiilne mudel, mis on valmistatud hingavast tekstiilv\u00f5rgust ja Eva-p\u00f5hisest p\u00f5rutust neelavast boost-tallast. Valmistatud Vietnamis, \u00fchendavad need mugavuse, vastupidavuse ja kaasaegse disaini. Mudel on originaalkarbis koos pakkepaberi, Stock x komplekti ja yeezy plastkaardiga. Ainult 790 g kingade kaal muudab need igap\u00e4evaseks kandmiseks mugavaks. Valige Yeezy 350 V2 Tail Light stiilse ja mugava v\u00e4ljan\u00e4gemise jaoks.<\/p>\n","protected":false},"featured_media":654713,"comment_status":"open","ping_status":"open","template":"","meta":[],"product_brand":[],"product_cat":[3395,3186,3187],"product_tag":[],"class_list":{"0":"post-654712","1":"product","2":"type-product","3":"status-publish","4":"has-post-thumbnail","6":"product_cat-adidas-yeezy","7":"product_cat-all-product","8":"product_cat-krosivky","9":"pa_rozmir-910","10":"pa_rozmir-912","11":"pa_rozmir-914","12":"pa_rozmir-915","13":"pa_rozmir-916","14":"pa_rozmir-917","15":"pa_rozmir-918","16":"pa_rozmir-919","17":"pa_rozmir-920","18":"pa_rozmir-921","19":"pa_rozmir-922","21":"first","22":"instock","23":"purchasable","24":"product-type-variable"},"_links":{"self":[{"href":"https:\/\/nextsnkr.com\/et\/wp-json\/wp\/v2\/product\/654712","targetHints":{"allow":["GET"]}}],"collection":[{"href":"https:\/\/nextsnkr.com\/et\/wp-json\/wp\/v2\/product"}],"about":[{"href":"https:\/\/nextsnkr.com\/et\/wp-json\/wp\/v2\/types\/product"}],"replies":[{"embeddable":true,"href":"https:\/\/nextsnkr.com\/et\/wp-json\/wp\/v2\/comments?post=654712"}],"version-history":[{"count":0,"href":"https:\/\/nextsnkr.com\/et\/wp-json\/wp\/v2\/product\/654712\/revisions"}],"wp:featuredmedia":[{"embeddable":true,"href":"https:\/\/nextsnkr.com\/et\/wp-json\/wp\/v2\/media\/654713"}],"wp:attachment":[{"href":"https:\/\/nextsnkr.com\/et\/wp-json\/wp\/v2\/media?parent=654712"}],"wp:term":[{"taxonomy":"product_brand","embeddable":true,"href":"https:\/\/nextsnkr.com\/et\/wp-json\/wp\/v2\/product_brand?post=654712"},{"taxonomy":"product_cat","embeddable":true,"href":"https:\/\/nextsnkr.com\/et\/wp-json\/wp\/v2\/product_cat?post=654712"},{"taxonomy":"product_tag","embeddable":true,"href":"https:\/\/nextsnkr.com\/et\/wp-json\/wp\/v2\/product_tag?post=654712"}],"curies":[{"name":"wp","href":"https:\/\/api.w.org\/{rel}","templated":true}]}}