{"id":654373,"date":"2025-06-16T18:43:44","date_gmt":"2025-06-16T15:43:44","guid":{"rendered":"https:\/\/nextsnkr.com\/product\/adidas-niteball-white-beige-fv4847\/"},"modified":"2026-01-30T15:04:07","modified_gmt":"2026-01-30T12:04:07","slug":"adidas-niteball-white-beige-fv4847","status":"publish","type":"product","link":"https:\/\/nextsnkr.com\/et\/toode\/adidas-niteball-white-beige-fv4847\/","title":{"rendered":"Adidas Niteball white Beige fv4847 tossud-nahk ja Tekstiil"},"content":{"rendered":"<h2>Adidas Niteball white Beige fv4847 tossud-nahk ja Tekstiil<\/h2>\n<p>Adidas Niteball white Beige fv4847 tossud on stiilne ja mugav mudel igap\u00e4evaseks kandmiseks. Valmistatud ehtsa naha ja tekstiili kombinatsioonist, tagavad need jala vastupidavuse, mugavuse ja ventilatsiooni. Valge ja bee\u017e v\u00e4rvikombinatsioon lisab kingadele mitmek\u00fclgsust ja kaasaegset v\u00e4limust. Tald tagab pehme pehmenduse ja stabiilsuse k\u00f5ndimisel. Tootja on tehase Vietnam. Valige adidas Niteball FV4847 stiili, mugavuse ja k\u00f5rge kvaliteedi kombinatsiooni jaoks. Kood: 79-914698.<\/p>\n","protected":false},"excerpt":{"rendered":"<p>Adidas Niteball white Beige fv4847 tossud on stiilne ja mugav mudel igap\u00e4evaseks kandmiseks. Valmistatud ehtsa naha ja tekstiili kombinatsioonist, tagavad need jala vastupidavuse, mugavuse ja ventilatsiooni. Valge ja bee\u017e v\u00e4rvikombinatsioon lisab kingadele mitmek\u00fclgsust ja kaasaegset v\u00e4limust. Tald tagab pehme pehmenduse ja stabiilsuse k\u00f5ndimisel. Tootja on tehase Vietnam. Valige adidas Niteball FV4847 stiili, mugavuse ja k\u00f5rge kvaliteedi kombinatsiooni jaoks. Kood: 79-914698.<\/p>\n","protected":false},"featured_media":654374,"comment_status":"open","ping_status":"open","template":"","meta":[],"product_brand":[],"product_cat":[3186,3187],"product_tag":[],"class_list":{"0":"post-654373","1":"product","2":"type-product","3":"status-publish","4":"has-post-thumbnail","6":"product_cat-all-product","7":"product_cat-krosivky","8":"pa_rozmir-910","9":"pa_rozmir-912","10":"pa_rozmir-914","11":"pa_rozmir-915","12":"pa_rozmir-916","13":"pa_rozmir-917","14":"pa_rozmir-918","15":"pa_rozmir-919","16":"pa_rozmir-920","17":"pa_rozmir-921","18":"pa_rozmir-922","20":"first","21":"instock","22":"purchasable","23":"product-type-variable"},"_links":{"self":[{"href":"https:\/\/nextsnkr.com\/et\/wp-json\/wp\/v2\/product\/654373","targetHints":{"allow":["GET"]}}],"collection":[{"href":"https:\/\/nextsnkr.com\/et\/wp-json\/wp\/v2\/product"}],"about":[{"href":"https:\/\/nextsnkr.com\/et\/wp-json\/wp\/v2\/types\/product"}],"replies":[{"embeddable":true,"href":"https:\/\/nextsnkr.com\/et\/wp-json\/wp\/v2\/comments?post=654373"}],"version-history":[{"count":0,"href":"https:\/\/nextsnkr.com\/et\/wp-json\/wp\/v2\/product\/654373\/revisions"}],"wp:featuredmedia":[{"embeddable":true,"href":"https:\/\/nextsnkr.com\/et\/wp-json\/wp\/v2\/media\/654374"}],"wp:attachment":[{"href":"https:\/\/nextsnkr.com\/et\/wp-json\/wp\/v2\/media?parent=654373"}],"wp:term":[{"taxonomy":"product_brand","embeddable":true,"href":"https:\/\/nextsnkr.com\/et\/wp-json\/wp\/v2\/product_brand?post=654373"},{"taxonomy":"product_cat","embeddable":true,"href":"https:\/\/nextsnkr.com\/et\/wp-json\/wp\/v2\/product_cat?post=654373"},{"taxonomy":"product_tag","embeddable":true,"href":"https:\/\/nextsnkr.com\/et\/wp-json\/wp\/v2\/product_tag?post=654373"}],"curies":[{"name":"wp","href":"https:\/\/api.w.org\/{rel}","templated":true}]}}