{"id":653864,"date":"2025-06-14T15:08:13","date_gmt":"2025-06-14T12:08:13","guid":{"rendered":"https:\/\/nextsnkr.com\/product\/nike-air-force-1-low-black\/"},"modified":"2026-01-30T15:03:43","modified_gmt":"2026-01-30T12:03:43","slug":"nike-air-force-1-low-black","status":"publish","type":"product","link":"https:\/\/nextsnkr.com\/et\/toode\/nike-air-force-1-low-black\/","title":{"rendered":"Nike Air Force 1 Low Black tossud &#8211; nahast Mustad tossud"},"content":{"rendered":"<h2>Nike Air Force 1 Low Black tossud &#8211; nahast Mustad tossud<\/h2>\n<p>Nike Air Force 1 Low Black tossud on valmistatud kvaliteetsest ehtsast nahast, mis tagab kulumiskindluse, mugavuse ja stiilse v\u00e4limuse. Klassikaline must disain muudab mudeli mitmek\u00fclgseks iga v\u00e4limuse jaoks, samas kui polsterdatud tald tagab pehmenduse ja toe igap\u00e4evase kandmise ajal. See legendaarne Nike King \u00fchendab esmaklassilisi materjale, mugavust ja \u00e4ratuntavat stiili \u2014 ideaalne valik linnar\u00fctmi jaoks.<\/p>\n","protected":false},"excerpt":{"rendered":"<p>Nike Air Force 1 Low Black tossud on valmistatud kvaliteetsest ehtsast nahast, mis tagab kulumiskindluse, mugavuse ja stiilse v\u00e4limuse. Klassikaline must disain muudab mudeli mitmek\u00fclgseks iga v\u00e4limuse jaoks, samas kui polsterdatud tald tagab pehmenduse ja toe igap\u00e4evase kandmise ajal. See legendaarne Nike King \u00fchendab esmaklassilisi materjale, mugavust ja \u00e4ratuntavat stiili \u2014 ideaalne valik linnar\u00fctmi jaoks.<\/p>\n","protected":false},"featured_media":653865,"comment_status":"open","ping_status":"open","template":"","meta":[],"product_brand":[],"product_cat":[3186,3317],"product_tag":[],"class_list":{"0":"post-653864","1":"product","2":"type-product","3":"status-publish","4":"has-post-thumbnail","6":"product_cat-all-product","7":"product_cat-kedy","8":"pa_rozmir-910","9":"pa_rozmir-912","10":"pa_rozmir-914","11":"pa_rozmir-915","12":"pa_rozmir-916","13":"pa_rozmir-917","14":"pa_rozmir-918","15":"pa_rozmir-919","16":"pa_rozmir-920","17":"pa_rozmir-921","18":"pa_rozmir-922","20":"first","21":"instock","22":"purchasable","23":"product-type-variable"},"_links":{"self":[{"href":"https:\/\/nextsnkr.com\/et\/wp-json\/wp\/v2\/product\/653864","targetHints":{"allow":["GET"]}}],"collection":[{"href":"https:\/\/nextsnkr.com\/et\/wp-json\/wp\/v2\/product"}],"about":[{"href":"https:\/\/nextsnkr.com\/et\/wp-json\/wp\/v2\/types\/product"}],"replies":[{"embeddable":true,"href":"https:\/\/nextsnkr.com\/et\/wp-json\/wp\/v2\/comments?post=653864"}],"version-history":[{"count":0,"href":"https:\/\/nextsnkr.com\/et\/wp-json\/wp\/v2\/product\/653864\/revisions"}],"wp:featuredmedia":[{"embeddable":true,"href":"https:\/\/nextsnkr.com\/et\/wp-json\/wp\/v2\/media\/653865"}],"wp:attachment":[{"href":"https:\/\/nextsnkr.com\/et\/wp-json\/wp\/v2\/media?parent=653864"}],"wp:term":[{"taxonomy":"product_brand","embeddable":true,"href":"https:\/\/nextsnkr.com\/et\/wp-json\/wp\/v2\/product_brand?post=653864"},{"taxonomy":"product_cat","embeddable":true,"href":"https:\/\/nextsnkr.com\/et\/wp-json\/wp\/v2\/product_cat?post=653864"},{"taxonomy":"product_tag","embeddable":true,"href":"https:\/\/nextsnkr.com\/et\/wp-json\/wp\/v2\/product_tag?post=653864"}],"curies":[{"name":"wp","href":"https:\/\/api.w.org\/{rel}","templated":true}]}}