{"id":653695,"date":"2025-06-16T18:46:10","date_gmt":"2025-06-16T15:46:10","guid":{"rendered":"https:\/\/nextsnkr.com\/product\/adidas-niteball-white-red\/"},"modified":"2026-01-30T15:03:38","modified_gmt":"2026-01-30T12:03:38","slug":"adidas-niteball-white-red","status":"publish","type":"product","link":"https:\/\/nextsnkr.com\/et\/toode\/adidas-niteball-white-red\/","title":{"rendered":"Adidas Niteball White \/ Red tossud-nahast ja tekstiilist demihooaeg"},"content":{"rendered":"<h2>Adidas Niteball White \/ Red tossud-nahast ja tekstiilist demihooaeg<\/h2>\n<p>Adidas Niteball White \/ Red tossud on valmistatud naha ja tekstiilv\u00f5rgu kombinatsioonist, mis tagab mugavuse, vastupidavuse ja stiilse v\u00e4limuse. Kerge vaht tallas ja kulumiskindel kummist tald tagavad mugavuse ja usaldusv\u00e4\u00e4rsuse igap\u00e4evase kandmise ajal. Mudel sobib ideaalselt demihooaja kasutamiseks ja aktiivseks elustiiliks. Vietnamis toodetud tossud \u00fchendavad esmaklassilise kvaliteedi, kaasaegse disaini ja mitmek\u00fclgse valge ja punase v\u00e4rvi iga v\u00e4limuse jaoks.<\/p>\n","protected":false},"excerpt":{"rendered":"<p>Adidas Niteball White \/ Red tossud on valmistatud naha ja tekstiilv\u00f5rgu kombinatsioonist, mis tagab mugavuse, vastupidavuse ja stiilse v\u00e4limuse. Kerge vaht tallas ja kulumiskindel kummist tald tagavad mugavuse ja usaldusv\u00e4\u00e4rsuse igap\u00e4evase kandmise ajal. Mudel sobib ideaalselt demihooaja kasutamiseks ja aktiivseks elustiiliks. Vietnamis toodetud tossud \u00fchendavad esmaklassilise kvaliteedi, kaasaegse disaini ja mitmek\u00fclgse valge ja punase v\u00e4rvi iga v\u00e4limuse jaoks.<\/p>\n","protected":false},"featured_media":653696,"comment_status":"open","ping_status":"open","template":"","meta":[],"product_brand":[],"product_cat":[3186,3187],"product_tag":[],"class_list":{"0":"post-653695","1":"product","2":"type-product","3":"status-publish","4":"has-post-thumbnail","6":"product_cat-all-product","7":"product_cat-krosivky","8":"pa_rozmir-910","9":"pa_rozmir-912","10":"pa_rozmir-914","11":"pa_rozmir-915","12":"pa_rozmir-916","13":"pa_rozmir-917","14":"pa_rozmir-918","15":"pa_rozmir-919","16":"pa_rozmir-920","17":"pa_rozmir-921","18":"pa_rozmir-922","20":"first","21":"onbackorder","22":"purchasable","23":"product-type-variable"},"_links":{"self":[{"href":"https:\/\/nextsnkr.com\/et\/wp-json\/wp\/v2\/product\/653695","targetHints":{"allow":["GET"]}}],"collection":[{"href":"https:\/\/nextsnkr.com\/et\/wp-json\/wp\/v2\/product"}],"about":[{"href":"https:\/\/nextsnkr.com\/et\/wp-json\/wp\/v2\/types\/product"}],"replies":[{"embeddable":true,"href":"https:\/\/nextsnkr.com\/et\/wp-json\/wp\/v2\/comments?post=653695"}],"version-history":[{"count":0,"href":"https:\/\/nextsnkr.com\/et\/wp-json\/wp\/v2\/product\/653695\/revisions"}],"wp:featuredmedia":[{"embeddable":true,"href":"https:\/\/nextsnkr.com\/et\/wp-json\/wp\/v2\/media\/653696"}],"wp:attachment":[{"href":"https:\/\/nextsnkr.com\/et\/wp-json\/wp\/v2\/media?parent=653695"}],"wp:term":[{"taxonomy":"product_brand","embeddable":true,"href":"https:\/\/nextsnkr.com\/et\/wp-json\/wp\/v2\/product_brand?post=653695"},{"taxonomy":"product_cat","embeddable":true,"href":"https:\/\/nextsnkr.com\/et\/wp-json\/wp\/v2\/product_cat?post=653695"},{"taxonomy":"product_tag","embeddable":true,"href":"https:\/\/nextsnkr.com\/et\/wp-json\/wp\/v2\/product_tag?post=653695"}],"curies":[{"name":"wp","href":"https:\/\/api.w.org\/{rel}","templated":true}]}}