{"id":653355,"date":"2025-06-14T15:08:47","date_gmt":"2025-06-14T12:08:47","guid":{"rendered":"https:\/\/nextsnkr.com\/product\/nike-af1-shadow-white-premium\/"},"modified":"2026-01-30T15:03:19","modified_gmt":"2026-01-30T12:03:19","slug":"nike-af1-shadow-white-premium","status":"publish","type":"product","link":"https:\/\/nextsnkr.com\/et\/toode\/nike-af1-shadow-white-premium\/","title":{"rendered":"Nike af1 Shadow White Premium ehtsast nahast tossud"},"content":{"rendered":"<h2>Nike af1 Shadow White Premium ehtsast nahast tossud<\/h2>\n<p>Nike AF1 Shadow White Premium-stiilsed naiste tossud, mis p\u00f5hinevad legendaarsel Air Force 1 mudelil. ehtne nahk pakub tugevust ja mugavust ning mitmekihilised elemendid annavad kaasaegse mahuka v\u00e4limuse. Kerge tald tagab pehme pehmenduse, mis sobib ideaalselt igap\u00e4evaseks kandmiseks. Vietnamis toodetud need tossud \u00fchendavad esmaklassilise kvaliteedi ja trendika disaini. Ideaalne valik neile, kes hindavad stiili ja usaldusv\u00e4\u00e4rsust.<\/p>\n","protected":false},"excerpt":{"rendered":"<p>Nike AF1 Shadow White Premium-stiilsed naiste tossud, mis p\u00f5hinevad legendaarsel Air Force 1 mudelil. ehtne nahk pakub tugevust ja mugavust ning mitmekihilised elemendid annavad kaasaegse mahuka v\u00e4limuse. Kerge tald tagab pehme pehmenduse, mis sobib ideaalselt igap\u00e4evaseks kandmiseks. Vietnamis toodetud need tossud \u00fchendavad esmaklassilise kvaliteedi ja trendika disaini. Ideaalne valik neile, kes hindavad stiili ja usaldusv\u00e4\u00e4rsust.<\/p>\n","protected":false},"featured_media":653356,"comment_status":"open","ping_status":"open","template":"","meta":[],"product_brand":[],"product_cat":[3186,3317],"product_tag":[],"class_list":{"0":"post-653355","1":"product","2":"type-product","3":"status-publish","4":"has-post-thumbnail","6":"product_cat-all-product","7":"product_cat-kedy","8":"pa_rozmir-910","9":"pa_rozmir-912","10":"pa_rozmir-914","11":"pa_rozmir-915","12":"pa_rozmir-916","13":"pa_rozmir-917","14":"pa_rozmir-918","15":"pa_rozmir-919","16":"pa_rozmir-920","17":"pa_rozmir-921","18":"pa_rozmir-922","20":"first","21":"instock","22":"purchasable","23":"product-type-variable"},"_links":{"self":[{"href":"https:\/\/nextsnkr.com\/et\/wp-json\/wp\/v2\/product\/653355","targetHints":{"allow":["GET"]}}],"collection":[{"href":"https:\/\/nextsnkr.com\/et\/wp-json\/wp\/v2\/product"}],"about":[{"href":"https:\/\/nextsnkr.com\/et\/wp-json\/wp\/v2\/types\/product"}],"replies":[{"embeddable":true,"href":"https:\/\/nextsnkr.com\/et\/wp-json\/wp\/v2\/comments?post=653355"}],"version-history":[{"count":0,"href":"https:\/\/nextsnkr.com\/et\/wp-json\/wp\/v2\/product\/653355\/revisions"}],"wp:featuredmedia":[{"embeddable":true,"href":"https:\/\/nextsnkr.com\/et\/wp-json\/wp\/v2\/media\/653356"}],"wp:attachment":[{"href":"https:\/\/nextsnkr.com\/et\/wp-json\/wp\/v2\/media?parent=653355"}],"wp:term":[{"taxonomy":"product_brand","embeddable":true,"href":"https:\/\/nextsnkr.com\/et\/wp-json\/wp\/v2\/product_brand?post=653355"},{"taxonomy":"product_cat","embeddable":true,"href":"https:\/\/nextsnkr.com\/et\/wp-json\/wp\/v2\/product_cat?post=653355"},{"taxonomy":"product_tag","embeddable":true,"href":"https:\/\/nextsnkr.com\/et\/wp-json\/wp\/v2\/product_tag?post=653355"}],"curies":[{"name":"wp","href":"https:\/\/api.w.org\/{rel}","templated":true}]}}