{"id":650641,"date":"2025-06-14T15:12:31","date_gmt":"2025-06-14T12:12:31","guid":{"rendered":"https:\/\/nextsnkr.com\/product\/air-force-1-white\/"},"modified":"2026-01-30T14:46:49","modified_gmt":"2026-01-30T11:46:49","slug":"air-force-1-white","status":"publish","type":"product","link":"https:\/\/nextsnkr.com\/et\/toode\/air-force-1-white\/","title":{"rendered":"Air Force 1 valged tossud-klassikalised nahast tossud valges"},"content":{"rendered":"<h2>Air Force 1 valged tossud-klassikalised nahast tossud valges<\/h2>\n<p>Air Force 1 White tossud on legendaarne mudel, mis \u00fchendab stiili, mugavuse ja vastupidavuse. Valmistatud kvaliteetsest ehtsast nahast, tagavad need suurep\u00e4rase kulumiskindluse ja mugava istuvuse igaks p\u00e4evaks. Lakooniline valge disain sobib h\u00f5lpsalt iga riietusega, muutes selle paari mitmek\u00fclgseks valikuks linnastiilis, jalutamiseks v\u00f5i v\u00e4litegevuseks. Air Force 1 White on seotud mugavuse, klassika ja enesekindlusega igal sammul.<\/p>\n","protected":false},"excerpt":{"rendered":"<p>Air Force 1 White tossud on legendaarne mudel, mis \u00fchendab stiili, mugavuse ja vastupidavuse. Valmistatud kvaliteetsest ehtsast nahast, tagavad need suurep\u00e4rase kulumiskindluse ja mugava istuvuse igaks p\u00e4evaks. Lakooniline valge disain sobib h\u00f5lpsalt iga riietusega, muutes selle paari mitmek\u00fclgseks valikuks linnastiilis, jalutamiseks v\u00f5i v\u00e4litegevuseks. Air Force 1 White on seotud mugavuse, klassika ja enesekindlusega igal sammul.<\/p>\n","protected":false},"featured_media":650642,"comment_status":"open","ping_status":"open","template":"","meta":[],"product_brand":[],"product_cat":[3186,3317],"product_tag":[],"class_list":{"0":"post-650641","1":"product","2":"type-product","3":"status-publish","4":"has-post-thumbnail","6":"product_cat-all-product","7":"product_cat-kedy","8":"pa_rozmir-910","9":"pa_rozmir-912","10":"pa_rozmir-914","11":"pa_rozmir-915","12":"pa_rozmir-916","13":"pa_rozmir-917","14":"pa_rozmir-918","15":"pa_rozmir-919","16":"pa_rozmir-920","17":"pa_rozmir-921","18":"pa_rozmir-922","20":"first","21":"onbackorder","22":"purchasable","23":"product-type-variable"},"_links":{"self":[{"href":"https:\/\/nextsnkr.com\/et\/wp-json\/wp\/v2\/product\/650641","targetHints":{"allow":["GET"]}}],"collection":[{"href":"https:\/\/nextsnkr.com\/et\/wp-json\/wp\/v2\/product"}],"about":[{"href":"https:\/\/nextsnkr.com\/et\/wp-json\/wp\/v2\/types\/product"}],"replies":[{"embeddable":true,"href":"https:\/\/nextsnkr.com\/et\/wp-json\/wp\/v2\/comments?post=650641"}],"version-history":[{"count":0,"href":"https:\/\/nextsnkr.com\/et\/wp-json\/wp\/v2\/product\/650641\/revisions"}],"wp:featuredmedia":[{"embeddable":true,"href":"https:\/\/nextsnkr.com\/et\/wp-json\/wp\/v2\/media\/650642"}],"wp:attachment":[{"href":"https:\/\/nextsnkr.com\/et\/wp-json\/wp\/v2\/media?parent=650641"}],"wp:term":[{"taxonomy":"product_brand","embeddable":true,"href":"https:\/\/nextsnkr.com\/et\/wp-json\/wp\/v2\/product_brand?post=650641"},{"taxonomy":"product_cat","embeddable":true,"href":"https:\/\/nextsnkr.com\/et\/wp-json\/wp\/v2\/product_cat?post=650641"},{"taxonomy":"product_tag","embeddable":true,"href":"https:\/\/nextsnkr.com\/et\/wp-json\/wp\/v2\/product_tag?post=650641"}],"curies":[{"name":"wp","href":"https:\/\/api.w.org\/{rel}","templated":true}]}}