{"id":647732,"date":"2025-06-14T15:20:36","date_gmt":"2025-06-14T12:20:36","guid":{"rendered":"https:\/\/nextsnkr.com\/product\/air-force-1-v3\/"},"modified":"2026-01-30T14:45:00","modified_gmt":"2026-01-30T11:45:00","slug":"air-force-1-v3","status":"publish","type":"product","link":"https:\/\/nextsnkr.com\/et\/toode\/air-force-1-v3\/","title":{"rendered":"Air Force 1 V3 tossud-nahast mehed ja naised"},"content":{"rendered":"<h2>Air Force 1 V3 tossud-nahast mehed ja naised<\/h2>\n<p>Air Force 1 V3 tossud on stiilne ja mitmek\u00fclgne nahast mudel, mis \u00fchendab mugavuse ja vastupidavuse. T\u00e4nu klassikalisele disainile sobivad need tossud h\u00f5lpsasti igasse garderoobi, sobides nii igap\u00e4evaseks kandmiseks kui ka aktiivseks puhkuseks. Vastupidavad materjalid ja kvaliteetne J\u00f5udlus tagavad usaldusv\u00e4\u00e4rse istuvuse ja meeldiva mugavuse kogu p\u00e4eva v\u00e4ltel. Valige Air Force 1 V3, et lisada igale sammule stiili ja enesekindlust.<\/p>\n","protected":false},"excerpt":{"rendered":"<p>Air Force 1 V3 tossud on stiilne ja mitmek\u00fclgne nahast mudel, mis \u00fchendab mugavuse ja vastupidavuse. T\u00e4nu klassikalisele disainile sobivad need tossud h\u00f5lpsasti igasse garderoobi, sobides nii igap\u00e4evaseks kandmiseks kui ka aktiivseks puhkuseks. Vastupidavad materjalid ja kvaliteetne J\u00f5udlus tagavad usaldusv\u00e4\u00e4rse istuvuse ja meeldiva mugavuse kogu p\u00e4eva v\u00e4ltel. Valige Air Force 1 V3, et lisada igale sammule stiili ja enesekindlust.<\/p>\n","protected":false},"featured_media":647733,"comment_status":"open","ping_status":"open","template":"","meta":[],"product_brand":[],"product_cat":[3186,3317],"product_tag":[],"class_list":{"0":"post-647732","1":"product","2":"type-product","3":"status-publish","4":"has-post-thumbnail","6":"product_cat-all-product","7":"product_cat-kedy","8":"pa_rozmir-910","9":"pa_rozmir-912","10":"pa_rozmir-914","11":"pa_rozmir-915","12":"pa_rozmir-916","13":"pa_rozmir-917","14":"pa_rozmir-918","15":"pa_rozmir-919","16":"pa_rozmir-920","17":"pa_rozmir-921","18":"pa_rozmir-922","20":"first","21":"instock","22":"purchasable","23":"product-type-variable"},"_links":{"self":[{"href":"https:\/\/nextsnkr.com\/et\/wp-json\/wp\/v2\/product\/647732","targetHints":{"allow":["GET"]}}],"collection":[{"href":"https:\/\/nextsnkr.com\/et\/wp-json\/wp\/v2\/product"}],"about":[{"href":"https:\/\/nextsnkr.com\/et\/wp-json\/wp\/v2\/types\/product"}],"replies":[{"embeddable":true,"href":"https:\/\/nextsnkr.com\/et\/wp-json\/wp\/v2\/comments?post=647732"}],"version-history":[{"count":0,"href":"https:\/\/nextsnkr.com\/et\/wp-json\/wp\/v2\/product\/647732\/revisions"}],"wp:featuredmedia":[{"embeddable":true,"href":"https:\/\/nextsnkr.com\/et\/wp-json\/wp\/v2\/media\/647733"}],"wp:attachment":[{"href":"https:\/\/nextsnkr.com\/et\/wp-json\/wp\/v2\/media?parent=647732"}],"wp:term":[{"taxonomy":"product_brand","embeddable":true,"href":"https:\/\/nextsnkr.com\/et\/wp-json\/wp\/v2\/product_brand?post=647732"},{"taxonomy":"product_cat","embeddable":true,"href":"https:\/\/nextsnkr.com\/et\/wp-json\/wp\/v2\/product_cat?post=647732"},{"taxonomy":"product_tag","embeddable":true,"href":"https:\/\/nextsnkr.com\/et\/wp-json\/wp\/v2\/product_tag?post=647732"}],"curies":[{"name":"wp","href":"https:\/\/api.w.org\/{rel}","templated":true}]}}