{"id":647223,"date":"2025-06-14T15:22:22","date_gmt":"2025-06-14T12:22:22","guid":{"rendered":"https:\/\/nextsnkr.com\/product\/air-force-1-low-essential-black\/"},"modified":"2026-01-30T14:44:38","modified_gmt":"2026-01-30T11:44:38","slug":"air-force-1-low-essential-black","status":"publish","type":"product","link":"https:\/\/nextsnkr.com\/et\/toode\/air-force-1-low-essential-black\/","title":{"rendered":"Air Force 1 Low Essential Black tossud-klassikalised nahast mehed"},"content":{"rendered":"<h2>Air Force 1 Low Essential Black tossud-klassikalised nahast mehed<\/h2>\n<p>Air Force 1 Low Essential Black tossud on ikoonilise mudeli stiilne must versioon, mis \u00fchendab mugavuse ja vastupidavuse. Valmistatud kvaliteetsest ehtsast nahast, pakuvad need vastupidavust, tuge ja mugavat istuvust igap\u00e4evaseks kandmiseks. Praegune Minimalistlik disain sobib h\u00f5lpsasti kaasaegse linnapildiga. Usaldusv\u00e4\u00e4rne polsterdus ja kulumiskindel tald tagavad mugavuse kogu p\u00e4eva v\u00e4ltel. Valige Air Force 1 Essential-proovitud stiil, mis n\u00e4eb alati veatu v\u00e4lja.<\/p>\n","protected":false},"excerpt":{"rendered":"<p>Air Force 1 Low Essential Black tossud on ikoonilise mudeli stiilne must versioon, mis \u00fchendab mugavuse ja vastupidavuse. Valmistatud kvaliteetsest ehtsast nahast, pakuvad need vastupidavust, tuge ja mugavat istuvust igap\u00e4evaseks kandmiseks. Praegune Minimalistlik disain sobib h\u00f5lpsasti kaasaegse linnapildiga. Usaldusv\u00e4\u00e4rne polsterdus ja kulumiskindel tald tagavad mugavuse kogu p\u00e4eva v\u00e4ltel. Valige Air Force 1 Essential-proovitud stiil, mis n\u00e4eb alati veatu v\u00e4lja.<\/p>\n","protected":false},"featured_media":647224,"comment_status":"open","ping_status":"open","template":"","meta":[],"product_brand":[],"product_cat":[3186,3187],"product_tag":[],"class_list":{"0":"post-647223","1":"product","2":"type-product","3":"status-publish","4":"has-post-thumbnail","6":"product_cat-all-product","7":"product_cat-krosivky","8":"pa_rozmir-910","9":"pa_rozmir-912","10":"pa_rozmir-914","11":"pa_rozmir-915","12":"pa_rozmir-916","13":"pa_rozmir-917","14":"pa_rozmir-918","15":"pa_rozmir-919","16":"pa_rozmir-920","17":"pa_rozmir-921","18":"pa_rozmir-922","20":"first","21":"instock","22":"purchasable","23":"product-type-variable"},"_links":{"self":[{"href":"https:\/\/nextsnkr.com\/et\/wp-json\/wp\/v2\/product\/647223","targetHints":{"allow":["GET"]}}],"collection":[{"href":"https:\/\/nextsnkr.com\/et\/wp-json\/wp\/v2\/product"}],"about":[{"href":"https:\/\/nextsnkr.com\/et\/wp-json\/wp\/v2\/types\/product"}],"replies":[{"embeddable":true,"href":"https:\/\/nextsnkr.com\/et\/wp-json\/wp\/v2\/comments?post=647223"}],"version-history":[{"count":0,"href":"https:\/\/nextsnkr.com\/et\/wp-json\/wp\/v2\/product\/647223\/revisions"}],"wp:featuredmedia":[{"embeddable":true,"href":"https:\/\/nextsnkr.com\/et\/wp-json\/wp\/v2\/media\/647224"}],"wp:attachment":[{"href":"https:\/\/nextsnkr.com\/et\/wp-json\/wp\/v2\/media?parent=647223"}],"wp:term":[{"taxonomy":"product_brand","embeddable":true,"href":"https:\/\/nextsnkr.com\/et\/wp-json\/wp\/v2\/product_brand?post=647223"},{"taxonomy":"product_cat","embeddable":true,"href":"https:\/\/nextsnkr.com\/et\/wp-json\/wp\/v2\/product_cat?post=647223"},{"taxonomy":"product_tag","embeddable":true,"href":"https:\/\/nextsnkr.com\/et\/wp-json\/wp\/v2\/product_tag?post=647223"}],"curies":[{"name":"wp","href":"https:\/\/api.w.org\/{rel}","templated":true}]}}