{"id":646884,"date":"2025-06-14T15:23:36","date_gmt":"2025-06-14T12:23:36","guid":{"rendered":"https:\/\/nextsnkr.com\/product\/air-force-low-grey\/"},"modified":"2026-01-30T14:44:29","modified_gmt":"2026-01-30T11:44:29","slug":"air-force-low-grey","status":"publish","type":"product","link":"https:\/\/nextsnkr.com\/et\/toode\/air-force-low-grey\/","title":{"rendered":"\u00d5huj\u00f5udude madala halli seemisnahast tossud-stiilne igap\u00e4evane Mudel"},"content":{"rendered":"<h2>\u00d5huj\u00f5udude madala halli seemisnahast tossud-stiilne igap\u00e4evane Mudel<\/h2>\n<p>\u00d5huj\u00f5udude Low Grey tossud on valmistatud kvaliteetsest seemisnahast, mis pakub pehmust, mugavust ja esmaklassilist v\u00e4limust. Klassikaline siluett koos universaalse halli v\u00e4rviga sobib kergesti igale v\u00e4limusele. Vastupidav tald tagab mugavuse igap\u00e4evase kandmise ajal ning l\u00e4bim\u00f5eldud disain muudab mudeli linnastiili jaoks asjakohaseks. See on ideaalne valik neile, kes hindavad mugavuse, stiili ja praktilisuse kombinatsiooni.<\/p>\n","protected":false},"excerpt":{"rendered":"<p>\u00d5huj\u00f5udude Low Grey tossud on valmistatud kvaliteetsest seemisnahast, mis pakub pehmust, mugavust ja esmaklassilist v\u00e4limust. Klassikaline siluett koos universaalse halli v\u00e4rviga sobib kergesti igale v\u00e4limusele. Vastupidav tald tagab mugavuse igap\u00e4evase kandmise ajal ning l\u00e4bim\u00f5eldud disain muudab mudeli linnastiili jaoks asjakohaseks. See on ideaalne valik neile, kes hindavad mugavuse, stiili ja praktilisuse kombinatsiooni.<\/p>\n","protected":false},"featured_media":646885,"comment_status":"open","ping_status":"open","template":"","meta":[],"product_brand":[],"product_cat":[3186,3317],"product_tag":[],"class_list":{"0":"post-646884","1":"product","2":"type-product","3":"status-publish","4":"has-post-thumbnail","6":"product_cat-all-product","7":"product_cat-kedy","8":"pa_rozmir-910","9":"pa_rozmir-912","10":"pa_rozmir-914","11":"pa_rozmir-915","12":"pa_rozmir-916","13":"pa_rozmir-917","14":"pa_rozmir-918","15":"pa_rozmir-919","16":"pa_rozmir-920","17":"pa_rozmir-921","18":"pa_rozmir-922","20":"first","21":"instock","22":"purchasable","23":"product-type-variable"},"_links":{"self":[{"href":"https:\/\/nextsnkr.com\/et\/wp-json\/wp\/v2\/product\/646884","targetHints":{"allow":["GET"]}}],"collection":[{"href":"https:\/\/nextsnkr.com\/et\/wp-json\/wp\/v2\/product"}],"about":[{"href":"https:\/\/nextsnkr.com\/et\/wp-json\/wp\/v2\/types\/product"}],"replies":[{"embeddable":true,"href":"https:\/\/nextsnkr.com\/et\/wp-json\/wp\/v2\/comments?post=646884"}],"version-history":[{"count":0,"href":"https:\/\/nextsnkr.com\/et\/wp-json\/wp\/v2\/product\/646884\/revisions"}],"wp:featuredmedia":[{"embeddable":true,"href":"https:\/\/nextsnkr.com\/et\/wp-json\/wp\/v2\/media\/646885"}],"wp:attachment":[{"href":"https:\/\/nextsnkr.com\/et\/wp-json\/wp\/v2\/media?parent=646884"}],"wp:term":[{"taxonomy":"product_brand","embeddable":true,"href":"https:\/\/nextsnkr.com\/et\/wp-json\/wp\/v2\/product_brand?post=646884"},{"taxonomy":"product_cat","embeddable":true,"href":"https:\/\/nextsnkr.com\/et\/wp-json\/wp\/v2\/product_cat?post=646884"},{"taxonomy":"product_tag","embeddable":true,"href":"https:\/\/nextsnkr.com\/et\/wp-json\/wp\/v2\/product_tag?post=646884"}],"curies":[{"name":"wp","href":"https:\/\/api.w.org\/{rel}","templated":true}]}}