{"id":645670,"date":"2025-06-14T15:27:58","date_gmt":"2025-06-14T12:27:58","guid":{"rendered":"https:\/\/nextsnkr.com\/product\/air-force-1-shadow-pink-grey\/"},"modified":"2026-01-30T14:43:47","modified_gmt":"2026-01-30T11:43:47","slug":"air-force-1-shadow-pink-grey","status":"publish","type":"product","link":"https:\/\/nextsnkr.com\/et\/toode\/air-force-1-shadow-pink-grey\/","title":{"rendered":"Air Force 1 Shadow Pink \/ Grey tossud-naiste nahast stiilsed tossud"},"content":{"rendered":"<h2>Air Force 1 Shadow Pink \/ Grey tossud-naiste nahast stiilsed tossud<\/h2>\n<p>Air Force 1 Shadow Pink \/ Grey on moodsad naiste tossud, mis on valmistatud kvaliteetsest ehtsast nahast, mis tagab vastupidavuse, mugavuse ja pika eluea. Pehme roosa ja halli kombinatsioon lisab mudelile erksust ja ainulaadset stiili. Vietnamis toodetud tossud eristuvad l\u00e4bim\u00f5eldud disaini, usaldusv\u00e4\u00e4rse talla ja mugava istuvuse poolest. Ideaalne valik igap\u00e4evaseks kandmiseks, k\u00f5ndimiseks ja moodsa moepildi loomiseks.<\/p>\n","protected":false},"excerpt":{"rendered":"<p>Air Force 1 Shadow Pink \/ Grey on moodsad naiste tossud, mis on valmistatud kvaliteetsest ehtsast nahast, mis tagab vastupidavuse, mugavuse ja pika eluea. Pehme roosa ja halli kombinatsioon lisab mudelile erksust ja ainulaadset stiili. Vietnamis toodetud tossud eristuvad l\u00e4bim\u00f5eldud disaini, usaldusv\u00e4\u00e4rse talla ja mugava istuvuse poolest. Ideaalne valik igap\u00e4evaseks kandmiseks, k\u00f5ndimiseks ja moodsa moepildi loomiseks.<\/p>\n","protected":false},"featured_media":645671,"comment_status":"open","ping_status":"open","template":"","meta":[],"product_brand":[],"product_cat":[3186,3317],"product_tag":[],"class_list":{"0":"post-645670","1":"product","2":"type-product","3":"status-publish","4":"has-post-thumbnail","6":"product_cat-all-product","7":"product_cat-kedy","8":"pa_rozmir-910","9":"pa_rozmir-912","10":"pa_rozmir-914","11":"pa_rozmir-915","12":"pa_rozmir-916","13":"pa_rozmir-917","14":"pa_rozmir-918","15":"pa_rozmir-919","16":"pa_rozmir-920","17":"pa_rozmir-921","18":"pa_rozmir-922","20":"first","21":"onbackorder","22":"purchasable","23":"product-type-variable"},"_links":{"self":[{"href":"https:\/\/nextsnkr.com\/et\/wp-json\/wp\/v2\/product\/645670","targetHints":{"allow":["GET"]}}],"collection":[{"href":"https:\/\/nextsnkr.com\/et\/wp-json\/wp\/v2\/product"}],"about":[{"href":"https:\/\/nextsnkr.com\/et\/wp-json\/wp\/v2\/types\/product"}],"replies":[{"embeddable":true,"href":"https:\/\/nextsnkr.com\/et\/wp-json\/wp\/v2\/comments?post=645670"}],"version-history":[{"count":0,"href":"https:\/\/nextsnkr.com\/et\/wp-json\/wp\/v2\/product\/645670\/revisions"}],"wp:featuredmedia":[{"embeddable":true,"href":"https:\/\/nextsnkr.com\/et\/wp-json\/wp\/v2\/media\/645671"}],"wp:attachment":[{"href":"https:\/\/nextsnkr.com\/et\/wp-json\/wp\/v2\/media?parent=645670"}],"wp:term":[{"taxonomy":"product_brand","embeddable":true,"href":"https:\/\/nextsnkr.com\/et\/wp-json\/wp\/v2\/product_brand?post=645670"},{"taxonomy":"product_cat","embeddable":true,"href":"https:\/\/nextsnkr.com\/et\/wp-json\/wp\/v2\/product_cat?post=645670"},{"taxonomy":"product_tag","embeddable":true,"href":"https:\/\/nextsnkr.com\/et\/wp-json\/wp\/v2\/product_tag?post=645670"}],"curies":[{"name":"wp","href":"https:\/\/api.w.org\/{rel}","templated":true}]}}