{"id":645501,"date":"2025-06-14T15:28:29","date_gmt":"2025-06-14T12:28:29","guid":{"rendered":"https:\/\/nextsnkr.com\/product\/air-force-1-white-grey\/"},"modified":"2026-01-30T14:43:33","modified_gmt":"2026-01-30T11:43:33","slug":"air-force-1-white-grey","status":"publish","type":"product","link":"https:\/\/nextsnkr.com\/et\/toode\/air-force-1-white-grey\/","title":{"rendered":"Air Force 1 white \u2014 Grey tossud-meeste nahast tossud valge ja halli stiiliga"},"content":{"rendered":"<h2>Air Force 1 white \u2014 Grey tossud-meeste nahast tossud valge ja halli stiiliga<\/h2>\n<p>Air Force 1 white\/Grey tossud on stiilne ja mitmek\u00fclgne mudel, mis on valmistatud kvaliteetsest ehtsast nahast. T\u00e4nu valge ja halli v\u00e4rvi kombinatsioonile n\u00e4evad kingad v\u00e4lja kaasaegsed ja sobivad h\u00f5lpsasti iga igap\u00e4evase v\u00e4limusega. Pehme sisetald ja mugav tald tagavad pikaajalise kandmise ajal mugavuse, samas kui vastupidavad materjalid tagavad vastupidavuse. Valige Air Force 1 White\/Grey, kui hindate iga p\u00e4ev stiili, kvaliteeti ja mugavust.<\/p>\n","protected":false},"excerpt":{"rendered":"<p>Air Force 1 white\/Grey tossud on stiilne ja mitmek\u00fclgne mudel, mis on valmistatud kvaliteetsest ehtsast nahast. T\u00e4nu valge ja halli v\u00e4rvi kombinatsioonile n\u00e4evad kingad v\u00e4lja kaasaegsed ja sobivad h\u00f5lpsasti iga igap\u00e4evase v\u00e4limusega. Pehme sisetald ja mugav tald tagavad pikaajalise kandmise ajal mugavuse, samas kui vastupidavad materjalid tagavad vastupidavuse. Valige Air Force 1 White\/Grey, kui hindate iga p\u00e4ev stiili, kvaliteeti ja mugavust.<\/p>\n","protected":false},"featured_media":645502,"comment_status":"open","ping_status":"open","template":"","meta":[],"product_brand":[],"product_cat":[3186,3317],"product_tag":[],"class_list":{"0":"post-645501","1":"product","2":"type-product","3":"status-publish","4":"has-post-thumbnail","6":"product_cat-all-product","7":"product_cat-kedy","8":"pa_rozmir-910","9":"pa_rozmir-912","10":"pa_rozmir-914","11":"pa_rozmir-915","12":"pa_rozmir-916","13":"pa_rozmir-917","14":"pa_rozmir-918","15":"pa_rozmir-919","16":"pa_rozmir-920","17":"pa_rozmir-921","18":"pa_rozmir-922","20":"first","21":"onbackorder","22":"purchasable","23":"product-type-variable"},"_links":{"self":[{"href":"https:\/\/nextsnkr.com\/et\/wp-json\/wp\/v2\/product\/645501","targetHints":{"allow":["GET"]}}],"collection":[{"href":"https:\/\/nextsnkr.com\/et\/wp-json\/wp\/v2\/product"}],"about":[{"href":"https:\/\/nextsnkr.com\/et\/wp-json\/wp\/v2\/types\/product"}],"replies":[{"embeddable":true,"href":"https:\/\/nextsnkr.com\/et\/wp-json\/wp\/v2\/comments?post=645501"}],"version-history":[{"count":0,"href":"https:\/\/nextsnkr.com\/et\/wp-json\/wp\/v2\/product\/645501\/revisions"}],"wp:featuredmedia":[{"embeddable":true,"href":"https:\/\/nextsnkr.com\/et\/wp-json\/wp\/v2\/media\/645502"}],"wp:attachment":[{"href":"https:\/\/nextsnkr.com\/et\/wp-json\/wp\/v2\/media?parent=645501"}],"wp:term":[{"taxonomy":"product_brand","embeddable":true,"href":"https:\/\/nextsnkr.com\/et\/wp-json\/wp\/v2\/product_brand?post=645501"},{"taxonomy":"product_cat","embeddable":true,"href":"https:\/\/nextsnkr.com\/et\/wp-json\/wp\/v2\/product_cat?post=645501"},{"taxonomy":"product_tag","embeddable":true,"href":"https:\/\/nextsnkr.com\/et\/wp-json\/wp\/v2\/product_tag?post=645501"}],"curies":[{"name":"wp","href":"https:\/\/api.w.org\/{rel}","templated":true}]}}