{"id":644652,"date":"2025-06-14T15:31:28","date_gmt":"2025-06-14T12:31:28","guid":{"rendered":"https:\/\/nextsnkr.com\/product\/air-force-1-white-pink\/"},"modified":"2026-01-30T14:42:59","modified_gmt":"2026-01-30T11:42:59","slug":"air-force-1-white-pink","status":"publish","type":"product","link":"https:\/\/nextsnkr.com\/et\/toode\/air-force-1-white-pink\/","title":{"rendered":"Air Force 1 Valge \u2014 Roosa tossud-stiilsed nahast tossud valges ja roosas"},"content":{"rendered":"<h2>Air Force 1 Valge \u2014 Roosa tossud-stiilsed nahast tossud valges ja roosas<\/h2>\n<p>Air Force 1 White\/Pink tossud on klassikaline mudel, mis keskendub stiilile ja mugavusele. Valmistatud kvaliteetsest ehtsast nahast, pakuvad need vastupidavust ja mugavust igap\u00e4evase kandmise ajal. Valge ja roosa kontrastsus lisab v\u00e4limusele v\u00e4rskust ja originaalsust. T\u00e4nu mugavale tallale ja usaldusv\u00e4\u00e4rsele fikseerimisele sobivad need tossud k\u00f5ndimiseks, \u00f5ppimiseks v\u00f5i aktiivseks puhkuseks. Valige Air Force 1 White \/ Pink, et \u00fchendada Stiil ja praktilisus. Kood: N00122-314274.<\/p>\n","protected":false},"excerpt":{"rendered":"<p>Air Force 1 White\/Pink tossud on klassikaline mudel, mis keskendub stiilile ja mugavusele. Valmistatud kvaliteetsest ehtsast nahast, pakuvad need vastupidavust ja mugavust igap\u00e4evase kandmise ajal. Valge ja roosa kontrastsus lisab v\u00e4limusele v\u00e4rskust ja originaalsust. T\u00e4nu mugavale tallale ja usaldusv\u00e4\u00e4rsele fikseerimisele sobivad need tossud k\u00f5ndimiseks, \u00f5ppimiseks v\u00f5i aktiivseks puhkuseks. Valige Air Force 1 White \/ Pink, et \u00fchendada Stiil ja praktilisus. Kood: N00122-314274.<\/p>\n","protected":false},"featured_media":644653,"comment_status":"open","ping_status":"open","template":"","meta":[],"product_brand":[],"product_cat":[3186,3317],"product_tag":[],"class_list":{"0":"post-644652","1":"product","2":"type-product","3":"status-publish","4":"has-post-thumbnail","6":"product_cat-all-product","7":"product_cat-kedy","8":"pa_rozmir-910","9":"pa_rozmir-912","10":"pa_rozmir-914","11":"pa_rozmir-915","12":"pa_rozmir-916","13":"pa_rozmir-917","14":"pa_rozmir-918","15":"pa_rozmir-919","16":"pa_rozmir-920","17":"pa_rozmir-921","18":"pa_rozmir-922","20":"first","21":"instock","22":"purchasable","23":"product-type-variable"},"_links":{"self":[{"href":"https:\/\/nextsnkr.com\/et\/wp-json\/wp\/v2\/product\/644652","targetHints":{"allow":["GET"]}}],"collection":[{"href":"https:\/\/nextsnkr.com\/et\/wp-json\/wp\/v2\/product"}],"about":[{"href":"https:\/\/nextsnkr.com\/et\/wp-json\/wp\/v2\/types\/product"}],"replies":[{"embeddable":true,"href":"https:\/\/nextsnkr.com\/et\/wp-json\/wp\/v2\/comments?post=644652"}],"version-history":[{"count":0,"href":"https:\/\/nextsnkr.com\/et\/wp-json\/wp\/v2\/product\/644652\/revisions"}],"wp:featuredmedia":[{"embeddable":true,"href":"https:\/\/nextsnkr.com\/et\/wp-json\/wp\/v2\/media\/644653"}],"wp:attachment":[{"href":"https:\/\/nextsnkr.com\/et\/wp-json\/wp\/v2\/media?parent=644652"}],"wp:term":[{"taxonomy":"product_brand","embeddable":true,"href":"https:\/\/nextsnkr.com\/et\/wp-json\/wp\/v2\/product_brand?post=644652"},{"taxonomy":"product_cat","embeddable":true,"href":"https:\/\/nextsnkr.com\/et\/wp-json\/wp\/v2\/product_cat?post=644652"},{"taxonomy":"product_tag","embeddable":true,"href":"https:\/\/nextsnkr.com\/et\/wp-json\/wp\/v2\/product_tag?post=644652"}],"curies":[{"name":"wp","href":"https:\/\/api.w.org\/{rel}","templated":true}]}}