{"id":643528,"date":"2025-06-14T15:33:53","date_gmt":"2025-06-14T12:33:53","guid":{"rendered":"https:\/\/nextsnkr.com\/product\/cr-dior-sandal-brown\/"},"modified":"2026-01-30T14:42:24","modified_gmt":"2026-01-30T11:42:24","slug":"cr-dior-sandal-brown","status":"publish","type":"product","link":"https:\/\/nextsnkr.com\/et\/toode\/cr-dior-sandal-brown\/","title":{"rendered":"Sussid Cr. Dior Sandal Brown-pruunid tekstiilist naiste sussid"},"content":{"rendered":"<h2>Sussid Cr. Dior Sandal Brown-pruunid tekstiilist naiste sussid<\/h2>\n<p>Sussid Cr. Dior Sandal Brown on stiilne ja mugav jalats igap\u00e4evaseks kandmiseks kodus v\u00f5i puhkusel. Valmistatud pehmetest tekstiilidest, pakuvad need k\u00f5ndimisel mugavust ja meeldivat tunnet. Kerge konstruktsioon ja mitmek\u00fclgne pruun v\u00e4rv muudavad sussid samal ajal praktiliseks ja elegantseks. Mudel on valmistatud Prantsusmaal (tegelikult Hiinas), kuid vastab k\u00f5rgetele kvaliteedistandarditele. Valige Cr. Dior Sandal Brown, et \u00fchendada mugavus, stiil ja mugavus igal sammul.<\/p>\n","protected":false},"excerpt":{"rendered":"<p>Sussid Cr. Dior Sandal Brown on stiilne ja mugav jalats igap\u00e4evaseks kandmiseks kodus v\u00f5i puhkusel. Valmistatud pehmetest tekstiilidest, pakuvad need k\u00f5ndimisel mugavust ja meeldivat tunnet. Kerge konstruktsioon ja mitmek\u00fclgne pruun v\u00e4rv muudavad sussid samal ajal praktiliseks ja elegantseks. Mudel on valmistatud Prantsusmaal (tegelikult Hiinas), kuid vastab k\u00f5rgetele kvaliteedistandarditele. Valige Cr. Dior Sandal Brown, et \u00fchendada mugavus, stiil ja mugavus igal sammul.<\/p>\n","protected":false},"featured_media":643532,"comment_status":"open","ping_status":"open","template":"","meta":[],"product_brand":[],"product_cat":[3186,3419],"product_tag":[],"class_list":{"0":"post-643528","1":"product","2":"type-product","3":"status-publish","4":"has-post-thumbnail","6":"product_cat-all-product","7":"product_cat-shlopantsi","8":"pa_rozmir-910","9":"pa_rozmir-912","10":"pa_rozmir-914","11":"pa_rozmir-915","12":"pa_rozmir-916","13":"pa_rozmir-917","14":"pa_rozmir-918","15":"pa_rozmir-919","16":"pa_rozmir-920","17":"pa_rozmir-921","18":"pa_rozmir-922","20":"first","21":"instock","22":"purchasable","23":"product-type-variable"},"_links":{"self":[{"href":"https:\/\/nextsnkr.com\/et\/wp-json\/wp\/v2\/product\/643528","targetHints":{"allow":["GET"]}}],"collection":[{"href":"https:\/\/nextsnkr.com\/et\/wp-json\/wp\/v2\/product"}],"about":[{"href":"https:\/\/nextsnkr.com\/et\/wp-json\/wp\/v2\/types\/product"}],"replies":[{"embeddable":true,"href":"https:\/\/nextsnkr.com\/et\/wp-json\/wp\/v2\/comments?post=643528"}],"version-history":[{"count":0,"href":"https:\/\/nextsnkr.com\/et\/wp-json\/wp\/v2\/product\/643528\/revisions"}],"wp:featuredmedia":[{"embeddable":true,"href":"https:\/\/nextsnkr.com\/et\/wp-json\/wp\/v2\/media\/643532"}],"wp:attachment":[{"href":"https:\/\/nextsnkr.com\/et\/wp-json\/wp\/v2\/media?parent=643528"}],"wp:term":[{"taxonomy":"product_brand","embeddable":true,"href":"https:\/\/nextsnkr.com\/et\/wp-json\/wp\/v2\/product_brand?post=643528"},{"taxonomy":"product_cat","embeddable":true,"href":"https:\/\/nextsnkr.com\/et\/wp-json\/wp\/v2\/product_cat?post=643528"},{"taxonomy":"product_tag","embeddable":true,"href":"https:\/\/nextsnkr.com\/et\/wp-json\/wp\/v2\/product_tag?post=643528"}],"curies":[{"name":"wp","href":"https:\/\/api.w.org\/{rel}","templated":true}]}}