{"id":643295,"date":"2025-06-14T15:34:25","date_gmt":"2025-06-14T12:34:25","guid":{"rendered":"https:\/\/nextsnkr.com\/product\/hermes-chypre-sandals\/"},"modified":"2026-01-30T14:42:15","modified_gmt":"2026-01-30T11:42:15","slug":"hermes-chypre-sandals","status":"publish","type":"product","link":"https:\/\/nextsnkr.com\/et\/toode\/hermes-chypre-sandals\/","title":{"rendered":"Hermes Chypre Sandals sussid &#8211; nahast stiilsed mehed ja naised"},"content":{"rendered":"<h2>Hermes Chypre Sandals sussid &#8211; nahast stiilsed mehed ja naised<\/h2>\n<p>Hermes Chypre Sandals Sussid on segu esmaklassilisest stiilist ja \u00fclimast mugavusest. Valmistatud ehtsast nahast, tagavad need vastupidavuse, pehmuse ja meeldiva istuvuse. Lakooniline disain muudab mudeli universaalseks igap\u00e4evaseks kandmiseks kodus, puhkusel v\u00f5i linnas. Kvaliteetne tootmine tagab t\u00e4pse t\u00e4itmise ja mugavuse k\u00f5ndimise ajal. Valige Hermes Chypre Sandals, et lisada oma igap\u00e4evasele v\u00e4limusele stiilsust ja mugavust.<\/p>\n","protected":false},"excerpt":{"rendered":"<p>Hermes Chypre Sandals Sussid on segu esmaklassilisest stiilist ja \u00fclimast mugavusest. Valmistatud ehtsast nahast, tagavad need vastupidavuse, pehmuse ja meeldiva istuvuse. Lakooniline disain muudab mudeli universaalseks igap\u00e4evaseks kandmiseks kodus, puhkusel v\u00f5i linnas. Kvaliteetne tootmine tagab t\u00e4pse t\u00e4itmise ja mugavuse k\u00f5ndimise ajal. Valige Hermes Chypre Sandals, et lisada oma igap\u00e4evasele v\u00e4limusele stiilsust ja mugavust.<\/p>\n","protected":false},"featured_media":643296,"comment_status":"open","ping_status":"open","template":"","meta":[],"product_brand":[],"product_cat":[3186,3419],"product_tag":[],"class_list":{"0":"post-643295","1":"product","2":"type-product","3":"status-publish","4":"has-post-thumbnail","6":"product_cat-all-product","7":"product_cat-shlopantsi","8":"pa_rozmir-910","9":"pa_rozmir-912","10":"pa_rozmir-914","11":"pa_rozmir-915","12":"pa_rozmir-916","13":"pa_rozmir-917","14":"pa_rozmir-918","15":"pa_rozmir-919","16":"pa_rozmir-920","17":"pa_rozmir-921","18":"pa_rozmir-922","20":"first","21":"onbackorder","22":"purchasable","23":"product-type-variable"},"_links":{"self":[{"href":"https:\/\/nextsnkr.com\/et\/wp-json\/wp\/v2\/product\/643295","targetHints":{"allow":["GET"]}}],"collection":[{"href":"https:\/\/nextsnkr.com\/et\/wp-json\/wp\/v2\/product"}],"about":[{"href":"https:\/\/nextsnkr.com\/et\/wp-json\/wp\/v2\/types\/product"}],"replies":[{"embeddable":true,"href":"https:\/\/nextsnkr.com\/et\/wp-json\/wp\/v2\/comments?post=643295"}],"version-history":[{"count":0,"href":"https:\/\/nextsnkr.com\/et\/wp-json\/wp\/v2\/product\/643295\/revisions"}],"wp:featuredmedia":[{"embeddable":true,"href":"https:\/\/nextsnkr.com\/et\/wp-json\/wp\/v2\/media\/643296"}],"wp:attachment":[{"href":"https:\/\/nextsnkr.com\/et\/wp-json\/wp\/v2\/media?parent=643295"}],"wp:term":[{"taxonomy":"product_brand","embeddable":true,"href":"https:\/\/nextsnkr.com\/et\/wp-json\/wp\/v2\/product_brand?post=643295"},{"taxonomy":"product_cat","embeddable":true,"href":"https:\/\/nextsnkr.com\/et\/wp-json\/wp\/v2\/product_cat?post=643295"},{"taxonomy":"product_tag","embeddable":true,"href":"https:\/\/nextsnkr.com\/et\/wp-json\/wp\/v2\/product_tag?post=643295"}],"curies":[{"name":"wp","href":"https:\/\/api.w.org\/{rel}","templated":true}]}}