{"id":641724,"date":"2025-06-19T21:28:10","date_gmt":"2025-06-19T18:28:10","guid":{"rendered":"https:\/\/nextsnkr.com\/product\/prada-boots-zip-pocket-black-nude\/"},"modified":"2026-01-30T14:41:13","modified_gmt":"2026-01-30T11:41:13","slug":"prada-boots-zip-pocket-black-nude","status":"publish","type":"product","link":"https:\/\/nextsnkr.com\/et\/toode\/prada-boots-zip-pocket-black-nude\/","title":{"rendered":"Prada Saapad Zip Pocket Black \/ Nude nahast Stiilne"},"content":{"rendered":"<h2>Prada Saapad Zip Pocket Black \/ Nude nahast Stiilne<\/h2>\n<p>Prada Saapad Zip Pocket Black \/ Nude on elegantsed esmaklassilised saapad Itaalia kaubam\u00e4rgilt Prada. Valmistatud ehtsast nahast ja vastupidavast nailonist, pakuvad need mugavust, vastupidavust ja stiilset v\u00e4limust. Mustade ja alasti varjundite mitmek\u00fclgne kombinatsioon muudab need ideaalseks igap\u00e4evaseks kandmiseks ja erilistel puhkudel. Funktsionaalne t\u00f5mblukk ja tasku lisavad praktilisust ning materjalide k\u00f5rge kvaliteet r\u00f5hutab kandja staatust ja maitset.<\/p>\n","protected":false},"excerpt":{"rendered":"<p>Prada Saapad Zip Pocket Black \/ Nude on elegantsed esmaklassilised saapad Itaalia kaubam\u00e4rgilt Prada. Valmistatud ehtsast nahast ja vastupidavast nailonist, pakuvad need mugavust, vastupidavust ja stiilset v\u00e4limust. Mustade ja alasti varjundite mitmek\u00fclgne kombinatsioon muudab need ideaalseks igap\u00e4evaseks kandmiseks ja erilistel puhkudel. Funktsionaalne t\u00f5mblukk ja tasku lisavad praktilisust ning materjalide k\u00f5rge kvaliteet r\u00f5hutab kandja staatust ja maitset.<\/p>\n","protected":false},"featured_media":641726,"comment_status":"open","ping_status":"open","template":"","meta":[],"product_brand":[],"product_cat":[3186,3330],"product_tag":[],"class_list":{"0":"post-641724","1":"product","2":"type-product","3":"status-publish","4":"has-post-thumbnail","6":"product_cat-all-product","7":"product_cat-cherevyky","8":"pa_rozmir-910","9":"pa_rozmir-912","10":"pa_rozmir-914","11":"pa_rozmir-915","12":"pa_rozmir-916","13":"pa_rozmir-917","14":"pa_rozmir-918","15":"pa_rozmir-919","16":"pa_rozmir-920","17":"pa_rozmir-921","18":"pa_rozmir-922","20":"first","21":"onbackorder","22":"purchasable","23":"product-type-variable"},"_links":{"self":[{"href":"https:\/\/nextsnkr.com\/et\/wp-json\/wp\/v2\/product\/641724","targetHints":{"allow":["GET"]}}],"collection":[{"href":"https:\/\/nextsnkr.com\/et\/wp-json\/wp\/v2\/product"}],"about":[{"href":"https:\/\/nextsnkr.com\/et\/wp-json\/wp\/v2\/types\/product"}],"replies":[{"embeddable":true,"href":"https:\/\/nextsnkr.com\/et\/wp-json\/wp\/v2\/comments?post=641724"}],"version-history":[{"count":0,"href":"https:\/\/nextsnkr.com\/et\/wp-json\/wp\/v2\/product\/641724\/revisions"}],"wp:featuredmedia":[{"embeddable":true,"href":"https:\/\/nextsnkr.com\/et\/wp-json\/wp\/v2\/media\/641726"}],"wp:attachment":[{"href":"https:\/\/nextsnkr.com\/et\/wp-json\/wp\/v2\/media?parent=641724"}],"wp:term":[{"taxonomy":"product_brand","embeddable":true,"href":"https:\/\/nextsnkr.com\/et\/wp-json\/wp\/v2\/product_brand?post=641724"},{"taxonomy":"product_cat","embeddable":true,"href":"https:\/\/nextsnkr.com\/et\/wp-json\/wp\/v2\/product_cat?post=641724"},{"taxonomy":"product_tag","embeddable":true,"href":"https:\/\/nextsnkr.com\/et\/wp-json\/wp\/v2\/product_tag?post=641724"}],"curies":[{"name":"wp","href":"https:\/\/api.w.org\/{rel}","templated":true}]}}