{"id":639851,"date":"2025-06-19T22:23:16","date_gmt":"2025-06-19T19:23:16","guid":{"rendered":"https:\/\/nextsnkr.com\/product\/panama-dior\/"},"modified":"2026-01-30T14:39:43","modified_gmt":"2026-01-30T11:39:43","slug":"panama-dior","status":"publish","type":"product","link":"https:\/\/nextsnkr.com\/et\/toode\/panama-dior\/","title":{"rendered":"Panama Dior on Tekstiil, stiilne ja lihtne igap\u00e4evaseks kasutamiseks"},"content":{"rendered":"<h2>Panama Dior on Tekstiil, stiilne ja lihtne igap\u00e4evaseks kasutamiseks<\/h2>\n<p>Elegantne Panama Dior on valmistatud kvaliteetsest tekstiilist, mis tagab kandmise lihtsuse ja mugavuse. Stiilne disain ja signatuurbr\u00e4nd r\u00f5hutavad teie ainulaadset v\u00e4limust, kaitstes p\u00e4ikese eest ja t\u00e4iendades veelgi suve-ja igap\u00e4evaseid outfitte. Ideaalne valik neile, kes hindavad moeaksessuaare ja k\u00f5rget kvaliteeti.<\/p>\n","protected":false},"excerpt":{"rendered":"<p>Elegantne Panama Dior on valmistatud kvaliteetsest tekstiilist, mis tagab kandmise lihtsuse ja mugavuse. Stiilne disain ja signatuurbr\u00e4nd r\u00f5hutavad teie ainulaadset v\u00e4limust, kaitstes p\u00e4ikese eest ja t\u00e4iendades veelgi suve-ja igap\u00e4evaseid outfitte. Ideaalne valik neile, kes hindavad moeaksessuaare ja k\u00f5rget kvaliteeti.<\/p>\n","protected":false},"featured_media":639852,"comment_status":"open","ping_status":"open","template":"","meta":[],"product_brand":[],"product_cat":[3186],"product_tag":[],"class_list":{"0":"post-639851","1":"product","2":"type-product","3":"status-publish","4":"has-post-thumbnail","6":"product_cat-all-product","7":"pa_rozmir-one-size","9":"first","10":"instock","11":"purchasable","12":"product-type-simple"},"_links":{"self":[{"href":"https:\/\/nextsnkr.com\/et\/wp-json\/wp\/v2\/product\/639851","targetHints":{"allow":["GET"]}}],"collection":[{"href":"https:\/\/nextsnkr.com\/et\/wp-json\/wp\/v2\/product"}],"about":[{"href":"https:\/\/nextsnkr.com\/et\/wp-json\/wp\/v2\/types\/product"}],"replies":[{"embeddable":true,"href":"https:\/\/nextsnkr.com\/et\/wp-json\/wp\/v2\/comments?post=639851"}],"version-history":[{"count":0,"href":"https:\/\/nextsnkr.com\/et\/wp-json\/wp\/v2\/product\/639851\/revisions"}],"wp:featuredmedia":[{"embeddable":true,"href":"https:\/\/nextsnkr.com\/et\/wp-json\/wp\/v2\/media\/639852"}],"wp:attachment":[{"href":"https:\/\/nextsnkr.com\/et\/wp-json\/wp\/v2\/media?parent=639851"}],"wp:term":[{"taxonomy":"product_brand","embeddable":true,"href":"https:\/\/nextsnkr.com\/et\/wp-json\/wp\/v2\/product_brand?post=639851"},{"taxonomy":"product_cat","embeddable":true,"href":"https:\/\/nextsnkr.com\/et\/wp-json\/wp\/v2\/product_cat?post=639851"},{"taxonomy":"product_tag","embeddable":true,"href":"https:\/\/nextsnkr.com\/et\/wp-json\/wp\/v2\/product_tag?post=639851"}],"curies":[{"name":"wp","href":"https:\/\/api.w.org\/{rel}","templated":true}]}}