{"id":639703,"date":"2025-06-19T22:24:02","date_gmt":"2025-06-19T19:24:02","guid":{"rendered":"https:\/\/nextsnkr.com\/product\/space-total-black-premium\/"},"modified":"2026-01-30T14:39:58","modified_gmt":"2026-01-30T11:39:58","slug":"space-total-black-premium","status":"publish","type":"product","link":"https:\/\/nextsnkr.com\/et\/toode\/space-total-black-premium\/","title":{"rendered":"Space Total Black tossud seemisnahast ja tekstiilist"},"content":{"rendered":"<h2>Space Total Black tossud seemisnahast ja tekstiilist<\/h2>\n<p>Stiilsed Space Total Black Premium tossud on valmistatud kvaliteetsest seemisnahast ja tekstiilist, et tagada mugavus ja vastupidavus. Ideaalne igap\u00e4evaseks kandmiseks ja v\u00e4litegevuseks, need \u00fchendavad kaasaegse disaini ja praktilisuse. Space &#8216; i kaubam\u00e4rk tagab usaldusv\u00e4\u00e4rsuse ja stiili, samas kui must v\u00e4rv lisab teie v\u00e4limusele mitmek\u00fclgsust ja elegantsi.<\/p>\n","protected":false},"excerpt":{"rendered":"<p>Stiilsed Space Total Black Premium tossud on valmistatud kvaliteetsest seemisnahast ja tekstiilist, et tagada mugavus ja vastupidavus. Ideaalne igap\u00e4evaseks kandmiseks ja v\u00e4litegevuseks, need \u00fchendavad kaasaegse disaini ja praktilisuse. Space &#8216; i kaubam\u00e4rk tagab usaldusv\u00e4\u00e4rsuse ja stiili, samas kui must v\u00e4rv lisab teie v\u00e4limusele mitmek\u00fclgsust ja elegantsi.<\/p>\n","protected":false},"featured_media":639704,"comment_status":"open","ping_status":"open","template":"","meta":[],"product_brand":[],"product_cat":[3186,3187],"product_tag":[],"class_list":{"0":"post-639703","1":"product","2":"type-product","3":"status-publish","4":"has-post-thumbnail","6":"product_cat-all-product","7":"product_cat-krosivky","8":"pa_rozmir-910","9":"pa_rozmir-912","10":"pa_rozmir-914","11":"pa_rozmir-915","12":"pa_rozmir-916","13":"pa_rozmir-917","14":"pa_rozmir-918","15":"pa_rozmir-919","16":"pa_rozmir-920","17":"pa_rozmir-921","18":"pa_rozmir-922","20":"first","21":"onbackorder","22":"purchasable","23":"product-type-variable"},"_links":{"self":[{"href":"https:\/\/nextsnkr.com\/et\/wp-json\/wp\/v2\/product\/639703","targetHints":{"allow":["GET"]}}],"collection":[{"href":"https:\/\/nextsnkr.com\/et\/wp-json\/wp\/v2\/product"}],"about":[{"href":"https:\/\/nextsnkr.com\/et\/wp-json\/wp\/v2\/types\/product"}],"replies":[{"embeddable":true,"href":"https:\/\/nextsnkr.com\/et\/wp-json\/wp\/v2\/comments?post=639703"}],"version-history":[{"count":0,"href":"https:\/\/nextsnkr.com\/et\/wp-json\/wp\/v2\/product\/639703\/revisions"}],"wp:featuredmedia":[{"embeddable":true,"href":"https:\/\/nextsnkr.com\/et\/wp-json\/wp\/v2\/media\/639704"}],"wp:attachment":[{"href":"https:\/\/nextsnkr.com\/et\/wp-json\/wp\/v2\/media?parent=639703"}],"wp:term":[{"taxonomy":"product_brand","embeddable":true,"href":"https:\/\/nextsnkr.com\/et\/wp-json\/wp\/v2\/product_brand?post=639703"},{"taxonomy":"product_cat","embeddable":true,"href":"https:\/\/nextsnkr.com\/et\/wp-json\/wp\/v2\/product_cat?post=639703"},{"taxonomy":"product_tag","embeddable":true,"href":"https:\/\/nextsnkr.com\/et\/wp-json\/wp\/v2\/product_tag?post=639703"}],"curies":[{"name":"wp","href":"https:\/\/api.w.org\/{rel}","templated":true}]}}