{"id":636985,"date":"2025-06-14T19:54:29","date_gmt":"2025-06-14T16:54:29","guid":{"rendered":"https:\/\/nextsnkr.com\/product\/air-jordan-1-low-og-olive-travis-scott\/"},"modified":"2026-01-30T14:38:02","modified_gmt":"2026-01-30T11:38:02","slug":"air-jordan-1-low-og-olive-travis-scott","status":"publish","type":"product","link":"https:\/\/nextsnkr.com\/et\/toode\/air-jordan-1-low-og-olive-travis-scott\/","title":{"rendered":"Air Jordan 1 madala OG Olive Travis Scott tossud-premium nahast tossud"},"content":{"rendered":"<h2>Air Jordan 1 madala OG Olive Travis Scott tossud-premium nahast tossud<\/h2>\n<p>Air Jordan 1 Low og Olive Travis Scott tossud on stiilne ja eksklusiivne mudel linna-ja spordihuvilistele. Valmistatud kvaliteetsest nahast, pakuvad need mugavust, usaldusv\u00e4\u00e4rset jalatuge ja vastupidavust. Oliiviv\u00e4rv koos ikoonilise Travis Scotti kujundusega loob ainulaadse, \u00e4ratuntava v\u00e4limuse, mis t\u00f5stab esile isikup\u00e4ra. Need tossud on ideaalne valik igap\u00e4evaseks kandmiseks ja kollektsion\u00e4\u00e4ridele. Valige Air Jordan 1 Low OG &#8211; segu stiilist, esmaklassilisest kvaliteedist ja trendist.<\/p>\n","protected":false},"excerpt":{"rendered":"<p>Air Jordan 1 Low og Olive Travis Scott tossud on stiilne ja eksklusiivne mudel linna-ja spordihuvilistele. Valmistatud kvaliteetsest nahast, pakuvad need mugavust, usaldusv\u00e4\u00e4rset jalatuge ja vastupidavust. Oliiviv\u00e4rv koos ikoonilise Travis Scotti kujundusega loob ainulaadse, \u00e4ratuntava v\u00e4limuse, mis t\u00f5stab esile isikup\u00e4ra. Need tossud on ideaalne valik igap\u00e4evaseks kandmiseks ja kollektsion\u00e4\u00e4ridele. Valige Air Jordan 1 Low OG &#8211; segu stiilist, esmaklassilisest kvaliteedist ja trendist.<\/p>\n","protected":false},"featured_media":636986,"comment_status":"open","ping_status":"open","template":"","meta":[],"product_brand":[],"product_cat":[3382,3186,3317],"product_tag":[],"class_list":{"0":"post-636985","1":"product","2":"type-product","3":"status-publish","4":"has-post-thumbnail","6":"product_cat-nike-jordan","7":"product_cat-all-product","8":"product_cat-kedy","9":"pa_rozmir-910","10":"pa_rozmir-912","11":"pa_rozmir-914","12":"pa_rozmir-915","13":"pa_rozmir-916","14":"pa_rozmir-917","15":"pa_rozmir-918","16":"pa_rozmir-919","17":"pa_rozmir-920","18":"pa_rozmir-921","19":"pa_rozmir-922","21":"first","22":"instock","23":"purchasable","24":"product-type-variable"},"_links":{"self":[{"href":"https:\/\/nextsnkr.com\/et\/wp-json\/wp\/v2\/product\/636985","targetHints":{"allow":["GET"]}}],"collection":[{"href":"https:\/\/nextsnkr.com\/et\/wp-json\/wp\/v2\/product"}],"about":[{"href":"https:\/\/nextsnkr.com\/et\/wp-json\/wp\/v2\/types\/product"}],"replies":[{"embeddable":true,"href":"https:\/\/nextsnkr.com\/et\/wp-json\/wp\/v2\/comments?post=636985"}],"version-history":[{"count":0,"href":"https:\/\/nextsnkr.com\/et\/wp-json\/wp\/v2\/product\/636985\/revisions"}],"wp:featuredmedia":[{"embeddable":true,"href":"https:\/\/nextsnkr.com\/et\/wp-json\/wp\/v2\/media\/636986"}],"wp:attachment":[{"href":"https:\/\/nextsnkr.com\/et\/wp-json\/wp\/v2\/media?parent=636985"}],"wp:term":[{"taxonomy":"product_brand","embeddable":true,"href":"https:\/\/nextsnkr.com\/et\/wp-json\/wp\/v2\/product_brand?post=636985"},{"taxonomy":"product_cat","embeddable":true,"href":"https:\/\/nextsnkr.com\/et\/wp-json\/wp\/v2\/product_cat?post=636985"},{"taxonomy":"product_tag","embeddable":true,"href":"https:\/\/nextsnkr.com\/et\/wp-json\/wp\/v2\/product_tag?post=636985"}],"curies":[{"name":"wp","href":"https:\/\/api.w.org\/{rel}","templated":true}]}}