{"id":636816,"date":"2025-06-19T23:12:59","date_gmt":"2025-06-19T20:12:59","guid":{"rendered":"https:\/\/nextsnkr.com\/product\/9060-pink-overdye\/"},"modified":"2026-01-30T14:37:57","modified_gmt":"2026-01-30T11:37:57","slug":"9060-pink-overdye","status":"publish","type":"product","link":"https:\/\/nextsnkr.com\/et\/toode\/9060-pink-overdye\/","title":{"rendered":"9060 Pink Overdye tossud seemisnahast ja tekstiilist stiilse v\u00e4ljan\u00e4gemise jaoks"},"content":{"rendered":"<h2>9060 Pink Overdye tossud seemisnahast ja tekstiilist stiilse v\u00e4ljan\u00e4gemise jaoks<\/h2>\n<p>9060 Pink Overdye tossud \u00fchendavad loodusliku seemisnaha ja tekstiili, pakkudes mugavust ja vastupidavust igap\u00e4evaseks kandmiseks. Elav roosa toon lisab teie stiilile modernsust ja isikup\u00e4ra, samas kui kerge tald tagab mugavuse k\u00f5ndimise ajal. Vietnamist p\u00e4rit tootja kasutab kvaliteetseid materjale, mis r\u00f5hutavad br\u00e4ndi esmaklassilist taset. Valige 9060 Pink Overdye moodsate ja praktiliste vabaajajalatsite jaoks.<\/p>\n","protected":false},"excerpt":{"rendered":"<p>9060 Pink Overdye tossud \u00fchendavad loodusliku seemisnaha ja tekstiili, pakkudes mugavust ja vastupidavust igap\u00e4evaseks kandmiseks. Elav roosa toon lisab teie stiilile modernsust ja isikup\u00e4ra, samas kui kerge tald tagab mugavuse k\u00f5ndimise ajal. Vietnamist p\u00e4rit tootja kasutab kvaliteetseid materjale, mis r\u00f5hutavad br\u00e4ndi esmaklassilist taset. Valige 9060 Pink Overdye moodsate ja praktiliste vabaajajalatsite jaoks.<\/p>\n","protected":false},"featured_media":636817,"comment_status":"open","ping_status":"open","template":"","meta":[],"product_brand":[],"product_cat":[3186,3187],"product_tag":[],"class_list":{"0":"post-636816","1":"product","2":"type-product","3":"status-publish","4":"has-post-thumbnail","6":"product_cat-all-product","7":"product_cat-krosivky","8":"pa_rozmir-3188","9":"pa_rozmir-3189","10":"pa_rozmir-3190","11":"pa_rozmir-3191","12":"pa_rozmir-3192","13":"pa_rozmir-3193","14":"pa_rozmir-3194","15":"pa_rozmir-3195","16":"pa_rozmir-3196","17":"pa_rozmir-3197","18":"pa_rozmir-3198","20":"first","21":"onbackorder","22":"purchasable","23":"product-type-variable"},"_links":{"self":[{"href":"https:\/\/nextsnkr.com\/et\/wp-json\/wp\/v2\/product\/636816","targetHints":{"allow":["GET"]}}],"collection":[{"href":"https:\/\/nextsnkr.com\/et\/wp-json\/wp\/v2\/product"}],"about":[{"href":"https:\/\/nextsnkr.com\/et\/wp-json\/wp\/v2\/types\/product"}],"replies":[{"embeddable":true,"href":"https:\/\/nextsnkr.com\/et\/wp-json\/wp\/v2\/comments?post=636816"}],"version-history":[{"count":0,"href":"https:\/\/nextsnkr.com\/et\/wp-json\/wp\/v2\/product\/636816\/revisions"}],"wp:featuredmedia":[{"embeddable":true,"href":"https:\/\/nextsnkr.com\/et\/wp-json\/wp\/v2\/media\/636817"}],"wp:attachment":[{"href":"https:\/\/nextsnkr.com\/et\/wp-json\/wp\/v2\/media?parent=636816"}],"wp:term":[{"taxonomy":"product_brand","embeddable":true,"href":"https:\/\/nextsnkr.com\/et\/wp-json\/wp\/v2\/product_brand?post=636816"},{"taxonomy":"product_cat","embeddable":true,"href":"https:\/\/nextsnkr.com\/et\/wp-json\/wp\/v2\/product_cat?post=636816"},{"taxonomy":"product_tag","embeddable":true,"href":"https:\/\/nextsnkr.com\/et\/wp-json\/wp\/v2\/product_tag?post=636816"}],"curies":[{"name":"wp","href":"https:\/\/api.w.org\/{rel}","templated":true}]}}