{"id":636306,"date":"2025-06-23T08:14:14","date_gmt":"2025-06-23T05:14:14","guid":{"rendered":"https:\/\/nextsnkr.com\/product\/cali\/"},"modified":"2026-01-30T14:37:32","modified_gmt":"2026-01-30T11:37:32","slug":"cali","status":"publish","type":"product","link":"https:\/\/nextsnkr.com\/et\/toode\/cali\/","title":{"rendered":"Cali tossud &#8211; nahast stiilsed tossud igap\u00e4evaseks kandmiseks"},"content":{"rendered":"<h2>Cali tossud &#8211; nahast stiilsed tossud igap\u00e4evaseks kandmiseks<\/h2>\n<p>Stiilsed Cali tossud on valmistatud ehtsast nahast, mis tagab mugavuse, vastupidavuse ja pikaajalise kulumise. Klassikaline disain sobib h\u00f5lpsasti iga igap\u00e4evase v\u00e4ljan\u00e4gemisega ning l\u00e4bim\u00f5eldud tald tagab pehmenduse ja mugavuse aktiivsel p\u00e4eval. Kerge ja vastupidav konstruktsioon muudab tossud ideaalseks valikuks linnas\u00f5iduks, t\u00f6\u00f6ks ja sportimiseks. Ideaalne neile, kes hindavad kvaliteeti, mugavust ja kaasaegset disaini.<\/p>\n","protected":false},"excerpt":{"rendered":"<p>Stiilsed Cali tossud on valmistatud ehtsast nahast, mis tagab mugavuse, vastupidavuse ja pikaajalise kulumise. Klassikaline disain sobib h\u00f5lpsasti iga igap\u00e4evase v\u00e4ljan\u00e4gemisega ning l\u00e4bim\u00f5eldud tald tagab pehmenduse ja mugavuse aktiivsel p\u00e4eval. Kerge ja vastupidav konstruktsioon muudab tossud ideaalseks valikuks linnas\u00f5iduks, t\u00f6\u00f6ks ja sportimiseks. Ideaalne neile, kes hindavad kvaliteeti, mugavust ja kaasaegset disaini.<\/p>\n","protected":false},"featured_media":636307,"comment_status":"open","ping_status":"open","template":"","meta":[],"product_brand":[],"product_cat":[3186,3317],"product_tag":[],"class_list":{"0":"post-636306","1":"product","2":"type-product","3":"status-publish","4":"has-post-thumbnail","6":"product_cat-all-product","7":"product_cat-kedy","8":"pa_rozmir-910","9":"pa_rozmir-912","10":"pa_rozmir-914","11":"pa_rozmir-915","12":"pa_rozmir-916","13":"pa_rozmir-917","14":"pa_rozmir-918","15":"pa_rozmir-919","16":"pa_rozmir-920","17":"pa_rozmir-921","18":"pa_rozmir-922","20":"first","21":"instock","22":"purchasable","23":"product-type-variable"},"_links":{"self":[{"href":"https:\/\/nextsnkr.com\/et\/wp-json\/wp\/v2\/product\/636306","targetHints":{"allow":["GET"]}}],"collection":[{"href":"https:\/\/nextsnkr.com\/et\/wp-json\/wp\/v2\/product"}],"about":[{"href":"https:\/\/nextsnkr.com\/et\/wp-json\/wp\/v2\/types\/product"}],"replies":[{"embeddable":true,"href":"https:\/\/nextsnkr.com\/et\/wp-json\/wp\/v2\/comments?post=636306"}],"version-history":[{"count":0,"href":"https:\/\/nextsnkr.com\/et\/wp-json\/wp\/v2\/product\/636306\/revisions"}],"wp:featuredmedia":[{"embeddable":true,"href":"https:\/\/nextsnkr.com\/et\/wp-json\/wp\/v2\/media\/636307"}],"wp:attachment":[{"href":"https:\/\/nextsnkr.com\/et\/wp-json\/wp\/v2\/media?parent=636306"}],"wp:term":[{"taxonomy":"product_brand","embeddable":true,"href":"https:\/\/nextsnkr.com\/et\/wp-json\/wp\/v2\/product_brand?post=636306"},{"taxonomy":"product_cat","embeddable":true,"href":"https:\/\/nextsnkr.com\/et\/wp-json\/wp\/v2\/product_cat?post=636306"},{"taxonomy":"product_tag","embeddable":true,"href":"https:\/\/nextsnkr.com\/et\/wp-json\/wp\/v2\/product_tag?post=636306"}],"curies":[{"name":"wp","href":"https:\/\/api.w.org\/{rel}","templated":true}]}}