{"id":635966,"date":"2025-06-23T08:15:04","date_gmt":"2025-06-23T05:15:04","guid":{"rendered":"https:\/\/nextsnkr.com\/product\/2002r-sea-salt-cream\/"},"modified":"2026-01-30T14:37:23","modified_gmt":"2026-01-30T11:37:23","slug":"2002r-sea-salt-cream","status":"publish","type":"product","link":"https:\/\/nextsnkr.com\/et\/toode\/2002r-sea-salt-cream\/","title":{"rendered":"Tossud 2002r Sea Salt Cream nahk \/ suede Premium"},"content":{"rendered":"<h2>Tossud 2002r Sea Salt Cream nahk \/ suede Premium<\/h2>\n<p>Stiilsed 2002r Sea Salt Cream tossud \u00fchendavad naha, seemisnaha ja tekstiili, pakkudes mugavust ja vastupidavust. Vietnami tootmine tagab kvaliteedi ja kaasaegse disaini. Mudel sobib ideaalselt igap\u00e4evaseks kandmiseks ja aktiivseks elustiiliks, andes v\u00e4limusele stiili ja elegantsi. Valige 2002r Sea Salt Cream, et r\u00f5hutada oma ainulaadset stiili ja nautida \u00fclimat mugavust.<\/p>\n","protected":false},"excerpt":{"rendered":"<p>Stiilsed 2002r Sea Salt Cream tossud \u00fchendavad naha, seemisnaha ja tekstiili, pakkudes mugavust ja vastupidavust. Vietnami tootmine tagab kvaliteedi ja kaasaegse disaini. Mudel sobib ideaalselt igap\u00e4evaseks kandmiseks ja aktiivseks elustiiliks, andes v\u00e4limusele stiili ja elegantsi. Valige 2002r Sea Salt Cream, et r\u00f5hutada oma ainulaadset stiili ja nautida \u00fclimat mugavust.<\/p>\n","protected":false},"featured_media":635967,"comment_status":"open","ping_status":"open","template":"","meta":[],"product_brand":[],"product_cat":[3186,3187],"product_tag":[],"class_list":{"0":"post-635966","1":"product","2":"type-product","3":"status-publish","4":"has-post-thumbnail","6":"product_cat-all-product","7":"product_cat-krosivky","8":"pa_rozmir-910","9":"pa_rozmir-912","10":"pa_rozmir-914","11":"pa_rozmir-915","12":"pa_rozmir-916","13":"pa_rozmir-917","14":"pa_rozmir-918","15":"pa_rozmir-919","16":"pa_rozmir-920","17":"pa_rozmir-921","18":"pa_rozmir-922","20":"first","21":"instock","22":"purchasable","23":"product-type-variable"},"_links":{"self":[{"href":"https:\/\/nextsnkr.com\/et\/wp-json\/wp\/v2\/product\/635966","targetHints":{"allow":["GET"]}}],"collection":[{"href":"https:\/\/nextsnkr.com\/et\/wp-json\/wp\/v2\/product"}],"about":[{"href":"https:\/\/nextsnkr.com\/et\/wp-json\/wp\/v2\/types\/product"}],"replies":[{"embeddable":true,"href":"https:\/\/nextsnkr.com\/et\/wp-json\/wp\/v2\/comments?post=635966"}],"version-history":[{"count":0,"href":"https:\/\/nextsnkr.com\/et\/wp-json\/wp\/v2\/product\/635966\/revisions"}],"wp:featuredmedia":[{"embeddable":true,"href":"https:\/\/nextsnkr.com\/et\/wp-json\/wp\/v2\/media\/635967"}],"wp:attachment":[{"href":"https:\/\/nextsnkr.com\/et\/wp-json\/wp\/v2\/media?parent=635966"}],"wp:term":[{"taxonomy":"product_brand","embeddable":true,"href":"https:\/\/nextsnkr.com\/et\/wp-json\/wp\/v2\/product_brand?post=635966"},{"taxonomy":"product_cat","embeddable":true,"href":"https:\/\/nextsnkr.com\/et\/wp-json\/wp\/v2\/product_cat?post=635966"},{"taxonomy":"product_tag","embeddable":true,"href":"https:\/\/nextsnkr.com\/et\/wp-json\/wp\/v2\/product_tag?post=635966"}],"curies":[{"name":"wp","href":"https:\/\/api.w.org\/{rel}","templated":true}]}}