{"id":634947,"date":"2025-06-23T08:18:36","date_gmt":"2025-06-23T05:18:36","guid":{"rendered":"https:\/\/nextsnkr.com\/product\/9060-mint-green\/"},"modified":"2026-01-30T14:36:43","modified_gmt":"2026-01-30T11:36:43","slug":"9060-mint-green","status":"publish","type":"product","link":"https:\/\/nextsnkr.com\/et\/toode\/9060-mint-green\/","title":{"rendered":"9060 Mint Green tossud-stiilne seemisnahast Tekstiil igap\u00e4evaseks kandmiseks"},"content":{"rendered":"<h2>9060 Mint Green tossud-stiilne seemisnahast Tekstiil igap\u00e4evaseks kandmiseks<\/h2>\n<p>Kaasaegsed 9060 Mint Green tossud on valmistatud kvaliteetsest seemisnahast ja tekstiilist, et tagada mugavus ja vastupidavus. Ideaalne aktiivseks eluviisiks ja igap\u00e4evaseks kandmiseks. Need seemisnahast ja tekstiilist tossud \u00fchendavad stiilse disaini ja praktilisuse, r\u00f5hutades teie moeilmet ja pakkudes maksimaalset mugavust kogu p\u00e4eva v\u00e4ltel.<\/p>\n","protected":false},"excerpt":{"rendered":"<p>Kaasaegsed 9060 Mint Green tossud on valmistatud kvaliteetsest seemisnahast ja tekstiilist, et tagada mugavus ja vastupidavus. Ideaalne aktiivseks eluviisiks ja igap\u00e4evaseks kandmiseks. Need seemisnahast ja tekstiilist tossud \u00fchendavad stiilse disaini ja praktilisuse, r\u00f5hutades teie moeilmet ja pakkudes maksimaalset mugavust kogu p\u00e4eva v\u00e4ltel.<\/p>\n","protected":false},"featured_media":634948,"comment_status":"open","ping_status":"open","template":"","meta":[],"product_brand":[],"product_cat":[3186,3187],"product_tag":[],"class_list":{"0":"post-634947","1":"product","2":"type-product","3":"status-publish","4":"has-post-thumbnail","6":"product_cat-all-product","7":"product_cat-krosivky","8":"pa_rozmir-910","9":"pa_rozmir-912","10":"pa_rozmir-914","11":"pa_rozmir-915","12":"pa_rozmir-916","13":"pa_rozmir-917","14":"pa_rozmir-918","15":"pa_rozmir-919","16":"pa_rozmir-920","17":"pa_rozmir-921","18":"pa_rozmir-922","20":"first","21":"onbackorder","22":"purchasable","23":"product-type-variable"},"_links":{"self":[{"href":"https:\/\/nextsnkr.com\/et\/wp-json\/wp\/v2\/product\/634947","targetHints":{"allow":["GET"]}}],"collection":[{"href":"https:\/\/nextsnkr.com\/et\/wp-json\/wp\/v2\/product"}],"about":[{"href":"https:\/\/nextsnkr.com\/et\/wp-json\/wp\/v2\/types\/product"}],"replies":[{"embeddable":true,"href":"https:\/\/nextsnkr.com\/et\/wp-json\/wp\/v2\/comments?post=634947"}],"version-history":[{"count":0,"href":"https:\/\/nextsnkr.com\/et\/wp-json\/wp\/v2\/product\/634947\/revisions"}],"wp:featuredmedia":[{"embeddable":true,"href":"https:\/\/nextsnkr.com\/et\/wp-json\/wp\/v2\/media\/634948"}],"wp:attachment":[{"href":"https:\/\/nextsnkr.com\/et\/wp-json\/wp\/v2\/media?parent=634947"}],"wp:term":[{"taxonomy":"product_brand","embeddable":true,"href":"https:\/\/nextsnkr.com\/et\/wp-json\/wp\/v2\/product_brand?post=634947"},{"taxonomy":"product_cat","embeddable":true,"href":"https:\/\/nextsnkr.com\/et\/wp-json\/wp\/v2\/product_cat?post=634947"},{"taxonomy":"product_tag","embeddable":true,"href":"https:\/\/nextsnkr.com\/et\/wp-json\/wp\/v2\/product_tag?post=634947"}],"curies":[{"name":"wp","href":"https:\/\/api.w.org\/{rel}","templated":true}]}}