{"id":634324,"date":"2025-06-14T20:00:59","date_gmt":"2025-06-14T17:00:59","guid":{"rendered":"https:\/\/nextsnkr.com\/product\/leather-tractor-white\/"},"modified":"2026-01-30T14:36:18","modified_gmt":"2026-01-30T11:36:18","slug":"leather-tractor-white","status":"publish","type":"product","link":"https:\/\/nextsnkr.com\/et\/toode\/leather-tractor-white\/","title":{"rendered":"Leather TRACTOR white saapad-naiste nahast talvesaapad"},"content":{"rendered":"<h2>Leather TRACTOR white saapad-naiste nahast talvesaapad<\/h2>\n<p>Leather TRACTOR white saapad on stiilsed ja soojad talvejalatsid, mis on valmistatud ehtsast nahast ja pehmest fliisist. Vastupidav tald tagab stabiilsuse ja mugavuse libedatel ja ebatasastel pindadel, samas kui fliisvooder pakub k\u00fclma ilmaga soojust. Klassikaline valge disain lisab v\u00e4limusele modernsust ja mitmek\u00fclgsust, kombineerituna mis tahes stiiliga. Ideaalne valik igap\u00e4evaseks kasutamiseks, jalutusk\u00e4ikudeks ja aktiivseks puhkuseks talvel.<\/p>\n","protected":false},"excerpt":{"rendered":"<p>Leather TRACTOR white saapad on stiilsed ja soojad talvejalatsid, mis on valmistatud ehtsast nahast ja pehmest fliisist. Vastupidav tald tagab stabiilsuse ja mugavuse libedatel ja ebatasastel pindadel, samas kui fliisvooder pakub k\u00fclma ilmaga soojust. Klassikaline valge disain lisab v\u00e4limusele modernsust ja mitmek\u00fclgsust, kombineerituna mis tahes stiiliga. Ideaalne valik igap\u00e4evaseks kasutamiseks, jalutusk\u00e4ikudeks ja aktiivseks puhkuseks talvel.<\/p>\n","protected":false},"featured_media":634328,"comment_status":"open","ping_status":"open","template":"","meta":[],"product_brand":[],"product_cat":[3186,3330],"product_tag":[],"class_list":{"0":"post-634324","1":"product","2":"type-product","3":"status-publish","4":"has-post-thumbnail","6":"product_cat-all-product","7":"product_cat-cherevyky","8":"pa_rozmir-910","9":"pa_rozmir-912","10":"pa_rozmir-914","11":"pa_rozmir-915","12":"pa_rozmir-916","13":"pa_rozmir-917","14":"pa_rozmir-918","15":"pa_rozmir-919","16":"pa_rozmir-920","17":"pa_rozmir-921","18":"pa_rozmir-922","20":"first","21":"instock","22":"purchasable","23":"product-type-variable"},"_links":{"self":[{"href":"https:\/\/nextsnkr.com\/et\/wp-json\/wp\/v2\/product\/634324","targetHints":{"allow":["GET"]}}],"collection":[{"href":"https:\/\/nextsnkr.com\/et\/wp-json\/wp\/v2\/product"}],"about":[{"href":"https:\/\/nextsnkr.com\/et\/wp-json\/wp\/v2\/types\/product"}],"replies":[{"embeddable":true,"href":"https:\/\/nextsnkr.com\/et\/wp-json\/wp\/v2\/comments?post=634324"}],"version-history":[{"count":0,"href":"https:\/\/nextsnkr.com\/et\/wp-json\/wp\/v2\/product\/634324\/revisions"}],"wp:featuredmedia":[{"embeddable":true,"href":"https:\/\/nextsnkr.com\/et\/wp-json\/wp\/v2\/media\/634328"}],"wp:attachment":[{"href":"https:\/\/nextsnkr.com\/et\/wp-json\/wp\/v2\/media?parent=634324"}],"wp:term":[{"taxonomy":"product_brand","embeddable":true,"href":"https:\/\/nextsnkr.com\/et\/wp-json\/wp\/v2\/product_brand?post=634324"},{"taxonomy":"product_cat","embeddable":true,"href":"https:\/\/nextsnkr.com\/et\/wp-json\/wp\/v2\/product_cat?post=634324"},{"taxonomy":"product_tag","embeddable":true,"href":"https:\/\/nextsnkr.com\/et\/wp-json\/wp\/v2\/product_tag?post=634324"}],"curies":[{"name":"wp","href":"https:\/\/api.w.org\/{rel}","templated":true}]}}