{"id":634267,"date":"2025-06-23T08:20:32","date_gmt":"2025-06-23T05:20:32","guid":{"rendered":"https:\/\/nextsnkr.com\/product\/spezial-beige\/"},"modified":"2026-01-30T14:36:13","modified_gmt":"2026-01-30T11:36:13","slug":"spezial-beige","status":"publish","type":"product","link":"https:\/\/nextsnkr.com\/et\/toode\/spezial-beige\/","title":{"rendered":"Spezial beige seemisnahast tossud stiilse igap\u00e4evase v\u00e4ljan\u00e4gemise jaoks"},"content":{"rendered":"<h2>Spezial beige seemisnahast tossud stiilse igap\u00e4evase v\u00e4ljan\u00e4gemise jaoks<\/h2>\n<p>Tuntud kaubam\u00e4rgi Spezial Spezial beige tossud on valmistatud kvaliteetsest seemisnahast, mis tagab mugavuse ja vastupidavuse. Kerged ja mitmek\u00fclgsed, sobivad ideaalselt igap\u00e4evaseks kandmiseks ja aktiivseks puhkuseks. Kaasaegne Bee\u017e disain lisab elegantsi ja sobib kergesti mis tahes riietumisstiiliga. Valik neile, kes hindavad stiili, mugavust ja esmaklassilist kvaliteeti.<\/p>\n","protected":false},"excerpt":{"rendered":"<p>Tuntud kaubam\u00e4rgi Spezial Spezial beige tossud on valmistatud kvaliteetsest seemisnahast, mis tagab mugavuse ja vastupidavuse. Kerged ja mitmek\u00fclgsed, sobivad ideaalselt igap\u00e4evaseks kandmiseks ja aktiivseks puhkuseks. Kaasaegne Bee\u017e disain lisab elegantsi ja sobib kergesti mis tahes riietumisstiiliga. Valik neile, kes hindavad stiili, mugavust ja esmaklassilist kvaliteeti.<\/p>\n","protected":false},"featured_media":634268,"comment_status":"open","ping_status":"open","template":"","meta":[],"product_brand":[],"product_cat":[3186,3317],"product_tag":[],"class_list":{"0":"post-634267","1":"product","2":"type-product","3":"status-publish","4":"has-post-thumbnail","6":"product_cat-all-product","7":"product_cat-kedy","8":"pa_rozmir-910","9":"pa_rozmir-912","10":"pa_rozmir-914","11":"pa_rozmir-915","12":"pa_rozmir-916","13":"pa_rozmir-917","14":"pa_rozmir-918","15":"pa_rozmir-919","16":"pa_rozmir-920","17":"pa_rozmir-921","18":"pa_rozmir-922","20":"first","21":"instock","22":"purchasable","23":"product-type-variable"},"_links":{"self":[{"href":"https:\/\/nextsnkr.com\/et\/wp-json\/wp\/v2\/product\/634267","targetHints":{"allow":["GET"]}}],"collection":[{"href":"https:\/\/nextsnkr.com\/et\/wp-json\/wp\/v2\/product"}],"about":[{"href":"https:\/\/nextsnkr.com\/et\/wp-json\/wp\/v2\/types\/product"}],"replies":[{"embeddable":true,"href":"https:\/\/nextsnkr.com\/et\/wp-json\/wp\/v2\/comments?post=634267"}],"version-history":[{"count":0,"href":"https:\/\/nextsnkr.com\/et\/wp-json\/wp\/v2\/product\/634267\/revisions"}],"wp:featuredmedia":[{"embeddable":true,"href":"https:\/\/nextsnkr.com\/et\/wp-json\/wp\/v2\/media\/634268"}],"wp:attachment":[{"href":"https:\/\/nextsnkr.com\/et\/wp-json\/wp\/v2\/media?parent=634267"}],"wp:term":[{"taxonomy":"product_brand","embeddable":true,"href":"https:\/\/nextsnkr.com\/et\/wp-json\/wp\/v2\/product_brand?post=634267"},{"taxonomy":"product_cat","embeddable":true,"href":"https:\/\/nextsnkr.com\/et\/wp-json\/wp\/v2\/product_cat?post=634267"},{"taxonomy":"product_tag","embeddable":true,"href":"https:\/\/nextsnkr.com\/et\/wp-json\/wp\/v2\/product_tag?post=634267"}],"curies":[{"name":"wp","href":"https:\/\/api.w.org\/{rel}","templated":true}]}}