{"id":633934,"date":"2025-06-23T08:21:38","date_gmt":"2025-06-23T05:21:38","guid":{"rendered":"https:\/\/nextsnkr.com\/product\/spezial-light-brown\/"},"modified":"2026-01-30T14:36:04","modified_gmt":"2026-01-30T11:36:04","slug":"spezial-light-brown","status":"publish","type":"product","link":"https:\/\/nextsnkr.com\/et\/toode\/spezial-light-brown\/","title":{"rendered":"Spezial Light Brown seemisnahast tossud, stiilsed ja mugavad igap\u00e4evaseks kandmiseks"},"content":{"rendered":"<h2>Spezial Light Brown seemisnahast tossud, stiilsed ja mugavad igap\u00e4evaseks kandmiseks<\/h2>\n<p>Stiilsed Spezial Light Brown tossud on valmistatud kvaliteetsest seemisnahast, mis tagab vastupidavuse ja mugavuse igap\u00e4evaseks kasutamiseks. Mudelit on lihtne kombineerida erinevate v\u00e4limustega, see r\u00f5hutab individuaalset stiili ja tagab mugavuse jalutusk\u00e4ikude v\u00f5i aktiivse puhkuse ajal. Nende tossude valimisel saate segu moest, kvaliteedist ja praktilisusest.<\/p>\n","protected":false},"excerpt":{"rendered":"<p>Stiilsed Spezial Light Brown tossud on valmistatud kvaliteetsest seemisnahast, mis tagab vastupidavuse ja mugavuse igap\u00e4evaseks kasutamiseks. Mudelit on lihtne kombineerida erinevate v\u00e4limustega, see r\u00f5hutab individuaalset stiili ja tagab mugavuse jalutusk\u00e4ikude v\u00f5i aktiivse puhkuse ajal. Nende tossude valimisel saate segu moest, kvaliteedist ja praktilisusest.<\/p>\n","protected":false},"featured_media":633938,"comment_status":"open","ping_status":"open","template":"","meta":[],"product_brand":[],"product_cat":[3186,3317],"product_tag":[],"class_list":{"0":"post-633934","1":"product","2":"type-product","3":"status-publish","4":"has-post-thumbnail","6":"product_cat-all-product","7":"product_cat-kedy","8":"pa_rozmir-910","9":"pa_rozmir-912","10":"pa_rozmir-914","11":"pa_rozmir-915","12":"pa_rozmir-916","13":"pa_rozmir-917","14":"pa_rozmir-918","15":"pa_rozmir-919","16":"pa_rozmir-920","17":"pa_rozmir-921","18":"pa_rozmir-922","20":"first","21":"instock","22":"purchasable","23":"product-type-variable"},"_links":{"self":[{"href":"https:\/\/nextsnkr.com\/et\/wp-json\/wp\/v2\/product\/633934","targetHints":{"allow":["GET"]}}],"collection":[{"href":"https:\/\/nextsnkr.com\/et\/wp-json\/wp\/v2\/product"}],"about":[{"href":"https:\/\/nextsnkr.com\/et\/wp-json\/wp\/v2\/types\/product"}],"replies":[{"embeddable":true,"href":"https:\/\/nextsnkr.com\/et\/wp-json\/wp\/v2\/comments?post=633934"}],"version-history":[{"count":0,"href":"https:\/\/nextsnkr.com\/et\/wp-json\/wp\/v2\/product\/633934\/revisions"}],"wp:featuredmedia":[{"embeddable":true,"href":"https:\/\/nextsnkr.com\/et\/wp-json\/wp\/v2\/media\/633938"}],"wp:attachment":[{"href":"https:\/\/nextsnkr.com\/et\/wp-json\/wp\/v2\/media?parent=633934"}],"wp:term":[{"taxonomy":"product_brand","embeddable":true,"href":"https:\/\/nextsnkr.com\/et\/wp-json\/wp\/v2\/product_brand?post=633934"},{"taxonomy":"product_cat","embeddable":true,"href":"https:\/\/nextsnkr.com\/et\/wp-json\/wp\/v2\/product_cat?post=633934"},{"taxonomy":"product_tag","embeddable":true,"href":"https:\/\/nextsnkr.com\/et\/wp-json\/wp\/v2\/product_tag?post=633934"}],"curies":[{"name":"wp","href":"https:\/\/api.w.org\/{rel}","templated":true}]}}